{"id":18,"date":"2012-03-05T18:40:00","date_gmt":"2012-03-05T17:40:00","guid":{"rendered":"http:\/\/johannasmiatek.com\/new\/?page_id=18"},"modified":"2025-05-14T13:14:35","modified_gmt":"2025-05-14T11:14:35","slug":"bibliografie","status":"publish","type":"page","link":"https:\/\/www.johannasmiatek.com\/en\/bibliografie\/","title":{"rendered":"Bibliography"},"content":{"rendered":"<p><\/p>\n<table border=\"0\" cellspacing=\"0\" cellpadding=\"0\">\n<tbody>\n<tr>\n<td colspan=\"2\">(selection since 2007)<\/td>\n<\/tr>\n<tr>\n<td>2021<\/td>\n<td><strong>Zagreus Projekt, 2000-2020<\/strong>, Ed. Ulrich Krauss, Zagreus Projekt, Berlin<\/td>\n<\/tr>\n<tr style=\"vertical-align: top;\">\n<td width=\"200px\">2016<\/td>\n<td><a href=\"http:\/\/www.artistbooks.de\/\" target=\"_blank\" rel=\"noopener\"><strong>museum FLUXUS+ atrium, Temporary Exhibitions 2008-2016<\/strong>, Ed. Heinrich Liman \/ Pia Nimpsch, museum FLUXUS+, Potsdam 2016 (exhibition catalogue)<\/a><br \/>\n<a href=\"https:\/\/www.salon-verlag.de\/book\/flugfische-und-seepferdchen\/\" target=\"_blank\" rel=\"noopener\"><strong>Seepferdchen und Flugfische,<\/strong> Ed. Dr. Oliver Kornhoff, ARP Museum Bahnhof Rolandseck, Salon Verlag K\u00f6ln 2016 (exhibition catalogue)<\/a><\/td>\n<\/tr>\n<tr style=\"vertical-align: top;\">\n<td width=\"200px\">2014<\/td>\n<td><a href=\"http:\/\/www.semjoncontemporary.com\" target=\"_blank\" rel=\"noopener\"><strong>Dear Artist, draw for me! Part 1: abstraction, concretion, notation and structure<\/strong>, Ed. Semjon Contemporary &#8211; Gallery for contemporary art, Berlin<\/a><\/td>\n<\/tr>\n<tr style=\"vertical-align: top;\">\n<td width=\"200px\">2013<\/td>\n<td><a href=\"https:\/\/www.kerberverlag.com\/en\/macht-wahn-vision.html?___from_store=de\" target=\"_blank\" rel=\"noopener\"><strong>POWER.DELUSION.VISION.<\/strong> The tower and urban giants in sculpture, Kerber Verlag, Bielefeld 2013<\/a><\/td>\n<\/tr>\n<tr>\n<td width=\"200px\">2012<\/td>\n<td><a href=\"http:\/\/www.snoeck.de\/book\/146\/Der-Spiegel-des-Narziss\" target=\"_blank\" rel=\"noopener\"><strong>THE MIRROR OF NARCISSUS. From Mythological Demigod to Mass Phenomenon.<\/strong> Ed. Beate Ermacora, Maren Welsch, Snoeck Verlag, K\u00f6ln 2012 (Exhibition catalogue)<\/a><br \/>\n<strong>Salon Salder<\/strong>, Ed. Art Collection Museum Castle Salder, 2012 (Exhibition catalogue)<\/td>\n<\/tr>\n<tr>\n<td width=\"200px\">2011<\/td>\n<td><a href=\"http:\/\/www.hatjecantz.de\/controller.php?cmd=detail&amp;titzif=00002805&amp;lang=en\" target=\"_blank\" rel=\"noopener\"><strong>UNSCHARF. Nach Gerhard Richter<\/strong>. Hatje Cantz Verlag. Ostfildern 2011 (Exhibition catalogue)<\/a><\/td>\n<\/tr>\n<tr>\n<td>2010<\/td>\n<td><a href=\"http:\/\/www.verlag-hans-schiler.de\/index.php?title=Arvid+Boellert+%3A+XVII.+Rohkunstbau%3A+Atlantis+II&amp;art_no=M0306&amp;language=en\" target=\"_blank\" rel=\"noopener\"><strong>XVII. Rohkunstbau, Atlantis II &#8211; Hidden Histories &#8211; Imagined Identities<\/strong><\/a>. Ed. Arvid Boellert. Berlin 2010 (Exhibition catalogue)<br \/>\n<a href=\"https:\/\/www.kunstforum.de\/artikel\/rohkunstbau-xvii\/\" target=\"_blank\" rel=\"noopener\"><strong>Kunstforum International<\/strong>, Vol. 204. Rohkunstbau XVII. By Matthias Reichelt<\/a><\/td>\n<\/tr>\n<tr>\n<td>2009<\/td>\n<td><a href=\"http:\/\/www.wienand-koeln.de\/titel\/Romantische-Maschinen-Kinetische-Kunst-der-Gegenwart.asp\" target=\"_blank\" rel=\"noopener\"><strong>Romantische Maschinen. Kinetische Kunst der Gegenwart<\/strong>. Ed. Marc Wellmann. Wienand Verlag K\u00f6ln 2009 (Exhibition catalogue)<\/a><br \/>\n<a href=\"https:\/\/www.kunstforum.de\/artikel\/romantische-maschinen\/\" target=\"_blank\" rel=\"noopener\"><strong>Kunstforum International<\/strong>, Vol. 199. Romantische Maschinen. By Johannes Wendland<\/a><br \/>\n<a href=\"https:\/\/www.kehrerverlag.com\/en\/johanna-smiatek-don-t-touch-978-3-86828-094-4?___from_store=de\" target=\"_blank\" rel=\"noopener\"><strong>Don\u00b4t Touch, Johanna Smiatek.<\/strong> Ed. Heinz-G\u00fcnter Herpel, Kunstpunkt Berlin, Galerie f\u00fcr aktuelle Kunst. Kehrer Verlag Heidelberg 2009<\/a><br \/>\n<strong>22. Stuttgarter Filmwinter<\/strong>, Stuttgart<\/td>\n<\/tr>\n<tr>\n<td>2008<\/td>\n<td><strong>5. Berliner Kunstsalon<\/strong><\/td>\n<\/tr>\n<tr>\n<td>2007<\/td>\n<td><strong>4. Berliner Kunstsalon<\/strong><\/td>\n<\/tr>\n<tr>\n<td nowrap=\"nowrap\">&nbsp;<\/td>\n<td>&nbsp;<\/td>\n<\/tr>\n<tr>\n<td colspan=\"2\">press (selection since 2008)<\/td>\n<\/tr>\n<tr style=\"vertical-align: top;\">\n<td width=\"200px\">2025<\/td>\n<td><a href=\"https:\/\/www.haz.de\/kultur\/regional\/johanna-smiateks-kunst-bei-feinkunst-in-hannover-RPZYHOS5T5EOHDZLNCLRVESKFI.html\" target=\"_blank\" rel=\"noopener\">Hannoversche Allgemeine Zeitung, Henning Queren: <strong>Johanna Smiatek presents &#8220;Parallel Universes&#8221; at feinkunst<\/strong>, 10.05.2025<\/a><br \/>\nHenning Queren: <strong>Sound Balls in the Hall of Mirrors<\/strong>, HAZ, 10.05.2025<\/td>\n<\/tr>\n<tr style=\"vertical-align: top;\">\n<td width=\"200px\">2023<\/td>\n<td><a href=\"https:\/\/www.rbb-online.de\/rbbkultur\/radio\/programm\/schema\/sendungen\/die_alltagsfeministinnen\/archiv\/20230430_1700.html\" target=\"_blank\" rel=\"noopener\">rbb Kulturradio Berlin, Michaela Gericke: <strong>Alltagsfeministinnen (Daily Feminists)<\/strong>, 30.04.2023<\/a><br \/>\nHendrik Suntken: <strong>Creativity in all of its forms \u2013 New exhibition at the art hall<\/strong>, NWZ, 03.03.2023<\/td>\n<\/tr>\n<tr style=\"vertical-align: top;\">\n<td width=\"200px\">2021<\/td>\n<td><a href=\"https:\/\/tvthek.orf.at\/profile\/Kultur-Heute\/3078759\/Kultur-Heute\/14116370\/Transformations-im-Wiener-Kuenstlerhaus\/15053642\" target=\"_blank\" rel=\"noopener\">ORF, TV report, Culture Today: <strong>Transformations at the Vienna K\u00fcnstlerhaus<\/strong>, 10.12.2021<\/a><br \/>\n<a href=\"https:\/\/orf.at\/stories\/3239594\/\" target=\"_blank\" rel=\"noopener\">Gerald Heidegger: <strong>UNWANTED SECRET SHOW &#8211; A border crossing with our perception<\/strong>, ORF.at, 11.12.2021<\/a><\/td>\n<\/tr>\n<tr style=\"vertical-align: top;\">\n<td width=\"200px\">2020<\/td>\n<td><a href=\"https:\/\/www.badische-zeitung.de\/schoener-schein-und-bittere-wahrheit\" target=\"_blank\" rel=\"noopener\">Roswitha Frey: <strong>Sch\u00f6ner Schein und bittere Wahrheit<\/strong>, Badische Zeitung, 03.03.2020<\/a><br \/>\n<a href=\"https:\/\/www.suedkurier.de\/region\/hochrhein\/bad-saeckingen\/Das-Schoenheitsbild-der-Frau-ergruendet-die-aktuelle-Ausstellung-in-der-Villa-Berberich-in-Bad-Saeckingen;art372588,10458373\" target=\"_blank\" rel=\"noopener\">J\u00fcrgen Scharf: <strong>Das Sch\u00f6nheitsbild der Frau &#8230; <\/strong>, S\u00fcdkurier, 02.03.2020<\/a><\/td>\n<\/tr>\n<tr style=\"vertical-align: top;\">\n<td width=\"200px\">2019<\/td>\n<td><a href=\"https:\/\/theworldnews.net\/de-news\/der-melodymat-im-oktogon-und-andere-salon-inspirationen\" target=\"_blank\" rel=\"noopener\">Ingvil Schirling: <strong>Der Melodymat im Oktogon und andere Salon-Inspirationen<\/strong>, Worldnews Online, 25.08.2019<\/a><br \/>\nAnja Kabisch \u00fcber die Kulturfestspiele auf Schlo\u00df Neuhaus, rbb Rundfunk, Antenne Brandenburg, 23.08.2019<\/td>\n<\/tr>\n<tr style=\"vertical-align: top;\">\n<td width=\"200px\">2018<\/td>\n<td><a href=\"http:\/\/blogs.taz.de\/schroederkalender\/2018\/09\/04\/schoenheit-und-moral\/\" target=\"_blank\" rel=\"noopener\">Barbara Kalender, J\u00f6rg Schr\u00f6der: <strong>Sch\u00f6nheit und Moral.<\/strong> In: taz.blogs, 04.09.2018<\/a><\/td>\n<\/tr>\n<tr style=\"vertical-align: top;\">\n<td width=\"200px\">2017<\/td>\n<td><a href=\"http:\/\/blogs.taz.de\/schroederkalender\/2017\/07\/13\/seifenblasen-des-gluecks\/\" target=\"_blank\" rel=\"noopener\">Barbara Kalender, J\u00f6rg Schr\u00f6der: <strong>Seifenblasen des Gl\u00fccks.<\/strong> In: taz.blogs, 13.07.2017<\/a><\/td>\n<\/tr>\n<tr style=\"vertical-align: top;\">\n<td width=\"200px\">2016<\/td>\n<td><a href=\"http:\/\/www.tagesspiegel.de\/kultur\/ausstellung-ueber-liebe-tatsaechlich-pheromone\/14525844.html\" target=\"_blank\" rel=\"noopener\">Giacomo Maihofer: <strong>Tats\u00e4chlich\u2026Pheromone<\/strong>, Tagesspiegel Berlin online, 12.09.2016<\/a><br \/>\nGiacomo Maihofer: <strong>Liebesluft: Johanna Smiateks Arbeiten im Projektraum rosalux<\/strong>, Tagesspiegel Berlin, 10.09.2016<br \/>\nrbb Kulturradio Berlin, KULTUR AKTUELL, 27.08.2016, Michaela Gericke: <strong>&#8220;MOST WANTED \u2013 hier finden Sie das Gl\u00fcck&#8221; \u2013 Johanna Smiatek bei Rosalux<\/strong><br \/>\nWith her artistic practice Johanna Smiatek questions the promise of happiness made by mass media. She has built a &#8220;Love Machine&#8221; that promises a moment of happiness to every visitor.<br \/>\nMichaela Gericke has viewed the exhibition &#8220;MOST WANTED \u2013 You may find happiness here&#8221;.<br \/>\n<a href=\"http:\/\/www.pirmasenser-zeitung.de\/nachrichten\/detail\/wie-kuenstler-dada-sehen\/\" target=\"_blank\" rel=\"noopener\"><strong>Wie K\u00fcnstler Dada sehen: \u201eSeepferdchen und Flugfische\u201c \u2013 Dada-Ausstellung im Jubil\u00e4umsjahr<\/strong>, Pirmasenser Zeitung, 15.09.2016<\/a><br \/>\n<a href=\"http:\/\/www.kunst-am-mittelrhein.de\/index.php\/archiv\/73-genese-dada\" target=\"_blank\" rel=\"noopener\">Anna Gesher: <strong>Genese Dada<\/strong>, In: Kunst am Mittelrhein (Online Journal f\u00fcr Kunst), 29. M\u00e4rz 2016<\/a>Hildegard Ginster: <strong>ARP Museum: Seepferdchen und Flugfische<\/strong> (Seahorses and Flying Fish), In: Blick aktuell, 05. M\u00e4rz 2016<br \/>\n<a href=\"http:\/\/swrmediathek.de\/player.htm?show=243b4ec0-d809-11e5-bccf-0026b975e0ea\" target=\"_blank\" rel=\"noopener\">SWR Fernsehbericht: Landesart vom 20. Februar 2016<\/a><img loading=\"lazy\" decoding=\"async\" title=\"Arp_movie\" src=\"http:\/\/www.johannasmiatek.com\/wp-content\/uploads\/Arp_movie.jpg\" alt=\"\" width=\"227\" height=\"142\"\/><\/p>\n<p style=\"margin-top: -1em; font-size: 100%;\">Eyleen Beetlewood: <strong>Must-have, Johanna Smiatek im Museum Fluxus+<\/strong>, Friedrich, Januar 2016<br \/>\nBrigitte Geiselhart: <strong>Alles eine Frage des Blickwinkels<\/strong>, In: S\u00fcdkurier, 02. Januar 2016<\/p>\n<\/td>\n<\/tr>\n<tr style=\"vertical-align: top;\">\n<td width=\"200px\">2015<\/td>\n<td>Ulrike Bletzer: <strong>K\u00fcnstler zeigen Fingerfertigkeit in Balmoral<\/strong>, Rhein-Lahn-Zeitung, 14.12.2015<br \/>\nSWR Fernsehbericht: <strong>Dada in Schloss Balmoral<\/strong>, 11. Dezember 2015<div id=\"wpfp_6bcf0522424a71a0ce401eb1fabe8ec7\" data-item=\"{&quot;sources&quot;:[{&quot;src&quot;:&quot;http:\\\/\\\/www.johannasmiatek.com\\\/wp-content\\\/uploads\\\/Balmoral.mp4&quot;,&quot;type&quot;:&quot;video\\\/mp4&quot;}],&quot;splash&quot;:&quot;http:\\\/\\\/www.johannasmiatek.com\\\/wp-content\\\/uploads\\\/Goldnuggets_Klein-1.jpg&quot;}\" class=\"flowplayer no-brand is-splash is-paused skin-slim no-svg fp-slim fp-edgy\" style=\"position:relative; max-width: 240px; max-height: 135px; \" data-ratio=\"0.5625\" data-advance=\"false\">\n\t<div class=\"fp-ratio\" style=\"padding-top: 56.25%\"><\/div>\n\t<img decoding=\"async\" class=\"fp-splash\" alt=\"video\" src=\"http:\/\/www.johannasmiatek.com\/wp-content\/uploads\/Goldnuggets_Klein-1.jpg\" style=\"position:absolute;top:0;width:100%\" \/>\n\t<div class=\"fp-ui\"><noscript>Please enable JavaScript<\/noscript><div class=\"fp-play fp-visible\"><svg class=\"fp-play-sharp-fill\" xmlns=\"http:\/\/www.w3.org\/2000\/svg\" viewBox=\"0 0 100 100\"><defs><style>.fp-color-play{opacity:0.65;}.controlbutton{fill:#fff;}<\/style><\/defs><title>play-sharp-fill<\/title><path class=\"fp-color-play\" d=\"M49.9217-.078a50,50,0,1,0,50,50A50.0564,50.0564,0,0,0,49.9217-.078Z\"\/><polygon class=\"controlbutton\" points=\"73.601 50 37.968 70.573 37.968 29.427 73.601 50\" filter=\"url(#f1)\"\/><\/svg><\/div><div class=\"fp-preload\"><b><\/b><b><\/b><b><\/b><b><\/b><\/div><\/div>\n\n<\/div>\n<\/td>\n<\/tr>\n<tr style=\"vertical-align: top;\">\n<td width=\"200px\">2014<\/td>\n<td><a href=\"http:\/\/www.tagesspiegel.de\/kultur\/ausstellung-rapunzel-undco-bei-bonn-von-babylon-nach-ground-zero\/10241444.html\" target=\"_blank\" rel=\"noopener\">Ulla F\u00f6lsing: <strong>Von Babylon nach Ground Zero<\/strong> (From Babylon to Ground Zero), In: Tagesspiegel Berlin, 24.07.2014<\/a><br \/>\nLea Rieck: <strong>Von Babel bis New York<\/strong> (From Babel to New York), In: Architectual Digest, 31.01.2014<\/td>\n<\/tr>\n<tr style=\"vertical-align: top;\">\n<td width=\"200px\">2013<\/td>\n<td>Franziska Hof: <strong>Macht. Wahn. Vision.<\/strong> (Power. Delusion. Vision), Heilbronner Stadtzeitung, 31.10.2013<br \/>\n<a href=\"http:\/\/www.kunstmarkt.com\/pagesmag\/kunst\/_id301083-\/news_detail.html?_q=%20\" target=\"_blank\" rel=\"noopener\">Kira Graser: <strong>Macht, Wahn und Vision in Heilbronn <\/strong>(Power, Delusion and Vision in Heilbronn), kunstmarkt.com, 29.10.2013<\/a><br \/>\nKatja Schlonski: <strong>&#8220;T\u00fcrme als Symbol der Macht&#8221;<\/strong>, SWR, 25.10.2013<br \/>\nFlux FM, radio transmission &#8220;Radio Arty&#8221;: 08. August 2013<br \/>\nRADIO TRANSMISSION about the exhibition &#8220;Schau Fenster Schau&#8221;, Berlin<\/td>\n<\/tr>\n<tr style=\"vertical-align: top;\">\n<td>2012<\/td>\n<td><a href=\"http:\/\/www.tt.com\/\u00dcberblick\/5783026-42\/viel-zu-sch\u00f6n-f\u00fcr-diese-welt.csp\" target=\"_blank\" rel=\"noopener\">Ivona Jelcic: <strong>Too beautiful for this world<\/strong>, Tiroler daily newspaper, Austria, 30th November 2012<\/a><br \/>\nORF Austrian TV report, 29.11.2012:<div id=\"wpfp_d6f53254e83ddee65361c302ab0c94b8\" data-item=\"{&quot;sources&quot;:[{&quot;src&quot;:&quot;http:\\\/\\\/johannasmiatek.com\\\/wp-content\\\/uploads\\\/TV_Austria.mp4&quot;,&quot;type&quot;:&quot;video\\\/mp4&quot;}],&quot;splash&quot;:&quot;http:\\\/\\\/johannasmiatek.com\\\/wp-content\\\/uploads\\\/tv.jpg&quot;}\" class=\"flowplayer no-brand is-splash is-paused skin-slim no-svg fp-slim fp-edgy\" style=\"position:relative; max-width: 50%; max-height: 100%; \" data-ratio=\"0.5625\" data-advance=\"false\">\n\t<div class=\"fp-ratio\" style=\"padding-top: 56.25%\"><\/div>\n\t<img decoding=\"async\" class=\"fp-splash\" alt=\"video\" src=\"http:\/\/johannasmiatek.com\/wp-content\/uploads\/tv.jpg\" style=\"position:absolute;top:0;width:100%\" \/>\n\t<div class=\"fp-ui\"><noscript>Please enable JavaScript<\/noscript><div class=\"fp-play fp-visible\"><svg class=\"fp-play-sharp-fill\" xmlns=\"http:\/\/www.w3.org\/2000\/svg\" viewBox=\"0 0 100 100\"><defs><style>.fp-color-play{opacity:0.65;}.controlbutton{fill:#fff;}<\/style><\/defs><title>play-sharp-fill<\/title><path class=\"fp-color-play\" d=\"M49.9217-.078a50,50,0,1,0,50,50A50.0564,50.0564,0,0,0,49.9217-.078Z\"\/><polygon class=\"controlbutton\" points=\"73.601 50 37.968 70.573 37.968 29.427 73.601 50\" filter=\"url(#f1)\"\/><\/svg><\/div><div class=\"fp-preload\"><b><\/b><b><\/b><b><\/b><b><\/b><\/div><\/div>\n\n<\/div>\n<\/td>\n<\/tr>\n<tr>\n<td>2010<\/td>\n<td><a href=\"http:\/\/www.kunstforum.de\/login.aspx?ReturnUrl=%2fintern%2fartikel.aspx%3fa%3d204504%26z%3dlex%26page%3d&amp;a=204504&amp;z=lex&amp;page=\" target=\"_blank\" rel=\"noopener\"><strong>Kunstforum International<\/strong>, Vol. 204. Rohkunstbau XVII. By Matthias Reichelt<\/a><\/td>\n<\/tr>\n<tr>\n<td>2009<\/td>\n<td><a href=\"http:\/\/www.kunstforum.de\/login.aspx?ReturnUrl=%2fintern%2fartikel.aspx%3fz%3div%26a%3d199508%26li%3di&amp;z=iv&amp;a=199508&amp;li=i\" target=\"_blank\" rel=\"noopener\"><strong>Kunstforum International<\/strong>, Vol. 199. Romantische Maschinen. By Johannes Wendland<\/a><\/td>\n<\/tr>\n<tr>\n<td>2008<\/td>\n<td><a href=\"http:\/\/www.tagesspiegel.de\/kultur\/subjektive-selbstvermessung\/1825230.html\" target=\"_blank\" rel=\"noopener\">Thea Herold: Subjektive Selbstvermessung. In: <strong>Tagesspiegel Berlin<\/strong>, 14.06.2008<\/a><br \/>\n<a href=\"http:\/\/blogs.taz.de\/schroederkalender\/2008\/06\/10\/gute-kunst-2\/\" target=\"_blank\" rel=\"noopener\">Barbara Kalender, J\u00f6rg Schr\u00f6der: Gute Kunst. In<strong>: blogs.taz.de<\/strong>, 10.06.2008<\/a><\/td>\n<\/tr>\n<\/tbody>\n<\/table>\n<p><\/p>","protected":false},"excerpt":{"rendered":"<\/p>\n<p>(selection since 2007)<\/p>\n<p>2021<br \/>\n<strong>Zagreus Projekt, 2000-2020<\/strong>, Ed. Ulrich Krauss, Zagreus Projekt, Berlin<\/p>\n<p>2016<br \/>\n<a href=\"http:\/\/www.artistbooks.de\/\" target=\"_blank\" rel=\"noopener\"><strong>museum FLUXUS+ atrium, Temporary Exhibitions 2008-2016<\/strong>, Ed. Heinrich Liman \/ Pia Nimpsch, museum FLUXUS+, Potsdam 2016 (exhibition catalogue)<\/a><br \/>\n<a href=\"https:\/\/www.salon-verlag.de\/book\/flugfische-und-seepferdchen\/\" target=\"_blank\" rel=\"noopener\"><strong>Seepferdchen und Flugfische,<\/strong><\/a><span class=\"ellipsis\">&hellip;<\/span><\/p>\n<div class=\"read-more\"><a href=\"https:\/\/www.johannasmiatek.com\/en\/bibliografie\/\">Read more &#8250;<\/a><\/div>\n<p><!-- end of .read-more --><\/p>\n","protected":false},"author":4,"featured_media":1291,"parent":0,"menu_order":4,"comment_status":"closed","ping_status":"open","template":"full-width-page.php","meta":{"ngg_post_thumbnail":0,"footnotes":""},"_links":{"self":[{"href":"https:\/\/www.johannasmiatek.com\/en\/wp-json\/wp\/v2\/pages\/18"}],"collection":[{"href":"https:\/\/www.johannasmiatek.com\/en\/wp-json\/wp\/v2\/pages"}],"about":[{"href":"https:\/\/www.johannasmiatek.com\/en\/wp-json\/wp\/v2\/types\/page"}],"author":[{"embeddable":true,"href":"https:\/\/www.johannasmiatek.com\/en\/wp-json\/wp\/v2\/users\/4"}],"replies":[{"embeddable":true,"href":"https:\/\/www.johannasmiatek.com\/en\/wp-json\/wp\/v2\/comments?post=18"}],"version-history":[{"count":238,"href":"https:\/\/www.johannasmiatek.com\/en\/wp-json\/wp\/v2\/pages\/18\/revisions"}],"predecessor-version":[{"id":3891,"href":"https:\/\/www.johannasmiatek.com\/en\/wp-json\/wp\/v2\/pages\/18\/revisions\/3891"}],"wp:featuredmedia":[{"embeddable":true,"href":"https:\/\/www.johannasmiatek.com\/en\/wp-json\/wp\/v2\/media\/1291"}],"wp:attachment":[{"href":"https:\/\/www.johannasmiatek.com\/en\/wp-json\/wp\/v2\/media?parent=18"}],"curies":[{"name":"wp","href":"https:\/\/api.w.org\/{rel}","templated":true}]}}