{"id":680,"date":"2012-09-29T13:53:21","date_gmt":"2012-09-29T11:53:21","guid":{"rendered":"http:\/\/www.johannasmiatek.com\/?page_id=680"},"modified":"2019-11-05T22:30:35","modified_gmt":"2019-11-05T21:30:35","slug":"german-experiences","status":"publish","type":"page","link":"https:\/\/www.johannasmiatek.com\/de\/arbeiten\/german-experiences\/","title":{"rendered":"German Experiences"},"content":{"rendered":"<p><!-- index.php -->\n<div\n\tclass=\"ngg-galleryoverview\n\t ngg-ajax-pagination-none\t\"\n\tid=\"ngg-gallery-2c495891d11300500b422de22e2848ca-1\">\n\n\t\t\t<!-- Thumbnails -->\n\t\t\t\t<div id=\"ngg-image-0\" class=\"ngg-gallery-thumbnail-box\" \n\t\t\t\t\t\t\t\t\t\t\t>\n\t\t\t\t\t\t<div class=\"ngg-gallery-thumbnail\">\n\t\t\t<a href=\"https:\/\/www.johannasmiatek.com\/wp-content\/gallery\/german-experiences\/gex_0031.jpg\"\n\t\t\t\ttitle=\"German Experiences, 2012\"\n\t\t\t\tdata-src=\"https:\/\/www.johannasmiatek.com\/wp-content\/gallery\/german-experiences\/gex_0031.jpg\"\n\t\t\t\tdata-thumbnail=\"https:\/\/www.johannasmiatek.com\/wp-content\/gallery\/german-experiences\/thumbs\/thumbs_gex_0031.jpg\"\n\t\t\t\tdata-image-id=\"280\"\n\t\t\t\tdata-title=\"German Experiences, 2012\"\n\t\t\t\tdata-description=\"German Experiences, 2012\"\n\t\t\t\tdata-image-slug=\"german-experiences-2012\"\n\t\t\t\tclass=\"ngg-simplelightbox\" rel=\"2c495891d11300500b422de22e2848ca\">\n\t\t\t\t<img\n\t\t\t\t\ttitle=\"German Experiences, 2012\"\n\t\t\t\t\talt=\"German Experiences, 2012\"\n\t\t\t\t\tsrc=\"https:\/\/www.johannasmiatek.com\/wp-content\/gallery\/german-experiences\/thumbs\/thumbs_gex_0031.jpg\"\n\t\t\t\t\twidth=\"133\"\n\t\t\t\t\theight=\"200\"\n\t\t\t\t\tstyle=\"max-width:100%;\"\n\t\t\t\t\/>\n\t\t\t<\/a>\n\t\t<\/div>\n\t\t\t\t\t\t\t<\/div> \n\t\t\t\n\t\t\n\t\t\t\t<div id=\"ngg-image-1\" class=\"ngg-gallery-thumbnail-box\" \n\t\t\t\t\t\t\t\t\t\t\t>\n\t\t\t\t\t\t<div class=\"ngg-gallery-thumbnail\">\n\t\t\t<a href=\"https:\/\/www.johannasmiatek.com\/wp-content\/gallery\/german-experiences\/gex_0063.jpg\"\n\t\t\t\ttitle=\"German Experiences, 2012\"\n\t\t\t\tdata-src=\"https:\/\/www.johannasmiatek.com\/wp-content\/gallery\/german-experiences\/gex_0063.jpg\"\n\t\t\t\tdata-thumbnail=\"https:\/\/www.johannasmiatek.com\/wp-content\/gallery\/german-experiences\/thumbs\/thumbs_gex_0063.jpg\"\n\t\t\t\tdata-image-id=\"281\"\n\t\t\t\tdata-title=\"German Experiences, 2012\"\n\t\t\t\tdata-description=\"German Experiences, 2012\"\n\t\t\t\tdata-image-slug=\"german-experiences-2012-2\"\n\t\t\t\tclass=\"ngg-simplelightbox\" rel=\"2c495891d11300500b422de22e2848ca\">\n\t\t\t\t<img\n\t\t\t\t\ttitle=\"German Experiences, 2012\"\n\t\t\t\t\talt=\"German Experiences, 2012\"\n\t\t\t\t\tsrc=\"https:\/\/www.johannasmiatek.com\/wp-content\/gallery\/german-experiences\/thumbs\/thumbs_gex_0063.jpg\"\n\t\t\t\t\twidth=\"298\"\n\t\t\t\t\theight=\"200\"\n\t\t\t\t\tstyle=\"max-width:100%;\"\n\t\t\t\t\/>\n\t\t\t<\/a>\n\t\t<\/div>\n\t\t\t\t\t\t\t<\/div> \n\t\t\t\n\t\t\n\t\t\t\t<div id=\"ngg-image-2\" class=\"ngg-gallery-thumbnail-box\" \n\t\t\t\t\t\t\t\t\t\t\t>\n\t\t\t\t\t\t<div class=\"ngg-gallery-thumbnail\">\n\t\t\t<a href=\"https:\/\/www.johannasmiatek.com\/wp-content\/gallery\/german-experiences\/gex_0089.jpg\"\n\t\t\t\ttitle=\"German Experiences, 2012 - Spiegel vibrierend\"\n\t\t\t\tdata-src=\"https:\/\/www.johannasmiatek.com\/wp-content\/gallery\/german-experiences\/gex_0089.jpg\"\n\t\t\t\tdata-thumbnail=\"https:\/\/www.johannasmiatek.com\/wp-content\/gallery\/german-experiences\/thumbs\/thumbs_gex_0089.jpg\"\n\t\t\t\tdata-image-id=\"283\"\n\t\t\t\tdata-title=\"German Experiences, 2012\"\n\t\t\t\tdata-description=\"German Experiences, 2012 - Spiegel vibrierend\"\n\t\t\t\tdata-image-slug=\"german-experiences-2012-3\"\n\t\t\t\tclass=\"ngg-simplelightbox\" rel=\"2c495891d11300500b422de22e2848ca\">\n\t\t\t\t<img\n\t\t\t\t\ttitle=\"German Experiences, 2012\"\n\t\t\t\t\talt=\"German Experiences, 2012\"\n\t\t\t\t\tsrc=\"https:\/\/www.johannasmiatek.com\/wp-content\/gallery\/german-experiences\/thumbs\/thumbs_gex_0089.jpg\"\n\t\t\t\t\twidth=\"298\"\n\t\t\t\t\theight=\"200\"\n\t\t\t\t\tstyle=\"max-width:100%;\"\n\t\t\t\t\/>\n\t\t\t<\/a>\n\t\t<\/div>\n\t\t\t\t\t\t\t<\/div> \n\t\t\t\n\t\t\n\t\t\t\t<div id=\"ngg-image-3\" class=\"ngg-gallery-thumbnail-box\" \n\t\t\t\t\t\t\t\t\t\t\t>\n\t\t\t\t\t\t<div class=\"ngg-gallery-thumbnail\">\n\t\t\t<a href=\"https:\/\/www.johannasmiatek.com\/wp-content\/gallery\/german-experiences\/gex_0074.jpg\"\n\t\t\t\ttitle=\"German Experiences, 2012 - Spiegel Detail\"\n\t\t\t\tdata-src=\"https:\/\/www.johannasmiatek.com\/wp-content\/gallery\/german-experiences\/gex_0074.jpg\"\n\t\t\t\tdata-thumbnail=\"https:\/\/www.johannasmiatek.com\/wp-content\/gallery\/german-experiences\/thumbs\/thumbs_gex_0074.jpg\"\n\t\t\t\tdata-image-id=\"282\"\n\t\t\t\tdata-title=\"German Experiences, 2012\"\n\t\t\t\tdata-description=\"German Experiences, 2012 - Spiegel Detail\"\n\t\t\t\tdata-image-slug=\"german-experiences-2012-4\"\n\t\t\t\tclass=\"ngg-simplelightbox\" rel=\"2c495891d11300500b422de22e2848ca\">\n\t\t\t\t<img\n\t\t\t\t\ttitle=\"German Experiences, 2012\"\n\t\t\t\t\talt=\"German Experiences, 2012\"\n\t\t\t\t\tsrc=\"https:\/\/www.johannasmiatek.com\/wp-content\/gallery\/german-experiences\/thumbs\/thumbs_gex_0074.jpg\"\n\t\t\t\t\twidth=\"298\"\n\t\t\t\t\theight=\"200\"\n\t\t\t\t\tstyle=\"max-width:100%;\"\n\t\t\t\t\/>\n\t\t\t<\/a>\n\t\t<\/div>\n\t\t\t\t\t\t\t<\/div> \n\t\t\t\n\t\t\n\t\t\t\t<div id=\"ngg-image-4\" class=\"ngg-gallery-thumbnail-box\" \n\t\t\t\t\t\t\t\t\t\t\t>\n\t\t\t\t\t\t<div class=\"ngg-gallery-thumbnail\">\n\t\t\t<a href=\"https:\/\/www.johannasmiatek.com\/wp-content\/gallery\/german-experiences\/gex_zeichnung.jpg\"\n\t\t\t\ttitle=\"German Experiences, Zeichnung\"\n\t\t\t\tdata-src=\"https:\/\/www.johannasmiatek.com\/wp-content\/gallery\/german-experiences\/gex_zeichnung.jpg\"\n\t\t\t\tdata-thumbnail=\"https:\/\/www.johannasmiatek.com\/wp-content\/gallery\/german-experiences\/thumbs\/thumbs_gex_zeichnung.jpg\"\n\t\t\t\tdata-image-id=\"435\"\n\t\t\t\tdata-title=\"German Experiences, Zeichnung\"\n\t\t\t\tdata-description=\"German Experiences, Zeichnung\"\n\t\t\t\tdata-image-slug=\"german-experiences-zeichnung\"\n\t\t\t\tclass=\"ngg-simplelightbox\" rel=\"2c495891d11300500b422de22e2848ca\">\n\t\t\t\t<img\n\t\t\t\t\ttitle=\"German Experiences, Zeichnung\"\n\t\t\t\t\talt=\"German Experiences, Zeichnung\"\n\t\t\t\t\tsrc=\"https:\/\/www.johannasmiatek.com\/wp-content\/gallery\/german-experiences\/thumbs\/thumbs_gex_zeichnung.jpg\"\n\t\t\t\t\twidth=\"278\"\n\t\t\t\t\theight=\"200\"\n\t\t\t\t\tstyle=\"max-width:100%;\"\n\t\t\t\t\/>\n\t\t\t<\/a>\n\t\t<\/div>\n\t\t\t\t\t\t\t<\/div> \n\t\t\t\n\t\t\n\t\t\n\t\t<!-- Pagination -->\n\t\t<div class='ngg-clear'><\/div>\t<\/div>\n\n<div id=\"wpfp_eae9e801fb800e837cc5ba4d5c9f652c\" data-item=\"{&quot;sources&quot;:[{&quot;src&quot;:&quot;http:\\\/\\\/johannasmiatek.com\\\/wp-content\\\/uploads\\\/GermanExperiences.mp4&quot;,&quot;type&quot;:&quot;video\\\/mp4&quot;}],&quot;splash&quot;:&quot;http:\\\/\\\/johannasmiatek.com\\\/wp-content\\\/uploads\\\/germanexperiences.jpg&quot;}\" class=\"flowplayer no-brand is-splash is-paused skin-slim no-svg fp-slim fp-edgy\" style=\"position:relative; max-width: 480px; max-height: 359px; \" data-ratio=\"0.7479\" data-advance=\"false\">\n\t<div class=\"fp-ratio\" style=\"padding-top: 74.79%\"><\/div>\n\t<img decoding=\"async\" class=\"fp-splash\" alt=\"video\" src=\"http:\/\/johannasmiatek.com\/wp-content\/uploads\/germanexperiences.jpg\" style=\"position:absolute;top:0;width:100%\" \/>\n\t<div class=\"fp-ui\"><noscript>Please enable JavaScript<\/noscript><div class=\"fp-play fp-visible\"><svg class=\"fp-play-sharp-fill\" xmlns=\"http:\/\/www.w3.org\/2000\/svg\" viewBox=\"0 0 100 100\"><defs><style>.fp-color-play{opacity:0.65;}.controlbutton{fill:#fff;}<\/style><\/defs><title>play-sharp-fill<\/title><path class=\"fp-color-play\" d=\"M49.9217-.078a50,50,0,1,0,50,50A50.0564,50.0564,0,0,0,49.9217-.078Z\"\/><polygon class=\"controlbutton\" points=\"73.601 50 37.968 70.573 37.968 29.427 73.601 50\" filter=\"url(#f1)\"\/><\/svg><\/div><div class=\"fp-preload\"><b><\/b><b><\/b><b><\/b><b><\/b><\/div><\/div>\n\n<\/div>\n\n<p><strong>German Experiences<\/strong>, 2012<br \/>\nFerrari-Rot, Holz, Metall, Spiegel, Elektrik, Antrieb, Bewegungssensor, Sound<br \/>\nca. 90 x 185 x 70 cm,\u00a0\u00a9 Johanna Smiatek<\/p>\n<p>Die Arbeit <i>German Experiences<\/i> bezieht sich auf ein Gespr\u00e4ch zwischen Letterman und Tom Hanks in der David Letterman Show im Dezember 2011.<br \/>\nTom Hanks sollte hier von seinen Erfahrungen in Deutschland berichten. Das, was ihn am meistens beeindruckte war die M\u00f6glichkeit auf deutschen Autobahnen ohne Geschwindigkeitsbeschr\u00e4nkungen fahren zu k\u00f6nnen und wie es sich anf\u00fchlt, wenn Autos noch schneller vorbeirasen w\u00fcrden.<\/p>\n<p>Die Faszination der Auto-Welt und des Geschwindigkeitsrausches spielen hier eine wichtige Rolle. Das Original-Ferrari-Rot unterstreicht die Thematik, die sich mit dem Klischee der M\u00e4nnerwelt und deren narzisstischen Wunschtr\u00e4umen auseinandersetzt.<br \/>\nIn dem windkanal\u00e4hnlichen Objekt sind, \u00e4hnlich wie Pirelli-Streifen, seitliche Schlitze eingearbeitet durch die man beim Vor\u00fcbergehen den Sound von vorbeirasenden Autos des Formel-1-Rennens h\u00f6ren kann, gleichzeitig vibriert ein Auto-Seitenspiegel auf dem Sockel.<\/p>","protected":false},"excerpt":{"rendered":"<\/p>\n<p style=\"float: left; margin: 0pt 50px 90px 0pt;\">\n<p><strong>German Experiences<\/strong>, 2012<br \/>\nFerrari-Rot, Holz, Metall, Spiegel, Elektrik, Antrieb, Bewegungssensor, Sound<br \/>\nca. 90 x 185 x 70 cm,\u00a0\u00a9 Johanna Smiatek<\/p>\n<p>Die Arbeit <i>German Experiences<\/i> bezieht sich auf ein Gespr\u00e4ch zwischen Letterman und Tom Hanks in der David Letterman Show im Dezember 2011.<\/p>\n<p><span class=\"ellipsis\">&hellip;<\/span><\/p>\n<div class=\"read-more\"><a href=\"https:\/\/www.johannasmiatek.com\/de\/arbeiten\/german-experiences\/\">Weiterlesen \u203a<\/a><\/div>\n<p><!-- end of .read-more --><\/p>\n","protected":false},"author":5,"featured_media":0,"parent":13,"menu_order":0,"comment_status":"closed","ping_status":"closed","template":"full-width-page.php","meta":{"ngg_post_thumbnail":0,"footnotes":""},"_links":{"self":[{"href":"https:\/\/www.johannasmiatek.com\/de\/wp-json\/wp\/v2\/pages\/680"}],"collection":[{"href":"https:\/\/www.johannasmiatek.com\/de\/wp-json\/wp\/v2\/pages"}],"about":[{"href":"https:\/\/www.johannasmiatek.com\/de\/wp-json\/wp\/v2\/types\/page"}],"author":[{"embeddable":true,"href":"https:\/\/www.johannasmiatek.com\/de\/wp-json\/wp\/v2\/users\/5"}],"replies":[{"embeddable":true,"href":"https:\/\/www.johannasmiatek.com\/de\/wp-json\/wp\/v2\/comments?post=680"}],"version-history":[{"count":23,"href":"https:\/\/www.johannasmiatek.com\/de\/wp-json\/wp\/v2\/pages\/680\/revisions"}],"predecessor-version":[{"id":2329,"href":"https:\/\/www.johannasmiatek.com\/de\/wp-json\/wp\/v2\/pages\/680\/revisions\/2329"}],"up":[{"embeddable":true,"href":"https:\/\/www.johannasmiatek.com\/de\/wp-json\/wp\/v2\/pages\/13"}],"wp:attachment":[{"href":"https:\/\/www.johannasmiatek.com\/de\/wp-json\/wp\/v2\/media?parent=680"}],"curies":[{"name":"wp","href":"https:\/\/api.w.org\/{rel}","templated":true}]}}