{"id":592,"date":"2012-04-01T14:43:46","date_gmt":"2012-04-01T12:43:46","guid":{"rendered":"http:\/\/johannasmiatek.com\/new\/?page_id=592"},"modified":"2018-04-18T15:01:59","modified_gmt":"2018-04-18T13:01:59","slug":"paris-oder-wie-eine-gotterspeise-auf-beinen","status":"publish","type":"page","link":"https:\/\/www.johannasmiatek.com\/de\/arbeiten\/paris-oder-wie-eine-gotterspeise-auf-beinen\/","title":{"rendered":"Paris \u2013 oder wie eine G\u00f6tterspeise auf Beinen"},"content":{"rendered":"<p><\/p><!-- index.php -->\n<div\n\tclass=\"ngg-galleryoverview\n\t ngg-ajax-pagination-none\t\"\n\tid=\"ngg-gallery-62222a55479dcc7c6b6b2096c8423fcb-1\">\n\n\t\t\t<!-- Thumbnails -->\n\t\t\t\t<div id=\"ngg-image-0\" class=\"ngg-gallery-thumbnail-box\" \n\t\t\t\t\t\t\t\t\t\t\t>\n\t\t\t\t\t\t<div class=\"ngg-gallery-thumbnail\">\n\t\t\t<a href=\"https:\/\/www.johannasmiatek.com\/wp-content\/gallery\/paris-oder-wie\/smiatek_spiegel_1.jpg\"\n\t\t\t\ttitle=\"Paris \u2013 oder wie eine G\u00f6tterspeise auf Beinen, 2006\/2007; Spiegel im Ruhezustand \"\n\t\t\t\tdata-src=\"https:\/\/www.johannasmiatek.com\/wp-content\/gallery\/paris-oder-wie\/smiatek_spiegel_1.jpg\"\n\t\t\t\tdata-thumbnail=\"https:\/\/www.johannasmiatek.com\/wp-content\/gallery\/paris-oder-wie\/thumbs\/thumbs_smiatek_spiegel_1.jpg\"\n\t\t\t\tdata-image-id=\"247\"\n\t\t\t\tdata-title=\"Paris \u2013 oder wie eine G\u00f6tterspeise auf Beinen\"\n\t\t\t\tdata-description=\"Paris \u2013 oder wie eine G\u00f6tterspeise auf Beinen, 2006\/2007; Spiegel im Ruhezustand \"\n\t\t\t\tdata-image-slug=\"paris-oder-wie-eine-gotterspeise-auf-beinen\"\n\t\t\t\tclass=\"ngg-simplelightbox\" rel=\"62222a55479dcc7c6b6b2096c8423fcb\">\n\t\t\t\t<img\n\t\t\t\t\ttitle=\"Paris \u2013 oder wie eine G\u00f6tterspeise auf Beinen\"\n\t\t\t\t\talt=\"Paris \u2013 oder wie eine G\u00f6tterspeise auf Beinen\"\n\t\t\t\t\tsrc=\"https:\/\/www.johannasmiatek.com\/wp-content\/gallery\/paris-oder-wie\/thumbs\/thumbs_smiatek_spiegel_1.jpg\"\n\t\t\t\t\twidth=\"122\"\n\t\t\t\t\theight=\"200\"\n\t\t\t\t\tstyle=\"max-width:100%;\"\n\t\t\t\t\/>\n\t\t\t<\/a>\n\t\t<\/div>\n\t\t\t\t\t\t\t<\/div> \n\t\t\t\n\t\t\n\t\t\t\t<div id=\"ngg-image-1\" class=\"ngg-gallery-thumbnail-box\" \n\t\t\t\t\t\t\t\t\t\t\t>\n\t\t\t\t\t\t<div class=\"ngg-gallery-thumbnail\">\n\t\t\t<a href=\"https:\/\/www.johannasmiatek.com\/wp-content\/gallery\/paris-oder-wie\/smiatek_spiegel_2.jpg\"\n\t\t\t\ttitle=\"Paris \u2013 oder wie eine G\u00f6tterspeise auf Beinen, 2006\/2007; Spiegel in zitterndem Zustand\"\n\t\t\t\tdata-src=\"https:\/\/www.johannasmiatek.com\/wp-content\/gallery\/paris-oder-wie\/smiatek_spiegel_2.jpg\"\n\t\t\t\tdata-thumbnail=\"https:\/\/www.johannasmiatek.com\/wp-content\/gallery\/paris-oder-wie\/thumbs\/thumbs_smiatek_spiegel_2.jpg\"\n\t\t\t\tdata-image-id=\"248\"\n\t\t\t\tdata-title=\"Paris \u2013 oder wie eine G\u00f6tterspeise auf Beinen\"\n\t\t\t\tdata-description=\"Paris \u2013 oder wie eine G\u00f6tterspeise auf Beinen, 2006\/2007; Spiegel in zitterndem Zustand\"\n\t\t\t\tdata-image-slug=\"paris-oder-wie-eine-gotterspeise-auf-beinen-2\"\n\t\t\t\tclass=\"ngg-simplelightbox\" rel=\"62222a55479dcc7c6b6b2096c8423fcb\">\n\t\t\t\t<img\n\t\t\t\t\ttitle=\"Paris \u2013 oder wie eine G\u00f6tterspeise auf Beinen\"\n\t\t\t\t\talt=\"Paris \u2013 oder wie eine G\u00f6tterspeise auf Beinen\"\n\t\t\t\t\tsrc=\"https:\/\/www.johannasmiatek.com\/wp-content\/gallery\/paris-oder-wie\/thumbs\/thumbs_smiatek_spiegel_2.jpg\"\n\t\t\t\t\twidth=\"122\"\n\t\t\t\t\theight=\"200\"\n\t\t\t\t\tstyle=\"max-width:100%;\"\n\t\t\t\t\/>\n\t\t\t<\/a>\n\t\t<\/div>\n\t\t\t\t\t\t\t<\/div> \n\t\t\t\n\t\t\n\t\t\t\t<div id=\"ngg-image-2\" class=\"ngg-gallery-thumbnail-box\" \n\t\t\t\t\t\t\t\t\t\t\t>\n\t\t\t\t\t\t<div class=\"ngg-gallery-thumbnail\">\n\t\t\t<a href=\"https:\/\/www.johannasmiatek.com\/wp-content\/gallery\/paris-oder-wie\/silber_spiegel.jpg\"\n\t\t\t\ttitle=\"Bewegung, 2006 -  Skizze zum Prototyp des zitternden Spiegels, Silberstift auf Papier\"\n\t\t\t\tdata-src=\"https:\/\/www.johannasmiatek.com\/wp-content\/gallery\/paris-oder-wie\/silber_spiegel.jpg\"\n\t\t\t\tdata-thumbnail=\"https:\/\/www.johannasmiatek.com\/wp-content\/gallery\/paris-oder-wie\/thumbs\/thumbs_silber_spiegel.jpg\"\n\t\t\t\tdata-image-id=\"254\"\n\t\t\t\tdata-title=\"silber_spiegel\"\n\t\t\t\tdata-description=\"Bewegung, 2006 -  Skizze zum Prototyp des zitternden Spiegels, Silberstift auf Papier\"\n\t\t\t\tdata-image-slug=\"silber_spiegel-3\"\n\t\t\t\tclass=\"ngg-simplelightbox\" rel=\"62222a55479dcc7c6b6b2096c8423fcb\">\n\t\t\t\t<img\n\t\t\t\t\ttitle=\"silber_spiegel\"\n\t\t\t\t\talt=\"silber_spiegel\"\n\t\t\t\t\tsrc=\"https:\/\/www.johannasmiatek.com\/wp-content\/gallery\/paris-oder-wie\/thumbs\/thumbs_silber_spiegel.jpg\"\n\t\t\t\t\twidth=\"280\"\n\t\t\t\t\theight=\"200\"\n\t\t\t\t\tstyle=\"max-width:100%;\"\n\t\t\t\t\/>\n\t\t\t<\/a>\n\t\t<\/div>\n\t\t\t\t\t\t\t<\/div> \n\t\t\t\n\t\t\n\t\t\n\t\t<!-- Pagination -->\n\t\t<div class='ngg-clear'><\/div>\t<\/div>\n<div id=\"wpfp_0f2510e155884906e2de20a1aced6fab\" data-item=\"{&quot;sources&quot;:[{&quot;src&quot;:&quot;http:\\\/\\\/johannasmiatek.com\\\/wp-content\\\/uploads\\\/paris1_1.mp4&quot;,&quot;type&quot;:&quot;video\\\/mp4&quot;}],&quot;splash&quot;:&quot;http:\\\/\\\/johannasmiatek.com\\\/wp-content\\\/gallery\\\/paris-oder-wie\\\/still_parisoderwie.jpg&quot;}\" class=\"flowplayer no-brand is-splash is-paused skin-slim no-svg fp-slim fp-edgy\" style=\"position:relative; max-width: 545px; max-height: 405px; \" data-ratio=\"0.7431\" data-advance=\"false\">\n\t<div class=\"fp-ratio\" style=\"padding-top: 74.31%\"><\/div>\n\t<img decoding=\"async\" class=\"fp-splash\" alt=\"video\" src=\"http:\/\/johannasmiatek.com\/wp-content\/gallery\/paris-oder-wie\/still_parisoderwie.jpg\" style=\"position:absolute;top:0;width:100%\" \/>\n\t<div class=\"fp-ui\"><noscript>Please enable JavaScript<\/noscript><div class=\"fp-play fp-visible\"><svg class=\"fp-play-sharp-fill\" xmlns=\"http:\/\/www.w3.org\/2000\/svg\" viewBox=\"0 0 100 100\"><defs><style>.fp-color-play{opacity:0.65;}.controlbutton{fill:#fff;}<\/style><\/defs><title>play-sharp-fill<\/title><path class=\"fp-color-play\" d=\"M49.9217-.078a50,50,0,1,0,50,50A50.0564,50.0564,0,0,0,49.9217-.078Z\"\/><polygon class=\"controlbutton\" points=\"73.601 50 37.968 70.573 37.968 29.427 73.601 50\" filter=\"url(#f1)\"\/><\/svg><\/div><div class=\"fp-preload\"><b><\/b><b><\/b><b><\/b><b><\/b><\/div><\/div>\n\n<\/div>\n\n<p><strong>Paris \u2013 oder wie eine G\u00f6tterspeise auf Beinen<\/strong>, 2006\/2007<br \/>\nSpiegel, Motor, Bewegungsmelder, Holz<br \/>\nca. 55 x 75 cm<\/p>\n<p>&#8230;&#8230; Den Prototyp des zitternden Spiegels (ein Wandobjekt) nannte die K\u00fcnstlerin <em>Paris \u2013 oder wie eine G\u00f6tterspeise auf Beinen<\/em>, wobei es um das sogenannte \u2018Urteil des Paris\u2019 geht, also die Erz\u00e4hlung vom trojanischen K\u00f6nigssohn, der zwischen den G\u00f6ttinnen Hera, Athene und Aphrodite die letztere als die sch\u00f6nste aller Frauen ausw\u00e4hlte. Johanna Smiatek geht es immer wieder um tradierte Klischees, die sie innerhalb des vielf\u00e4ltigen Bezugsnetzes ihrer Arbeiten unterl\u00e4uft oder ad absurdum f\u00fchrt. (Zitat: Marc Wellmann)<\/p>\n<p>&nbsp;<\/p>\n<p>&nbsp;<\/p>\n<p>","protected":false},"excerpt":{"rendered":"<\/p>\n<p style=\"float: left; margin: 0pt 50px 90px 0pt;\">\n<p><strong>Paris \u2013 oder wie eine G\u00f6tterspeise auf Beinen<\/strong>, 2006\/2007<br \/>\nSpiegel, Motor, Bewegungsmelder, Holz<br \/>\nca. 55 x 75 cm<\/p>\n<p>&#8230;&#8230; Den Prototyp des zitternden Spiegels (ein Wandobjekt) nannte die K\u00fcnstlerin <em>Paris \u2013 oder wie eine G\u00f6tterspeise auf Beinen<\/em>,<\/p>\n<p><span class=\"ellipsis\">&hellip;<\/span><\/p>\n<div class=\"read-more\"><a href=\"https:\/\/www.johannasmiatek.com\/de\/arbeiten\/paris-oder-wie-eine-gotterspeise-auf-beinen\/\">Weiterlesen \u203a<\/a><\/div>\n<p><!-- end of .read-more --><\/p>\n","protected":false},"author":1,"featured_media":0,"parent":13,"menu_order":0,"comment_status":"closed","ping_status":"closed","template":"full-width-page.php","meta":{"ngg_post_thumbnail":0,"footnotes":""},"_links":{"self":[{"href":"https:\/\/www.johannasmiatek.com\/de\/wp-json\/wp\/v2\/pages\/592"}],"collection":[{"href":"https:\/\/www.johannasmiatek.com\/de\/wp-json\/wp\/v2\/pages"}],"about":[{"href":"https:\/\/www.johannasmiatek.com\/de\/wp-json\/wp\/v2\/types\/page"}],"author":[{"embeddable":true,"href":"https:\/\/www.johannasmiatek.com\/de\/wp-json\/wp\/v2\/users\/1"}],"replies":[{"embeddable":true,"href":"https:\/\/www.johannasmiatek.com\/de\/wp-json\/wp\/v2\/comments?post=592"}],"version-history":[{"count":15,"href":"https:\/\/www.johannasmiatek.com\/de\/wp-json\/wp\/v2\/pages\/592\/revisions"}],"predecessor-version":[{"id":1643,"href":"https:\/\/www.johannasmiatek.com\/de\/wp-json\/wp\/v2\/pages\/592\/revisions\/1643"}],"up":[{"embeddable":true,"href":"https:\/\/www.johannasmiatek.com\/de\/wp-json\/wp\/v2\/pages\/13"}],"wp:attachment":[{"href":"https:\/\/www.johannasmiatek.com\/de\/wp-json\/wp\/v2\/media?parent=592"}],"curies":[{"name":"wp","href":"https:\/\/api.w.org\/{rel}","templated":true}]}}