{"id":3825,"date":"2024-09-13T16:18:51","date_gmt":"2024-09-13T14:18:51","guid":{"rendered":"https:\/\/www.johannasmiatek.com\/?page_id=3825"},"modified":"2024-09-20T11:50:42","modified_gmt":"2024-09-20T09:50:42","slug":"tiktaktiktok","status":"publish","type":"page","link":"https:\/\/www.johannasmiatek.com\/de\/tiktaktiktok\/","title":{"rendered":"TikTakTikTok"},"content":{"rendered":"<p><!-- index.php -->\n<div\n\tclass=\"ngg-galleryoverview\n\t ngg-ajax-pagination-none\t\"\n\tid=\"ngg-gallery-7fc13dbad3410875545e3bb26f5860b1-1\">\n\n\t\t\t<!-- Thumbnails -->\n\t\t\t\t<div id=\"ngg-image-0\" class=\"ngg-gallery-thumbnail-box\" \n\t\t\t\t\t\t\t\t\t\t\t>\n\t\t\t\t\t\t<div class=\"ngg-gallery-thumbnail\">\n\t\t\t<a href=\"https:\/\/www.johannasmiatek.com\/wp-content\/gallery\/tiktaktiktok-2024\/DSC_0098_2.jpg\"\n\t\t\t\ttitle=\"In Bewegung\"\n\t\t\t\tdata-src=\"https:\/\/www.johannasmiatek.com\/wp-content\/gallery\/tiktaktiktok-2024\/DSC_0098_2.jpg\"\n\t\t\t\tdata-thumbnail=\"https:\/\/www.johannasmiatek.com\/wp-content\/gallery\/tiktaktiktok-2024\/thumbs\/thumbs_DSC_0098_2.jpg\"\n\t\t\t\tdata-image-id=\"890\"\n\t\t\t\tdata-title=\"TikTakTikTok, 2024\"\n\t\t\t\tdata-description=\"In Bewegung\"\n\t\t\t\tdata-image-slug=\"dsc_0098_2\"\n\t\t\t\tclass=\"ngg-simplelightbox\" rel=\"7fc13dbad3410875545e3bb26f5860b1\">\n\t\t\t\t<img\n\t\t\t\t\ttitle=\"TikTakTikTok, 2024\"\n\t\t\t\t\talt=\"TikTakTikTok, 2024\"\n\t\t\t\t\tsrc=\"https:\/\/www.johannasmiatek.com\/wp-content\/gallery\/tiktaktiktok-2024\/thumbs\/thumbs_DSC_0098_2.jpg\"\n\t\t\t\t\twidth=\"134\"\n\t\t\t\t\theight=\"200\"\n\t\t\t\t\tstyle=\"max-width:100%;\"\n\t\t\t\t\/>\n\t\t\t<\/a>\n\t\t<\/div>\n\t\t\t\t\t\t\t<\/div> \n\t\t\t\n\t\t\n\t\t\t\t<div id=\"ngg-image-1\" class=\"ngg-gallery-thumbnail-box\" \n\t\t\t\t\t\t\t\t\t\t\t>\n\t\t\t\t\t\t<div class=\"ngg-gallery-thumbnail\">\n\t\t\t<a href=\"https:\/\/www.johannasmiatek.com\/wp-content\/gallery\/tiktaktiktok-2024\/DSC_0117_2.jpg\"\n\t\t\t\ttitle=\"\"\n\t\t\t\tdata-src=\"https:\/\/www.johannasmiatek.com\/wp-content\/gallery\/tiktaktiktok-2024\/DSC_0117_2.jpg\"\n\t\t\t\tdata-thumbnail=\"https:\/\/www.johannasmiatek.com\/wp-content\/gallery\/tiktaktiktok-2024\/thumbs\/thumbs_DSC_0117_2.jpg\"\n\t\t\t\tdata-image-id=\"893\"\n\t\t\t\tdata-title=\"TikTakTikTok, 2024\"\n\t\t\t\tdata-description=\"\"\n\t\t\t\tdata-image-slug=\"dsc_0117_2\"\n\t\t\t\tclass=\"ngg-simplelightbox\" rel=\"7fc13dbad3410875545e3bb26f5860b1\">\n\t\t\t\t<img\n\t\t\t\t\ttitle=\"TikTakTikTok, 2024\"\n\t\t\t\t\talt=\"TikTakTikTok, 2024\"\n\t\t\t\t\tsrc=\"https:\/\/www.johannasmiatek.com\/wp-content\/gallery\/tiktaktiktok-2024\/thumbs\/thumbs_DSC_0117_2.jpg\"\n\t\t\t\t\twidth=\"134\"\n\t\t\t\t\theight=\"200\"\n\t\t\t\t\tstyle=\"max-width:100%;\"\n\t\t\t\t\/>\n\t\t\t<\/a>\n\t\t<\/div>\n\t\t\t\t\t\t\t<\/div> \n\t\t\t\n\t\t\n\t\t\t\t<div id=\"ngg-image-2\" class=\"ngg-gallery-thumbnail-box\" \n\t\t\t\t\t\t\t\t\t\t\t>\n\t\t\t\t\t\t<div class=\"ngg-gallery-thumbnail\">\n\t\t\t<a href=\"https:\/\/www.johannasmiatek.com\/wp-content\/gallery\/tiktaktiktok-2024\/DSC_0024_2.jpg\"\n\t\t\t\ttitle=\"In Bewegung\"\n\t\t\t\tdata-src=\"https:\/\/www.johannasmiatek.com\/wp-content\/gallery\/tiktaktiktok-2024\/DSC_0024_2.jpg\"\n\t\t\t\tdata-thumbnail=\"https:\/\/www.johannasmiatek.com\/wp-content\/gallery\/tiktaktiktok-2024\/thumbs\/thumbs_DSC_0024_2.jpg\"\n\t\t\t\tdata-image-id=\"891\"\n\t\t\t\tdata-title=\"TikTakTikTok, 2024\"\n\t\t\t\tdata-description=\"In Bewegung\"\n\t\t\t\tdata-image-slug=\"dsc_0024_2\"\n\t\t\t\tclass=\"ngg-simplelightbox\" rel=\"7fc13dbad3410875545e3bb26f5860b1\">\n\t\t\t\t<img\n\t\t\t\t\ttitle=\"TikTakTikTok, 2024\"\n\t\t\t\t\talt=\"TikTakTikTok, 2024\"\n\t\t\t\t\tsrc=\"https:\/\/www.johannasmiatek.com\/wp-content\/gallery\/tiktaktiktok-2024\/thumbs\/thumbs_DSC_0024_2.jpg\"\n\t\t\t\t\twidth=\"299\"\n\t\t\t\t\theight=\"200\"\n\t\t\t\t\tstyle=\"max-width:100%;\"\n\t\t\t\t\/>\n\t\t\t<\/a>\n\t\t<\/div>\n\t\t\t\t\t\t\t<\/div> \n\t\t\t\n\t\t\n\t\t\n\t\t<!-- Pagination -->\n\t\t<div class='ngg-clear'><\/div>\t<\/div>\n\n<p class=\"p1\"><span class=\"s1\"><div id=\"wpfp_51241ff10e75c1e808e33e11b8248f12\" data-item=\"{&quot;sources&quot;:[{&quot;src&quot;:&quot;https:\\\/\\\/www.johannasmiatek.com\\\/wp-content\\\/uploads\\\/TikTakTikTok_960_540.m4v&quot;,&quot;type&quot;:&quot;video\\\/mp4&quot;}],&quot;splash&quot;:&quot;https:\\\/\\\/www.johannasmiatek.com\\\/wp-content\\\/uploads\\\/Dark.jpg&quot;}\" class=\"flowplayer no-brand is-splash is-paused skin-slim no-svg fp-slim fp-edgy\" style=\"position:relative; max-width: 854px; max-height: 480px; \" data-ratio=\"0.5621\" data-advance=\"false\">\n\t<div class=\"fp-ratio\" style=\"padding-top: 56.21%\"><\/div>\n\t<img decoding=\"async\" class=\"fp-splash\" alt=\"video\" src=\"https:\/\/www.johannasmiatek.com\/wp-content\/uploads\/Dark.jpg\" style=\"position:absolute;top:0;width:100%\" \/>\n\t<div class=\"fp-ui\"><noscript>Please enable JavaScript<\/noscript><div class=\"fp-play fp-visible\"><svg class=\"fp-play-sharp-fill\" xmlns=\"http:\/\/www.w3.org\/2000\/svg\" viewBox=\"0 0 100 100\"><defs><style>.fp-color-play{opacity:0.65;}.controlbutton{fill:#fff;}<\/style><\/defs><title>play-sharp-fill<\/title><path class=\"fp-color-play\" d=\"M49.9217-.078a50,50,0,1,0,50,50A50.0564,50.0564,0,0,0,49.9217-.078Z\"\/><polygon class=\"controlbutton\" points=\"73.601 50 37.968 70.573 37.968 29.427 73.601 50\" filter=\"url(#f1)\"\/><\/svg><\/div><div class=\"fp-preload\"><b><\/b><b><\/b><b><\/b><b><\/b><\/div><\/div>\n\n<\/div>\n<\/span><\/p>\n<p class=\"p1\"><strong>TikTakTikTok<\/strong>, 2024<br \/>\nMischtechnik: Eine Reihe von Metronomen mit gezeichneten Text-Headlines <span class=\"Apple-converted-space\">&nbsp;<br \/>\n<\/span>Gr\u00f6\u00dfe variabel <span class=\"Apple-converted-space\">&nbsp;<\/span><\/p>\n<p class=\"p1\">Die Arbeit \u201cTikTakTikTok\u201d bezieht sich auf die sozialen Medien (TikTok, Instagram, FB etc.) und auf deren Risiken. Gerade in den sozialen Medien kann die Stimmung direkt umkippen und in \u201cHate- Speech\u201d enden. Gesteuert durch Algorithmen, die Bezug nehmen auf Posts, in denen oft Wut und Hass zum Ausdruck kommt. Je mehr negative Reaktionen diese hervorrufen, desto \u00f6fter wird es den Nutzern angeboten. \u2028Das Metronom (Taktell) gibt den Takt vor und die Richtung, die am Scheitelpunkt umschl\u00e4gt. Gezeichnete Headlines aus aktuellen Zeitschriften schwingen hin und her. Durch die Bewegung dr\u00e4ngen sie sich auf. Die Bedeutung kann jederzeit kippen. Der Name der Plattform TikTok wurde urspr\u00fcnglich von dem Tick-Tack-Ger\u00e4usch einer Pendeluhr abgeleitet.<span class=\"Apple-converted-space\">&nbsp;<\/span><\/p>","protected":false},"excerpt":{"rendered":"<\/p>\n<p class=\"p1\"><span class=\"s1\"><\/span><\/p>\n<p class=\"p1\"><strong>TikTakTikTok<\/strong>, 2024<br \/>\nMischtechnik: Eine Reihe von Metronomen mit gezeichneten Text-Headlines <span class=\"Apple-converted-space\">&nbsp;<br \/>\n<\/span>Gr\u00f6\u00dfe variabel <span class=\"Apple-converted-space\">&nbsp;<\/span><\/p>\n<p class=\"p1\">Die Arbeit \u201cTikTakTikTok\u201d bezieht sich auf die sozialen Medien (TikTok,<\/p>\n<p><span class=\"ellipsis\">&hellip;<\/span><\/p>\n<div class=\"read-more\"><a href=\"https:\/\/www.johannasmiatek.com\/de\/tiktaktiktok\/\">Weiterlesen \u203a<\/a><\/div>\n<p><!-- end of .read-more --><\/p>\n","protected":false},"author":5,"featured_media":3839,"parent":0,"menu_order":0,"comment_status":"closed","ping_status":"closed","template":"full-width-page.php","meta":{"ngg_post_thumbnail":0,"footnotes":""},"_links":{"self":[{"href":"https:\/\/www.johannasmiatek.com\/de\/wp-json\/wp\/v2\/pages\/3825"}],"collection":[{"href":"https:\/\/www.johannasmiatek.com\/de\/wp-json\/wp\/v2\/pages"}],"about":[{"href":"https:\/\/www.johannasmiatek.com\/de\/wp-json\/wp\/v2\/types\/page"}],"author":[{"embeddable":true,"href":"https:\/\/www.johannasmiatek.com\/de\/wp-json\/wp\/v2\/users\/5"}],"replies":[{"embeddable":true,"href":"https:\/\/www.johannasmiatek.com\/de\/wp-json\/wp\/v2\/comments?post=3825"}],"version-history":[{"count":9,"href":"https:\/\/www.johannasmiatek.com\/de\/wp-json\/wp\/v2\/pages\/3825\/revisions"}],"predecessor-version":[{"id":3846,"href":"https:\/\/www.johannasmiatek.com\/de\/wp-json\/wp\/v2\/pages\/3825\/revisions\/3846"}],"wp:featuredmedia":[{"embeddable":true,"href":"https:\/\/www.johannasmiatek.com\/de\/wp-json\/wp\/v2\/media\/3839"}],"wp:attachment":[{"href":"https:\/\/www.johannasmiatek.com\/de\/wp-json\/wp\/v2\/media?parent=3825"}],"curies":[{"name":"wp","href":"https:\/\/api.w.org\/{rel}","templated":true}]}}