{"id":2598,"date":"2021-06-09T23:42:26","date_gmt":"2021-06-09T21:42:26","guid":{"rendered":"http:\/\/www.johannasmiatek.com\/?page_id=2598"},"modified":"2024-04-24T22:31:01","modified_gmt":"2024-04-24T20:31:01","slug":"2021-2","status":"publish","type":"page","link":"https:\/\/www.johannasmiatek.com\/de\/2021-2\/","title":{"rendered":"2021"},"content":{"rendered":"<p><div id=\"wpfp_ac903b8b5b33fca02182ad1e899c0338\" data-item=\"{&quot;sources&quot;:[{&quot;src&quot;:&quot;http:\\\/\\\/www.johannasmiatek.com\\\/wp-content\\\/uploads\\\/Film_Fahrt_TRAILER_854_480.mp4&quot;,&quot;type&quot;:&quot;video\\\/mp4&quot;}],&quot;id&quot;:&quot;9&quot;,&quot;splash&quot;:&quot;http:\\\/\\\/www.johannasmiatek.com\\\/wp-content\\\/uploads\\\/Trailer_thumb.jpg&quot;}\" class=\"flowplayer no-brand is-splash is-paused skin-slim no-svg fp-slim fp-edgy\" style=\"position:relative; max-width: 427px; max-height: 240px; \" data-ratio=\"0.5621\" data-advance=\"false\">\n\t<div class=\"fp-ratio\" style=\"padding-top: 56.21%\"><\/div>\n\t<img decoding=\"async\" class=\"fp-splash\" alt=\"video\" src=\"http:\/\/www.johannasmiatek.com\/wp-content\/uploads\/Trailer_thumb.jpg\" style=\"position:absolute;top:0;width:100%\" \/>\n\t<div class=\"fp-ui\"><noscript>Please enable JavaScript<\/noscript><div class=\"fp-play fp-visible\"><svg class=\"fp-play-sharp-fill\" xmlns=\"http:\/\/www.w3.org\/2000\/svg\" viewBox=\"0 0 100 100\"><defs><style>.fp-color-play{opacity:0.65;}.controlbutton{fill:#fff;}<\/style><\/defs><title>play-sharp-fill<\/title><path class=\"fp-color-play\" d=\"M49.9217-.078a50,50,0,1,0,50,50A50.0564,50.0564,0,0,0,49.9217-.078Z\"\/><polygon class=\"controlbutton\" points=\"73.601 50 37.968 70.573 37.968 29.427 73.601 50\" filter=\"url(#f1)\"\/><\/svg><\/div><div class=\"fp-preload\"><b><\/b><b><\/b><b><\/b><b><\/b><\/div><\/div>\n\n<\/div>\n<\/p><!-- index.php -->\n<div\n\tclass=\"ngg-galleryoverview\n\t ngg-ajax-pagination-none\t\"\n\tid=\"ngg-gallery-47a517d77cc5cc9ea8c4a0b4cb8581d6-1\">\n\n\t\t\t<!-- Thumbnails -->\n\t\t\t\t<div id=\"ngg-image-0\" class=\"ngg-gallery-thumbnail-box\" \n\t\t\t\t\t\t\t\t\t\t\t>\n\t\t\t\t\t\t<div class=\"ngg-gallery-thumbnail\">\n\t\t\t<a href=\"https:\/\/www.johannasmiatek.com\/wp-content\/gallery\/2021\/luxor_1.jpg\"\n\t\t\t\ttitle=\"Videoprojektion Detail Luxor\"\n\t\t\t\tdata-src=\"https:\/\/www.johannasmiatek.com\/wp-content\/gallery\/2021\/luxor_1.jpg\"\n\t\t\t\tdata-thumbnail=\"https:\/\/www.johannasmiatek.com\/wp-content\/gallery\/2021\/thumbs\/thumbs_luxor_1.jpg\"\n\t\t\t\tdata-image-id=\"849\"\n\t\t\t\tdata-title=\"Luxor\"\n\t\t\t\tdata-description=\"Videoprojektion Detail Luxor\"\n\t\t\t\tdata-image-slug=\"luxor\"\n\t\t\t\tclass=\"ngg-simplelightbox\" rel=\"47a517d77cc5cc9ea8c4a0b4cb8581d6\">\n\t\t\t\t<img\n\t\t\t\t\ttitle=\"Luxor\"\n\t\t\t\t\talt=\"Luxor\"\n\t\t\t\t\tsrc=\"https:\/\/www.johannasmiatek.com\/wp-content\/gallery\/2021\/thumbs\/thumbs_luxor_1.jpg\"\n\t\t\t\t\twidth=\"150\"\n\t\t\t\t\theight=\"200\"\n\t\t\t\t\tstyle=\"max-width:100%;\"\n\t\t\t\t\/>\n\t\t\t<\/a>\n\t\t<\/div>\n\t\t\t\t\t\t\t<\/div> \n\t\t\t\n\t\t\n\t\t\t\t<div id=\"ngg-image-1\" class=\"ngg-gallery-thumbnail-box\" \n\t\t\t\t\t\t\t\t\t\t\t>\n\t\t\t\t\t\t<div class=\"ngg-gallery-thumbnail\">\n\t\t\t<a href=\"https:\/\/www.johannasmiatek.com\/wp-content\/gallery\/2021\/luxor_querlang_25_16.jpg\"\n\t\t\t\ttitle=\"Videoprojektion Detail Luxor\"\n\t\t\t\tdata-src=\"https:\/\/www.johannasmiatek.com\/wp-content\/gallery\/2021\/luxor_querlang_25_16.jpg\"\n\t\t\t\tdata-thumbnail=\"https:\/\/www.johannasmiatek.com\/wp-content\/gallery\/2021\/thumbs\/thumbs_luxor_querlang_25_16.jpg\"\n\t\t\t\tdata-image-id=\"850\"\n\t\t\t\tdata-title=\"Luxor Detail\"\n\t\t\t\tdata-description=\"Videoprojektion Detail Luxor\"\n\t\t\t\tdata-image-slug=\"luxor-detail\"\n\t\t\t\tclass=\"ngg-simplelightbox\" rel=\"47a517d77cc5cc9ea8c4a0b4cb8581d6\">\n\t\t\t\t<img\n\t\t\t\t\ttitle=\"Luxor Detail\"\n\t\t\t\t\talt=\"Luxor Detail\"\n\t\t\t\t\tsrc=\"https:\/\/www.johannasmiatek.com\/wp-content\/gallery\/2021\/thumbs\/thumbs_luxor_querlang_25_16.jpg\"\n\t\t\t\t\twidth=\"299\"\n\t\t\t\t\theight=\"200\"\n\t\t\t\t\tstyle=\"max-width:100%;\"\n\t\t\t\t\/>\n\t\t\t<\/a>\n\t\t<\/div>\n\t\t\t\t\t\t\t<\/div> \n\t\t\t\n\t\t\n\t\t\t\t<div id=\"ngg-image-2\" class=\"ngg-gallery-thumbnail-box\" \n\t\t\t\t\t\t\t\t\t\t\t>\n\t\t\t\t\t\t<div class=\"ngg-gallery-thumbnail\">\n\t\t\t<a href=\"https:\/\/www.johannasmiatek.com\/wp-content\/gallery\/2021\/dsc_0646.jpg\"\n\t\t\t\ttitle=\"Licht-Objekt HAL 10000\"\n\t\t\t\tdata-src=\"https:\/\/www.johannasmiatek.com\/wp-content\/gallery\/2021\/dsc_0646.jpg\"\n\t\t\t\tdata-thumbnail=\"https:\/\/www.johannasmiatek.com\/wp-content\/gallery\/2021\/thumbs\/thumbs_dsc_0646.jpg\"\n\t\t\t\tdata-image-id=\"847\"\n\t\t\t\tdata-title=\"Objekt HAL 10000\"\n\t\t\t\tdata-description=\"Licht-Objekt HAL 10000\"\n\t\t\t\tdata-image-slug=\"objekt-hal-10000\"\n\t\t\t\tclass=\"ngg-simplelightbox\" rel=\"47a517d77cc5cc9ea8c4a0b4cb8581d6\">\n\t\t\t\t<img\n\t\t\t\t\ttitle=\"Objekt HAL 10000\"\n\t\t\t\t\talt=\"Objekt HAL 10000\"\n\t\t\t\t\tsrc=\"https:\/\/www.johannasmiatek.com\/wp-content\/gallery\/2021\/thumbs\/thumbs_dsc_0646.jpg\"\n\t\t\t\t\twidth=\"299\"\n\t\t\t\t\theight=\"200\"\n\t\t\t\t\tstyle=\"max-width:100%;\"\n\t\t\t\t\/>\n\t\t\t<\/a>\n\t\t<\/div>\n\t\t\t\t\t\t\t<\/div> \n\t\t\t\n\t\t\n\t\t\t\t<div id=\"ngg-image-3\" class=\"ngg-gallery-thumbnail-box\" \n\t\t\t\t\t\t\t\t\t\t\t>\n\t\t\t\t\t\t<div class=\"ngg-gallery-thumbnail\">\n\t\t\t<a href=\"https:\/\/www.johannasmiatek.com\/wp-content\/gallery\/2021\/dsc_0647.jpg\"\n\t\t\t\ttitle=\"Licht-Objekt HAL 10000\"\n\t\t\t\tdata-src=\"https:\/\/www.johannasmiatek.com\/wp-content\/gallery\/2021\/dsc_0647.jpg\"\n\t\t\t\tdata-thumbnail=\"https:\/\/www.johannasmiatek.com\/wp-content\/gallery\/2021\/thumbs\/thumbs_dsc_0647.jpg\"\n\t\t\t\tdata-image-id=\"848\"\n\t\t\t\tdata-title=\"Objekt HAL 10000\"\n\t\t\t\tdata-description=\"Licht-Objekt HAL 10000\"\n\t\t\t\tdata-image-slug=\"objekt-hal-10000-2\"\n\t\t\t\tclass=\"ngg-simplelightbox\" rel=\"47a517d77cc5cc9ea8c4a0b4cb8581d6\">\n\t\t\t\t<img\n\t\t\t\t\ttitle=\"Objekt HAL 10000\"\n\t\t\t\t\talt=\"Objekt HAL 10000\"\n\t\t\t\t\tsrc=\"https:\/\/www.johannasmiatek.com\/wp-content\/gallery\/2021\/thumbs\/thumbs_dsc_0647.jpg\"\n\t\t\t\t\twidth=\"299\"\n\t\t\t\t\theight=\"200\"\n\t\t\t\t\tstyle=\"max-width:100%;\"\n\t\t\t\t\/>\n\t\t\t<\/a>\n\t\t<\/div>\n\t\t\t\t\t\t\t<\/div> \n\t\t\t\n\t\t\n\t\t\t\t<div id=\"ngg-image-4\" class=\"ngg-gallery-thumbnail-box\" \n\t\t\t\t\t\t\t\t\t\t\t>\n\t\t\t\t\t\t<div class=\"ngg-gallery-thumbnail\">\n\t\t\t<a href=\"https:\/\/www.johannasmiatek.com\/wp-content\/gallery\/2021\/dsc_0283.jpg\"\n\t\t\t\ttitle=\"Museumsquartier Wien; Installation mit Videoprojektion\"\n\t\t\t\tdata-src=\"https:\/\/www.johannasmiatek.com\/wp-content\/gallery\/2021\/dsc_0283.jpg\"\n\t\t\t\tdata-thumbnail=\"https:\/\/www.johannasmiatek.com\/wp-content\/gallery\/2021\/thumbs\/thumbs_dsc_0283.jpg\"\n\t\t\t\tdata-image-id=\"845\"\n\t\t\t\tdata-title=\"Installation, Museumsquartier Wien\"\n\t\t\t\tdata-description=\"Museumsquartier Wien; Installation mit Videoprojektion\"\n\t\t\t\tdata-image-slug=\"installation-museumsquartier-wien\"\n\t\t\t\tclass=\"ngg-simplelightbox\" rel=\"47a517d77cc5cc9ea8c4a0b4cb8581d6\">\n\t\t\t\t<img\n\t\t\t\t\ttitle=\"Installation, Museumsquartier Wien\"\n\t\t\t\t\talt=\"Installation, Museumsquartier Wien\"\n\t\t\t\t\tsrc=\"https:\/\/www.johannasmiatek.com\/wp-content\/gallery\/2021\/thumbs\/thumbs_dsc_0283.jpg\"\n\t\t\t\t\twidth=\"301\"\n\t\t\t\t\theight=\"200\"\n\t\t\t\t\tstyle=\"max-width:100%;\"\n\t\t\t\t\/>\n\t\t\t<\/a>\n\t\t<\/div>\n\t\t\t\t\t\t\t<\/div> \n\t\t\t\n\t\t\n\t\t\t\t<div id=\"ngg-image-5\" class=\"ngg-gallery-thumbnail-box\" \n\t\t\t\t\t\t\t\t\t\t\t>\n\t\t\t\t\t\t<div class=\"ngg-gallery-thumbnail\">\n\t\t\t<a href=\"https:\/\/www.johannasmiatek.com\/wp-content\/gallery\/2021\/dsc_0637.jpg\"\n\t\t\t\ttitle=\"Museumsquartier Wien; Videoprojektion Detail Print\"\n\t\t\t\tdata-src=\"https:\/\/www.johannasmiatek.com\/wp-content\/gallery\/2021\/dsc_0637.jpg\"\n\t\t\t\tdata-thumbnail=\"https:\/\/www.johannasmiatek.com\/wp-content\/gallery\/2021\/thumbs\/thumbs_dsc_0637.jpg\"\n\t\t\t\tdata-image-id=\"846\"\n\t\t\t\tdata-title=\"Detail, Museumsquartier Wien\"\n\t\t\t\tdata-description=\"Museumsquartier Wien; Videoprojektion Detail Print\"\n\t\t\t\tdata-image-slug=\"detail-museumsquartier-wien\"\n\t\t\t\tclass=\"ngg-simplelightbox\" rel=\"47a517d77cc5cc9ea8c4a0b4cb8581d6\">\n\t\t\t\t<img\n\t\t\t\t\ttitle=\"Detail, Museumsquartier Wien\"\n\t\t\t\t\talt=\"Detail, Museumsquartier Wien\"\n\t\t\t\t\tsrc=\"https:\/\/www.johannasmiatek.com\/wp-content\/gallery\/2021\/thumbs\/thumbs_dsc_0637.jpg\"\n\t\t\t\t\twidth=\"299\"\n\t\t\t\t\theight=\"200\"\n\t\t\t\t\tstyle=\"max-width:100%;\"\n\t\t\t\t\/>\n\t\t\t<\/a>\n\t\t<\/div>\n\t\t\t\t\t\t\t<\/div> \n\t\t\t\n\t\t\n\t\t\n\t\t<!-- Pagination -->\n\t\t<div class='ngg-clear'><\/div>\t<\/div>\n<p><img loading=\"lazy\" decoding=\"async\" src=\"http:\/\/www.johannasmiatek.com\/wp-content\/uploads\/Smiatek_Flyer_212_100-483x1024.jpg\" alt=\"\" width=\"250\" height=\"530\"\/><\/p>\n<p><span style=\"font-weight: bold;\">2021 \u2013 An Earthly Odyssey<\/span><br \/>\nOrtsspezifische Installation, Videoprojektion<br \/>\nLicht-Objekt &#8220;HAL 10000&#8221;<\/p>\n<p>Einzelausstellung<br \/>\nMuseumsquartier Q21 Wien<br \/>\nASIFA \u00d6sterreich, Asifakeil<\/p>\n<p class=\"p1\">Die Ausstellung \u201e2021 \u2013 An Earthly Odyssey\u201c im Museumsquartier Wien ist zum einen eine Referenz auf den Film \u201e2001 \u2013 A Space Odyssey\u201c von Stanley Kubrick, zum anderen umschreibt es eine Roadmovie-Installation, dessen Filmmaterial auf einer Reise durch die USA im Herbst 2019 entstanden ist. Eine Roadmovie-Essenz in Endlosschleife, eine endlose Suche nach dem Gl\u00fcck auf den Highways Amerikas durch die ameri\u00adka\u00adnische Filmgeschichte, die von Hollywood \u00fcber Twin Peaks und Zabriskie Point bis nach Luxor in Las Vegas f\u00fchrt. Der Roadmovie in einer L\u00e4nge von 11:17 min ist Teil einer Rauminstallation.<br \/>\nDas LUXOR in Las Vegas stand Pate f\u00fcr die Assoziationen zum Science-Fiction Klassiker von Kubrick. Wie ein gelandetes Raumschiff in der W\u00fcste von Nevada erscheint die gl\u00e4serne schwarze Pyramide, die aus ihrer Spitze einen Xenon-Lichtstrahl in das All projiziert, und h\u00e4lt einen unz\u00e4hlbaren Fundus an phantastisch \u00fcberirdischem Equipment auf der Erde bereit.<\/p>\n<p class=\"p1\">Ein weiterer Bestandteil der Installation ist das Licht-Objekt \u2008\u201eHAL 10.000\u201c, das sich einerseits auf den Kubrik-Film (HAL 9000) bezieht, andererseits auf einen Bestandteil des LUXOR\u2008in Las Vegas.<\/p>\n<p><\/p>","protected":false},"excerpt":{"rendered":"<\/p>\n<p><img loading=\"lazy\" decoding=\"async\" src=\"http:\/\/www.johannasmiatek.com\/wp-content\/uploads\/Smiatek_Flyer_212_100-483x1024.jpg\" alt=\"\" width=\"250\" height=\"530\"\/><\/p>\n<p><span style=\"font-weight: bold;\">2021 \u2013 An Earthly Odyssey<\/span><br \/>\nOrtsspezifische Installation, Videoprojektion<br \/>\nLicht-Objekt &#8220;HAL 10000&#8221;<\/p>\n<p>Einzelausstellung<br \/>\nMuseumsquartier Q21 Wien<br \/>\nASIFA \u00d6sterreich, Asifakeil<\/p>\n<p class=\"p1\">Die Ausstellung \u201e2021 \u2013 An Earthly Odyssey\u201c im Museumsquartier Wien ist zum einen eine Referenz auf den Film \u201e2001 \u2013 A Space Odyssey\u201c von Stanley Kubrick,<\/p>\n<p><span class=\"ellipsis\">&hellip;<\/span><\/p>\n<div class=\"read-more\"><a href=\"https:\/\/www.johannasmiatek.com\/de\/2021-2\/\">Weiterlesen \u203a<\/a><\/div>\n<p><!-- end of .read-more --><\/p>\n","protected":false},"author":5,"featured_media":2704,"parent":0,"menu_order":0,"comment_status":"closed","ping_status":"closed","template":"full-width-page.php","meta":{"ngg_post_thumbnail":0,"footnotes":""},"_links":{"self":[{"href":"https:\/\/www.johannasmiatek.com\/de\/wp-json\/wp\/v2\/pages\/2598"}],"collection":[{"href":"https:\/\/www.johannasmiatek.com\/de\/wp-json\/wp\/v2\/pages"}],"about":[{"href":"https:\/\/www.johannasmiatek.com\/de\/wp-json\/wp\/v2\/types\/page"}],"author":[{"embeddable":true,"href":"https:\/\/www.johannasmiatek.com\/de\/wp-json\/wp\/v2\/users\/5"}],"replies":[{"embeddable":true,"href":"https:\/\/www.johannasmiatek.com\/de\/wp-json\/wp\/v2\/comments?post=2598"}],"version-history":[{"count":60,"href":"https:\/\/www.johannasmiatek.com\/de\/wp-json\/wp\/v2\/pages\/2598\/revisions"}],"predecessor-version":[{"id":3788,"href":"https:\/\/www.johannasmiatek.com\/de\/wp-json\/wp\/v2\/pages\/2598\/revisions\/3788"}],"wp:featuredmedia":[{"embeddable":true,"href":"https:\/\/www.johannasmiatek.com\/de\/wp-json\/wp\/v2\/media\/2704"}],"wp:attachment":[{"href":"https:\/\/www.johannasmiatek.com\/de\/wp-json\/wp\/v2\/media?parent=2598"}],"curies":[{"name":"wp","href":"https:\/\/api.w.org\/{rel}","templated":true}]}}