{"id":255,"date":"2012-03-15T16:32:23","date_gmt":"2012-03-15T15:32:23","guid":{"rendered":"http:\/\/johannasmiatek.com\/new\/?page_id=255"},"modified":"2019-03-31T18:15:14","modified_gmt":"2019-03-31T16:15:14","slug":"blow-up","status":"publish","type":"page","link":"https:\/\/www.johannasmiatek.com\/de\/arbeiten\/blow-up\/","title":{"rendered":"Blow Up"},"content":{"rendered":"<p><\/p><!-- index.php -->\n<div\n\tclass=\"ngg-galleryoverview\n\t ngg-ajax-pagination-none\t\"\n\tid=\"ngg-gallery-11395cbcf781a24ed36482c1544b0833-1\">\n\n\t\t\t<!-- Thumbnails -->\n\t\t\t\t<div id=\"ngg-image-0\" class=\"ngg-gallery-thumbnail-box\" \n\t\t\t\t\t\t\t\t\t\t\t>\n\t\t\t\t\t\t<div class=\"ngg-gallery-thumbnail\">\n\t\t\t<a href=\"https:\/\/www.johannasmiatek.com\/wp-content\/gallery\/blowup\/blowup_1.jpg\"\n\t\t\t\ttitle=\"Kabine \u2013 Blow Up, 2007\"\n\t\t\t\tdata-src=\"https:\/\/www.johannasmiatek.com\/wp-content\/gallery\/blowup\/blowup_1.jpg\"\n\t\t\t\tdata-thumbnail=\"https:\/\/www.johannasmiatek.com\/wp-content\/gallery\/blowup\/thumbs\/thumbs_blowup_1.jpg\"\n\t\t\t\tdata-image-id=\"140\"\n\t\t\t\tdata-title=\"blowup_1\"\n\t\t\t\tdata-description=\"Kabine \u2013 Blow Up, 2007\"\n\t\t\t\tdata-image-slug=\"blowup_1\"\n\t\t\t\tclass=\"ngg-simplelightbox\" rel=\"11395cbcf781a24ed36482c1544b0833\">\n\t\t\t\t<img\n\t\t\t\t\ttitle=\"blowup_1\"\n\t\t\t\t\talt=\"blowup_1\"\n\t\t\t\t\tsrc=\"https:\/\/www.johannasmiatek.com\/wp-content\/gallery\/blowup\/thumbs\/thumbs_blowup_1.jpg\"\n\t\t\t\t\twidth=\"134\"\n\t\t\t\t\theight=\"200\"\n\t\t\t\t\tstyle=\"max-width:100%;\"\n\t\t\t\t\/>\n\t\t\t<\/a>\n\t\t<\/div>\n\t\t\t\t\t\t\t<\/div> \n\t\t\t\n\t\t\n\t\t\t\t<div id=\"ngg-image-1\" class=\"ngg-gallery-thumbnail-box\" \n\t\t\t\t\t\t\t\t\t\t\t>\n\t\t\t\t\t\t<div class=\"ngg-gallery-thumbnail\">\n\t\t\t<a href=\"https:\/\/www.johannasmiatek.com\/wp-content\/gallery\/blowup\/blowup_2.jpg\"\n\t\t\t\ttitle=\"Kabine \u2013 Blow Up, 2007\"\n\t\t\t\tdata-src=\"https:\/\/www.johannasmiatek.com\/wp-content\/gallery\/blowup\/blowup_2.jpg\"\n\t\t\t\tdata-thumbnail=\"https:\/\/www.johannasmiatek.com\/wp-content\/gallery\/blowup\/thumbs\/thumbs_blowup_2.jpg\"\n\t\t\t\tdata-image-id=\"141\"\n\t\t\t\tdata-title=\"blowup_2\"\n\t\t\t\tdata-description=\"Kabine \u2013 Blow Up, 2007\"\n\t\t\t\tdata-image-slug=\"blowup_2\"\n\t\t\t\tclass=\"ngg-simplelightbox\" rel=\"11395cbcf781a24ed36482c1544b0833\">\n\t\t\t\t<img\n\t\t\t\t\ttitle=\"blowup_2\"\n\t\t\t\t\talt=\"blowup_2\"\n\t\t\t\t\tsrc=\"https:\/\/www.johannasmiatek.com\/wp-content\/gallery\/blowup\/thumbs\/thumbs_blowup_2.jpg\"\n\t\t\t\t\twidth=\"136\"\n\t\t\t\t\theight=\"200\"\n\t\t\t\t\tstyle=\"max-width:100%;\"\n\t\t\t\t\/>\n\t\t\t<\/a>\n\t\t<\/div>\n\t\t\t\t\t\t\t<\/div> \n\t\t\t\n\t\t\n\t\t\t\t<div id=\"ngg-image-2\" class=\"ngg-gallery-thumbnail-box\" \n\t\t\t\t\t\t\t\t\t\t\t>\n\t\t\t\t\t\t<div class=\"ngg-gallery-thumbnail\">\n\t\t\t<a href=\"https:\/\/www.johannasmiatek.com\/wp-content\/gallery\/blowup\/skizze_kabine.jpg\"\n\t\t\t\ttitle=\"Kabine, 2007 - Buntstift auf Papier\"\n\t\t\t\tdata-src=\"https:\/\/www.johannasmiatek.com\/wp-content\/gallery\/blowup\/skizze_kabine.jpg\"\n\t\t\t\tdata-thumbnail=\"https:\/\/www.johannasmiatek.com\/wp-content\/gallery\/blowup\/thumbs\/thumbs_skizze_kabine.jpg\"\n\t\t\t\tdata-image-id=\"239\"\n\t\t\t\tdata-title=\"skizze_kabine\"\n\t\t\t\tdata-description=\"Kabine, 2007 - Buntstift auf Papier\"\n\t\t\t\tdata-image-slug=\"skizze_kabine\"\n\t\t\t\tclass=\"ngg-simplelightbox\" rel=\"11395cbcf781a24ed36482c1544b0833\">\n\t\t\t\t<img\n\t\t\t\t\ttitle=\"skizze_kabine\"\n\t\t\t\t\talt=\"skizze_kabine\"\n\t\t\t\t\tsrc=\"https:\/\/www.johannasmiatek.com\/wp-content\/gallery\/blowup\/thumbs\/thumbs_skizze_kabine.jpg\"\n\t\t\t\t\twidth=\"148\"\n\t\t\t\t\theight=\"200\"\n\t\t\t\t\tstyle=\"max-width:100%;\"\n\t\t\t\t\/>\n\t\t\t<\/a>\n\t\t<\/div>\n\t\t\t\t\t\t\t<\/div> \n\t\t\t\n\t\t\n\t\t\n\t\t<!-- Pagination -->\n\t\t<div class='ngg-clear'><\/div>\t<\/div>\n<div id=\"wpfp_545ee96467e830158e98e11fe9f16c2e\" data-item=\"{&quot;sources&quot;:[{&quot;src&quot;:&quot;http:\\\/\\\/johannasmiatek.com\\\/wp-content\\\/uploads\\\/BlowUP_Neu.mp4&quot;,&quot;type&quot;:&quot;video\\\/mp4&quot;}],&quot;splash&quot;:&quot;http:\\\/\\\/johannasmiatek.com\\\/wp-content\\\/gallery\\\/blowup\\\/still_blowup.jpg&quot;}\" class=\"flowplayer no-brand is-splash is-paused skin-slim no-svg fp-slim fp-edgy\" style=\"position:relative; max-width: 440px; max-height: 328px; \" data-ratio=\"0.7455\" data-advance=\"false\">\n\t<div class=\"fp-ratio\" style=\"padding-top: 74.55%\"><\/div>\n\t<img decoding=\"async\" class=\"fp-splash\" alt=\"video\" src=\"http:\/\/johannasmiatek.com\/wp-content\/gallery\/blowup\/still_blowup.jpg\" style=\"position:absolute;top:0;width:100%\" \/>\n\t<div class=\"fp-ui\"><noscript>Please enable JavaScript<\/noscript><div class=\"fp-play fp-visible\"><svg class=\"fp-play-sharp-fill\" xmlns=\"http:\/\/www.w3.org\/2000\/svg\" viewBox=\"0 0 100 100\"><defs><style>.fp-color-play{opacity:0.65;}.controlbutton{fill:#fff;}<\/style><\/defs><title>play-sharp-fill<\/title><path class=\"fp-color-play\" d=\"M49.9217-.078a50,50,0,1,0,50,50A50.0564,50.0564,0,0,0,49.9217-.078Z\"\/><polygon class=\"controlbutton\" points=\"73.601 50 37.968 70.573 37.968 29.427 73.601 50\" filter=\"url(#f1)\"\/><\/svg><\/div><div class=\"fp-preload\"><b><\/b><b><\/b><b><\/b><b><\/b><\/div><\/div>\n\n<\/div>\n\n<p><strong>Kabine \u2013 Blow Up<\/strong>, 2007<br \/>\nStoff, Antrieb<br \/>\nca. 330 x 120 x 120 cm<\/p>\n<p>Die Arbeit besteht aus einem Vorhang, der von der Decke bis zum Boden des Ausstellungsraums reicht und ein Volumen in der Gr\u00f6\u00dfe einer Umkleidekabine umschlie\u00dft. Von innen wird dieses anthropomorphe Gebilde durch ein starkes Gebl\u00e4se animiert. Ohne hineinsehen zu k\u00f6nnen, werden die Betrachter allein mit den Bewegungen des Stoffes konfrontiert, deren Ursache sich erst nach und nach erschlie\u00dft.<br \/>\nDabei spielt Johanna Smiatek erneut mit einer Inversion von Assoziationsfeldern. Eine entsprechende Kabine in Kaufh\u00e4usern dient der Anprobe von Kleidungsst\u00fccken. Doch anstatt am (weiblichen) K\u00f6rper getragen zu werden, entwickelt hier der Stoff ein Eigenleben und wird zur Paraphrase \u2013 etwa eines vom Wind bewegten Kleides. In enger Verwandtschaft dazu hat die K\u00fcnstlerin auch das Objekt <em>Dog Days<\/em> (2007) entwickelt, das in Bezug zur ber\u00fchmten Szene aus Billy Wilders \u2018Das verflixte siebte Jahr\u2019 (1955) steht, in der Marilyn Monroes Rock vom Fahrtwind einer U-Bahn nach oben geweht wird.<br \/>\n<em>Blow up<\/em> meint einerseits das Aufbauschen des Stoffes, doch ist erneut der Hinweis auf ein cineastisches Meisterwerk im Titel zu finden, durch den sich eine erweiterte Deutungsebene erschlie\u00dft. Der 1966 von Michelangelo Antonioni gedrehte Film spielt in der Londoner Modeszene. Ein Fotograf meint, einen Mord mit der Kamera festgehalten zu haben, den er jedoch nicht nachweisen kann. Die Zweifel werden derart stark, dass er am Ende vor der Frage steht, was Realit\u00e4t und was Fiktion ist. Auf \u00e4hnliche Weise steht man auch kurze Zeit ratlos vor den tanzenden Bewegungen des Vorhangstoffes. Wie viele von Johanna Smiateks kinetischen Skulpturen ist diese Arbeit ein Verweis auf die Kraft von Projektionen, die wir auf die k\u00fcnstlich gemachten Dinge werfen und sie damit beseelen. (Zitat: Marc Wellmann)<\/p>\n<p><\/p>","protected":false},"excerpt":{"rendered":"<\/p>\n<p class=\"video\">\n<p><strong>Kabine \u2013 Blow Up<\/strong>, 2007<br \/>\nStoff, Antrieb<br \/>\nca. 330 x 120 x 120 cm<\/p>\n<p>Die Arbeit besteht aus einem Vorhang, der von der Decke bis zum Boden des Ausstellungsraums reicht und ein Volumen in der Gr\u00f6\u00dfe einer Umkleidekabine umschlie\u00dft.<\/p>\n<p><span class=\"ellipsis\">&hellip;<\/span><\/p>\n<div class=\"read-more\"><a href=\"https:\/\/www.johannasmiatek.com\/de\/arbeiten\/blow-up\/\">Weiterlesen \u203a<\/a><\/div>\n<p><!-- end of .read-more --><\/p>\n","protected":false},"author":5,"featured_media":0,"parent":13,"menu_order":0,"comment_status":"closed","ping_status":"closed","template":"full-width-page.php","meta":{"ngg_post_thumbnail":0,"footnotes":""},"_links":{"self":[{"href":"https:\/\/www.johannasmiatek.com\/de\/wp-json\/wp\/v2\/pages\/255"}],"collection":[{"href":"https:\/\/www.johannasmiatek.com\/de\/wp-json\/wp\/v2\/pages"}],"about":[{"href":"https:\/\/www.johannasmiatek.com\/de\/wp-json\/wp\/v2\/types\/page"}],"author":[{"embeddable":true,"href":"https:\/\/www.johannasmiatek.com\/de\/wp-json\/wp\/v2\/users\/5"}],"replies":[{"embeddable":true,"href":"https:\/\/www.johannasmiatek.com\/de\/wp-json\/wp\/v2\/comments?post=255"}],"version-history":[{"count":38,"href":"https:\/\/www.johannasmiatek.com\/de\/wp-json\/wp\/v2\/pages\/255\/revisions"}],"predecessor-version":[{"id":2253,"href":"https:\/\/www.johannasmiatek.com\/de\/wp-json\/wp\/v2\/pages\/255\/revisions\/2253"}],"up":[{"embeddable":true,"href":"https:\/\/www.johannasmiatek.com\/de\/wp-json\/wp\/v2\/pages\/13"}],"wp:attachment":[{"href":"https:\/\/www.johannasmiatek.com\/de\/wp-json\/wp\/v2\/media?parent=255"}],"curies":[{"name":"wp","href":"https:\/\/api.w.org\/{rel}","templated":true}]}}