{"id":250,"date":"2012-03-15T15:59:41","date_gmt":"2012-03-15T14:59:41","guid":{"rendered":"http:\/\/johannasmiatek.com\/new\/?page_id=250"},"modified":"2019-03-31T19:12:12","modified_gmt":"2019-03-31T17:12:12","slug":"skyline","status":"publish","type":"page","link":"https:\/\/www.johannasmiatek.com\/de\/arbeiten\/skyline\/","title":{"rendered":"Skyline"},"content":{"rendered":"<p><\/p><!-- index.php -->\n<div\n\tclass=\"ngg-galleryoverview\n\t ngg-ajax-pagination-none\t\"\n\tid=\"ngg-gallery-58d22954cb06b72902d175648089711a-1\">\n\n\t\t\t<!-- Thumbnails -->\n\t\t\t\t<div id=\"ngg-image-0\" class=\"ngg-gallery-thumbnail-box\" \n\t\t\t\t\t\t\t\t\t\t\t>\n\t\t\t\t\t\t<div class=\"ngg-gallery-thumbnail\">\n\t\t\t<a href=\"https:\/\/www.johannasmiatek.com\/wp-content\/gallery\/skyline\/skyline.jpg\"\n\t\t\t\ttitle=\"Skyline, 2006\"\n\t\t\t\tdata-src=\"https:\/\/www.johannasmiatek.com\/wp-content\/gallery\/skyline\/skyline.jpg\"\n\t\t\t\tdata-thumbnail=\"https:\/\/www.johannasmiatek.com\/wp-content\/gallery\/skyline\/thumbs\/thumbs_skyline.jpg\"\n\t\t\t\tdata-image-id=\"132\"\n\t\t\t\tdata-title=\"skyline\"\n\t\t\t\tdata-description=\"Skyline, 2006\"\n\t\t\t\tdata-image-slug=\"skyline\"\n\t\t\t\tclass=\"ngg-simplelightbox\" rel=\"58d22954cb06b72902d175648089711a\">\n\t\t\t\t<img\n\t\t\t\t\ttitle=\"skyline\"\n\t\t\t\t\talt=\"skyline\"\n\t\t\t\t\tsrc=\"https:\/\/www.johannasmiatek.com\/wp-content\/gallery\/skyline\/thumbs\/thumbs_skyline.jpg\"\n\t\t\t\t\twidth=\"134\"\n\t\t\t\t\theight=\"200\"\n\t\t\t\t\tstyle=\"max-width:100%;\"\n\t\t\t\t\/>\n\t\t\t<\/a>\n\t\t<\/div>\n\t\t\t\t\t\t\t<\/div> \n\t\t\t\n\t\t\n\t\t\t\t<div id=\"ngg-image-1\" class=\"ngg-gallery-thumbnail-box\" \n\t\t\t\t\t\t\t\t\t\t\t>\n\t\t\t\t\t\t<div class=\"ngg-gallery-thumbnail\">\n\t\t\t<a href=\"https:\/\/www.johannasmiatek.com\/wp-content\/gallery\/skyline\/skyline_2.jpg\"\n\t\t\t\ttitle=\"Skyline, 2006 -  Detail, Spiegelplatte mit St\u00e4dtenamen unterhalb des Tisches\"\n\t\t\t\tdata-src=\"https:\/\/www.johannasmiatek.com\/wp-content\/gallery\/skyline\/skyline_2.jpg\"\n\t\t\t\tdata-thumbnail=\"https:\/\/www.johannasmiatek.com\/wp-content\/gallery\/skyline\/thumbs\/thumbs_skyline_2.jpg\"\n\t\t\t\tdata-image-id=\"133\"\n\t\t\t\tdata-title=\"skyline_2\"\n\t\t\t\tdata-description=\"Skyline, 2006 -  Detail, Spiegelplatte mit St\u00e4dtenamen unterhalb des Tisches\"\n\t\t\t\tdata-image-slug=\"skyline_2\"\n\t\t\t\tclass=\"ngg-simplelightbox\" rel=\"58d22954cb06b72902d175648089711a\">\n\t\t\t\t<img\n\t\t\t\t\ttitle=\"skyline_2\"\n\t\t\t\t\talt=\"skyline_2\"\n\t\t\t\t\tsrc=\"https:\/\/www.johannasmiatek.com\/wp-content\/gallery\/skyline\/thumbs\/thumbs_skyline_2.jpg\"\n\t\t\t\t\twidth=\"322\"\n\t\t\t\t\theight=\"200\"\n\t\t\t\t\tstyle=\"max-width:100%;\"\n\t\t\t\t\/>\n\t\t\t<\/a>\n\t\t<\/div>\n\t\t\t\t\t\t\t<\/div> \n\t\t\t\n\t\t\n\t\t\t\t<div id=\"ngg-image-2\" class=\"ngg-gallery-thumbnail-box\" \n\t\t\t\t\t\t\t\t\t\t\t>\n\t\t\t\t\t\t<div class=\"ngg-gallery-thumbnail\">\n\t\t\t<a href=\"https:\/\/www.johannasmiatek.com\/wp-content\/gallery\/skyline\/skyline_detail.jpg\"\n\t\t\t\ttitle=\"Skyline, 2006 - Detail, aus Silikon hergestellte Lippenstifte\"\n\t\t\t\tdata-src=\"https:\/\/www.johannasmiatek.com\/wp-content\/gallery\/skyline\/skyline_detail.jpg\"\n\t\t\t\tdata-thumbnail=\"https:\/\/www.johannasmiatek.com\/wp-content\/gallery\/skyline\/thumbs\/thumbs_skyline_detail.jpg\"\n\t\t\t\tdata-image-id=\"134\"\n\t\t\t\tdata-title=\"skyline_detail\"\n\t\t\t\tdata-description=\"Skyline, 2006 - Detail, aus Silikon hergestellte Lippenstifte\"\n\t\t\t\tdata-image-slug=\"skyline_detail\"\n\t\t\t\tclass=\"ngg-simplelightbox\" rel=\"58d22954cb06b72902d175648089711a\">\n\t\t\t\t<img\n\t\t\t\t\ttitle=\"skyline_detail\"\n\t\t\t\t\talt=\"skyline_detail\"\n\t\t\t\t\tsrc=\"https:\/\/www.johannasmiatek.com\/wp-content\/gallery\/skyline\/thumbs\/thumbs_skyline_detail.jpg\"\n\t\t\t\t\twidth=\"322\"\n\t\t\t\t\theight=\"200\"\n\t\t\t\t\tstyle=\"max-width:100%;\"\n\t\t\t\t\/>\n\t\t\t<\/a>\n\t\t<\/div>\n\t\t\t\t\t\t\t<\/div> \n\t\t\t\n\t\t\n\t\t\n\t\t<!-- Pagination -->\n\t\t<div class='ngg-clear'><\/div>\t<\/div>\n<div id=\"wpfp_90f87715529237381f54167c2bbbc90f\" data-item=\"{&quot;sources&quot;:[{&quot;src&quot;:&quot;http:\\\/\\\/johannasmiatek.com\\\/wp-content\\\/uploads\\\/Skyline_.mp4&quot;,&quot;type&quot;:&quot;video\\\/mp4&quot;}],&quot;splash&quot;:&quot;http:\\\/\\\/johannasmiatek.com\\\/wp-content\\\/gallery\\\/skyline\\\/still_lipstick.jpg&quot;}\" class=\"flowplayer no-brand is-splash is-paused skin-slim no-svg fp-slim fp-edgy\" style=\"position:relative; max-width: 330px; max-height: 246px; \" data-ratio=\"0.7455\" data-advance=\"false\">\n\t<div class=\"fp-ratio\" style=\"padding-top: 74.55%\"><\/div>\n\t<img decoding=\"async\" class=\"fp-splash\" alt=\"video\" src=\"http:\/\/johannasmiatek.com\/wp-content\/gallery\/skyline\/still_lipstick.jpg\" style=\"position:absolute;top:0;width:100%\" \/>\n\t<div class=\"fp-ui\"><noscript>Please enable JavaScript<\/noscript><div class=\"fp-play fp-visible\"><svg class=\"fp-play-sharp-fill\" xmlns=\"http:\/\/www.w3.org\/2000\/svg\" viewBox=\"0 0 100 100\"><defs><style>.fp-color-play{opacity:0.65;}.controlbutton{fill:#fff;}<\/style><\/defs><title>play-sharp-fill<\/title><path class=\"fp-color-play\" d=\"M49.9217-.078a50,50,0,1,0,50,50A50.0564,50.0564,0,0,0,49.9217-.078Z\"\/><polygon class=\"controlbutton\" points=\"73.601 50 37.968 70.573 37.968 29.427 73.601 50\" filter=\"url(#f1)\"\/><\/svg><\/div><div class=\"fp-preload\"><b><\/b><b><\/b><b><\/b><b><\/b><\/div><\/div>\n\n<\/div>\n\n<p><strong>Skyline \u2013 Indiana Rouge, Champagne Ros\u00e9, Caramel Pink, Passion Red<\/strong>; 2006<br \/>\nSilikon, Holz, Spiegel, Motor, Bewegungsmelder<br \/>\nca. 150 x 50 x 50 cm<\/p>\n<p>Die Arbeit wurde inspiriert von Federico Fellinis Film \u2018Stadt der Frauen\u2019 (1979), in dem Marcello Mastroianni vor der Gewalt des angeblich schwachen Geschlechts kapitulieren muss. Der Titel der Skulptur verweist auf unterschiedliche Rot-T\u00f6ne von Lippenstiften, die Johanna Smiatek als vergr\u00f6\u00dferte Silikonabformungen auf einem tischf\u00f6rmigen Holzpodest zu einem Gebilde gruppierte, das an die Skyline von Hochh\u00e4usern erinnert. Die elastischen Silikon-Lippenstifte stehen auf einer Holzplatte, die in Schwingungen versetzt wird, wenn sich ein Betrachter dem Objekt n\u00e4hert. Unterhalb der Platte ist ein Spiegel angebracht, auf dem in verschiedenen Rot-T\u00f6nen die St\u00e4dtenamen \u2018Paris\u2019, \u2018Z\u00fcrich\u2019, \u2018London\u2019 und \u2018Berlin\u2019 in Spiegelschrift geschrieben wurden und die vom Betrachter mittels eines weiteren Spiegels auf Knieh\u00f6he richtig herum gelesen werden k\u00f6nnen.<br \/>\nDie materialikonografische N\u00e4he des Silikons zu Objekten aus dem Erotikbereich ist bewusst reflektiert, wobei sich die phallisch motivierte Assoziationskette von wankenden Hochh\u00e4usern zu Lippenstiften an Frauenm\u00fcndern bis hin zu Vibratoren bewegt. Dies erinnert an ein ber\u00fchmtes Werk der amerikanischen Pop-Art. Claes Oldenburgs 1969 in Yale installiertes Objekt \u2018Lipstick (Ascending) on Caterpillar Tracks\u2019 beruhte auf einer riesigen Lippenstiftform auf einem Sockel aus Panzerketten. Die Gegen\u00fcberstellung und Verschmelzung von weiblich und m\u00e4nnlich besetzten Symbolen wurde in diesem Fall ebenfalls mit den Mitteln der Kinetik betrieben. So sorgte bei der ersten Version der Skulptur eine pneumatische Vorrichtung f\u00fcr das An- und Abschwellen des Lippenstiftes, der nur als farbige Stoffh\u00fclle gebildet war.<br \/>\nJohanna Smiatek ist bereits bei fr\u00fcheren Arbeiten mit der Elastizit\u00e4t des Materials Silikon umgegangen, beispielsweise bei Abformungen von roten Damenschuhen auf quadratischen Holzplatten, die durch einen Motor animiert wurden (<em>Schuhflimmern<\/em>, 2002). Das Zittern des Materials interessiert sie im Sinne einer scheinbar magischen Verlebendigung der Skulpturen. (Zitat: Marc Wellmann)<\/p>\n<p><\/p>","protected":false},"excerpt":{"rendered":"<\/p>\n<p class=\"video\">\n<p><strong>Skyline \u2013 Indiana Rouge, Champagne Ros\u00e9, Caramel Pink, Passion Red<\/strong>; 2006<br \/>\nSilikon, Holz, Spiegel, Motor, Bewegungsmelder<br \/>\nca. 150 x 50 x 50 cm<\/p>\n<p>Die Arbeit wurde inspiriert von Federico Fellinis Film \u2018Stadt der Frauen\u2019 (1979),<\/p>\n<p><span class=\"ellipsis\">&hellip;<\/span><\/p>\n<div class=\"read-more\"><a href=\"https:\/\/www.johannasmiatek.com\/de\/arbeiten\/skyline\/\">Weiterlesen \u203a<\/a><\/div>\n<p><!-- end of .read-more --><\/p>\n","protected":false},"author":5,"featured_media":0,"parent":13,"menu_order":0,"comment_status":"closed","ping_status":"closed","template":"full-width-page.php","meta":{"ngg_post_thumbnail":0,"footnotes":""},"_links":{"self":[{"href":"https:\/\/www.johannasmiatek.com\/de\/wp-json\/wp\/v2\/pages\/250"}],"collection":[{"href":"https:\/\/www.johannasmiatek.com\/de\/wp-json\/wp\/v2\/pages"}],"about":[{"href":"https:\/\/www.johannasmiatek.com\/de\/wp-json\/wp\/v2\/types\/page"}],"author":[{"embeddable":true,"href":"https:\/\/www.johannasmiatek.com\/de\/wp-json\/wp\/v2\/users\/5"}],"replies":[{"embeddable":true,"href":"https:\/\/www.johannasmiatek.com\/de\/wp-json\/wp\/v2\/comments?post=250"}],"version-history":[{"count":18,"href":"https:\/\/www.johannasmiatek.com\/de\/wp-json\/wp\/v2\/pages\/250\/revisions"}],"predecessor-version":[{"id":2254,"href":"https:\/\/www.johannasmiatek.com\/de\/wp-json\/wp\/v2\/pages\/250\/revisions\/2254"}],"up":[{"embeddable":true,"href":"https:\/\/www.johannasmiatek.com\/de\/wp-json\/wp\/v2\/pages\/13"}],"wp:attachment":[{"href":"https:\/\/www.johannasmiatek.com\/de\/wp-json\/wp\/v2\/media?parent=250"}],"curies":[{"name":"wp","href":"https:\/\/api.w.org\/{rel}","templated":true}]}}