{"id":2489,"date":"2020-11-23T15:37:24","date_gmt":"2020-11-23T14:37:24","guid":{"rendered":"http:\/\/www.johannasmiatek.com\/?page_id=2489"},"modified":"2022-04-28T17:12:56","modified_gmt":"2022-04-28T15:12:56","slug":"visual-poetry","status":"publish","type":"page","link":"https:\/\/www.johannasmiatek.com\/de\/visual-poetry\/","title":{"rendered":"Visual Poetry"},"content":{"rendered":"<p><!-- index.php -->\n<div\n\tclass=\"ngg-galleryoverview\n\t ngg-ajax-pagination-none\t\"\n\tid=\"ngg-gallery-d3e6092a43e7c05c3f03e87d3caa8b19-1\">\n\n\t\t\t<!-- Thumbnails -->\n\t\t\t\t<div id=\"ngg-image-0\" class=\"ngg-gallery-thumbnail-box\" \n\t\t\t\t\t\t\t\t\t\t\t>\n\t\t\t\t\t\t<div class=\"ngg-gallery-thumbnail\">\n\t\t\t<a href=\"https:\/\/www.johannasmiatek.com\/wp-content\/gallery\/visual-poetry\/20200228-dsc_0440.jpg\"\n\t\t\t\ttitle=\"Visual Poetry \u2013 Letters 1-5, Der Mund\"\n\t\t\t\tdata-src=\"https:\/\/www.johannasmiatek.com\/wp-content\/gallery\/visual-poetry\/20200228-dsc_0440.jpg\"\n\t\t\t\tdata-thumbnail=\"https:\/\/www.johannasmiatek.com\/wp-content\/gallery\/visual-poetry\/thumbs\/thumbs_20200228-dsc_0440.jpg\"\n\t\t\t\tdata-image-id=\"782\"\n\t\t\t\tdata-title=\"Visual Poetry\"\n\t\t\t\tdata-description=\"Visual Poetry \u2013 Letters 1-5, Der Mund\"\n\t\t\t\tdata-image-slug=\"visual-poetry-4\"\n\t\t\t\tclass=\"ngg-simplelightbox\" rel=\"d3e6092a43e7c05c3f03e87d3caa8b19\">\n\t\t\t\t<img\n\t\t\t\t\ttitle=\"Visual Poetry\"\n\t\t\t\t\talt=\"Visual Poetry\"\n\t\t\t\t\tsrc=\"https:\/\/www.johannasmiatek.com\/wp-content\/gallery\/visual-poetry\/thumbs\/thumbs_20200228-dsc_0440.jpg\"\n\t\t\t\t\twidth=\"302\"\n\t\t\t\t\theight=\"200\"\n\t\t\t\t\tstyle=\"max-width:100%;\"\n\t\t\t\t\/>\n\t\t\t<\/a>\n\t\t<\/div>\n\t\t\t\t\t\t\t<\/div> \n\t\t\t\n\t\t\n\t\t\t\t<div id=\"ngg-image-1\" class=\"ngg-gallery-thumbnail-box\" \n\t\t\t\t\t\t\t\t\t\t\t>\n\t\t\t\t\t\t<div class=\"ngg-gallery-thumbnail\">\n\t\t\t<a href=\"https:\/\/www.johannasmiatek.com\/wp-content\/gallery\/visual-poetry\/20200228-dsc_0446.jpg\"\n\t\t\t\ttitle=\"\"\n\t\t\t\tdata-src=\"https:\/\/www.johannasmiatek.com\/wp-content\/gallery\/visual-poetry\/20200228-dsc_0446.jpg\"\n\t\t\t\tdata-thumbnail=\"https:\/\/www.johannasmiatek.com\/wp-content\/gallery\/visual-poetry\/thumbs\/thumbs_20200228-dsc_0446.jpg\"\n\t\t\t\tdata-image-id=\"783\"\n\t\t\t\tdata-title=\"Visual Poetry\"\n\t\t\t\tdata-description=\"\"\n\t\t\t\tdata-image-slug=\"visual-poetry-2\"\n\t\t\t\tclass=\"ngg-simplelightbox\" rel=\"d3e6092a43e7c05c3f03e87d3caa8b19\">\n\t\t\t\t<img\n\t\t\t\t\ttitle=\"Visual Poetry\"\n\t\t\t\t\talt=\"Visual Poetry\"\n\t\t\t\t\tsrc=\"https:\/\/www.johannasmiatek.com\/wp-content\/gallery\/visual-poetry\/thumbs\/thumbs_20200228-dsc_0446.jpg\"\n\t\t\t\t\twidth=\"298\"\n\t\t\t\t\theight=\"200\"\n\t\t\t\t\tstyle=\"max-width:100%;\"\n\t\t\t\t\/>\n\t\t\t<\/a>\n\t\t<\/div>\n\t\t\t\t\t\t\t<\/div> \n\t\t\t\n\t\t\n\t\t\t\t<div id=\"ngg-image-2\" class=\"ngg-gallery-thumbnail-box\" \n\t\t\t\t\t\t\t\t\t\t\t>\n\t\t\t\t\t\t<div class=\"ngg-gallery-thumbnail\">\n\t\t\t<a href=\"https:\/\/www.johannasmiatek.com\/wp-content\/gallery\/visual-poetry\/20200229-dsc_0467-2.jpg\"\n\t\t\t\ttitle=\"\"\n\t\t\t\tdata-src=\"https:\/\/www.johannasmiatek.com\/wp-content\/gallery\/visual-poetry\/20200229-dsc_0467-2.jpg\"\n\t\t\t\tdata-thumbnail=\"https:\/\/www.johannasmiatek.com\/wp-content\/gallery\/visual-poetry\/thumbs\/thumbs_20200229-dsc_0467-2.jpg\"\n\t\t\t\tdata-image-id=\"785\"\n\t\t\t\tdata-title=\"Visual Poetry\"\n\t\t\t\tdata-description=\"\"\n\t\t\t\tdata-image-slug=\"visual-poetry\"\n\t\t\t\tclass=\"ngg-simplelightbox\" rel=\"d3e6092a43e7c05c3f03e87d3caa8b19\">\n\t\t\t\t<img\n\t\t\t\t\ttitle=\"Visual Poetry\"\n\t\t\t\t\talt=\"Visual Poetry\"\n\t\t\t\t\tsrc=\"https:\/\/www.johannasmiatek.com\/wp-content\/gallery\/visual-poetry\/thumbs\/thumbs_20200229-dsc_0467-2.jpg\"\n\t\t\t\t\twidth=\"298\"\n\t\t\t\t\theight=\"200\"\n\t\t\t\t\tstyle=\"max-width:100%;\"\n\t\t\t\t\/>\n\t\t\t<\/a>\n\t\t<\/div>\n\t\t\t\t\t\t\t<\/div> \n\t\t\t\n\t\t\n\t\t\t\t<div id=\"ngg-image-3\" class=\"ngg-gallery-thumbnail-box\" \n\t\t\t\t\t\t\t\t\t\t\t>\n\t\t\t\t\t\t<div class=\"ngg-gallery-thumbnail\">\n\t\t\t<a href=\"https:\/\/www.johannasmiatek.com\/wp-content\/gallery\/visual-poetry\/20200229-dsc_0457.jpg\"\n\t\t\t\ttitle=\"Der Mund\"\n\t\t\t\tdata-src=\"https:\/\/www.johannasmiatek.com\/wp-content\/gallery\/visual-poetry\/20200229-dsc_0457.jpg\"\n\t\t\t\tdata-thumbnail=\"https:\/\/www.johannasmiatek.com\/wp-content\/gallery\/visual-poetry\/thumbs\/thumbs_20200229-dsc_0457.jpg\"\n\t\t\t\tdata-image-id=\"784\"\n\t\t\t\tdata-title=\"Visual Poetry\"\n\t\t\t\tdata-description=\"Der Mund\"\n\t\t\t\tdata-image-slug=\"visual-poetry-3\"\n\t\t\t\tclass=\"ngg-simplelightbox\" rel=\"d3e6092a43e7c05c3f03e87d3caa8b19\">\n\t\t\t\t<img\n\t\t\t\t\ttitle=\"Visual Poetry\"\n\t\t\t\t\talt=\"Visual Poetry\"\n\t\t\t\t\tsrc=\"https:\/\/www.johannasmiatek.com\/wp-content\/gallery\/visual-poetry\/thumbs\/thumbs_20200229-dsc_0457.jpg\"\n\t\t\t\t\twidth=\"298\"\n\t\t\t\t\theight=\"200\"\n\t\t\t\t\tstyle=\"max-width:100%;\"\n\t\t\t\t\/>\n\t\t\t<\/a>\n\t\t<\/div>\n\t\t\t\t\t\t\t<\/div> \n\t\t\t\n\t\t\n\t\t\n\t\t<!-- Pagination -->\n\t\t<div class='ngg-clear'><\/div>\t<\/div>\n\n<p><strong>Visual Poetry \u2013 Letters\u00a0<\/strong>(Grafische Poesie \u2013 Buchstaben), ab 2016<br \/>\nZeichnungen, Buntstift und Graphit auf Papier, Unikate<br \/>\nGr\u00f6\u00dfe jeweils: DINA4<\/p>\n<p><strong>Der Mund<\/strong>, 2003<br \/>\nZeichnung, Gouche und Graphit auf Papier<br \/>\nGr\u00f6\u00dfe ca.: DINA4<\/p>\n<p>Ausstellungsansichten:<br \/>\nKunstverein Hochrhein \/ Villa Berberich, 2020<\/p>\n<p class=\"p1\"><span class=\"s1\">Am Anfang war die Collage. <\/span><span class=\"s2\">Die Textelemente wurden <\/span><span class=\"s1\">Modezeitschriften entnommen. So entstanden <\/span><span class=\"s2\">optische Gedichte. <\/span><span class=\"s1\">Diese Collagen wurden 1 zu 1 in Zeichnungen \u00fcberf\u00fchrt. Erst auf den zweiten Blick offenbart sich, da\u00df es sich um Zeichnungen handelt.<\/span><\/p>\n<p>Im Kunstverein Hochrhein wurden einige Zeichnungen aus der Reihe\u00a0<strong>Visual Poetry \u2013 Letters <\/strong>gemeinsam pr\u00e4sentiert.<\/p>","protected":false},"excerpt":{"rendered":"<\/p>\n<p><strong>Visual Poetry \u2013 Letters\u00a0<\/strong>(Grafische Poesie \u2013 Buchstaben), ab 2016<br \/>\nZeichnungen, Buntstift und Graphit auf Papier, Unikate<br \/>\nGr\u00f6\u00dfe jeweils: DINA4<\/p>\n<p><strong>Der Mund<\/strong>, 2003<br \/>\nZeichnung, Gouche und Graphit auf Papier<br \/>\nGr\u00f6\u00dfe ca.: DINA4<\/p>\n<p>Ausstellungsansichten:<br \/>\nKunstverein Hochrhein \/ Villa Berberich,<\/p>\n<p><span class=\"ellipsis\">&hellip;<\/span><\/p>\n<div class=\"read-more\"><a href=\"https:\/\/www.johannasmiatek.com\/de\/visual-poetry\/\">Weiterlesen \u203a<\/a><\/div>\n<p><!-- end of .read-more --><\/p>\n","protected":false},"author":5,"featured_media":0,"parent":0,"menu_order":0,"comment_status":"closed","ping_status":"closed","template":"full-width-page.php","meta":{"ngg_post_thumbnail":0,"footnotes":""},"_links":{"self":[{"href":"https:\/\/www.johannasmiatek.com\/de\/wp-json\/wp\/v2\/pages\/2489"}],"collection":[{"href":"https:\/\/www.johannasmiatek.com\/de\/wp-json\/wp\/v2\/pages"}],"about":[{"href":"https:\/\/www.johannasmiatek.com\/de\/wp-json\/wp\/v2\/types\/page"}],"author":[{"embeddable":true,"href":"https:\/\/www.johannasmiatek.com\/de\/wp-json\/wp\/v2\/users\/5"}],"replies":[{"embeddable":true,"href":"https:\/\/www.johannasmiatek.com\/de\/wp-json\/wp\/v2\/comments?post=2489"}],"version-history":[{"count":14,"href":"https:\/\/www.johannasmiatek.com\/de\/wp-json\/wp\/v2\/pages\/2489\/revisions"}],"predecessor-version":[{"id":2909,"href":"https:\/\/www.johannasmiatek.com\/de\/wp-json\/wp\/v2\/pages\/2489\/revisions\/2909"}],"wp:attachment":[{"href":"https:\/\/www.johannasmiatek.com\/de\/wp-json\/wp\/v2\/media?parent=2489"}],"curies":[{"name":"wp","href":"https:\/\/api.w.org\/{rel}","templated":true}]}}