{"id":2465,"date":"2020-11-19T20:20:53","date_gmt":"2020-11-19T19:20:53","guid":{"rendered":"http:\/\/www.johannasmiatek.com\/?page_id=2465"},"modified":"2024-02-22T12:41:27","modified_gmt":"2024-02-22T11:41:27","slug":"melodymap-print","status":"publish","type":"page","link":"https:\/\/www.johannasmiatek.com\/de\/melodymap-print\/","title":{"rendered":"Melodymap Print"},"content":{"rendered":"<p><!-- index.php -->\n<div\n\tclass=\"ngg-galleryoverview\n\t ngg-ajax-pagination-none\t\"\n\tid=\"ngg-gallery-a142a160b476cbd2e9ee8d09126d15e6-1\">\n\n\t\t\t<!-- Thumbnails -->\n\t\t\t\t<div id=\"ngg-image-0\" class=\"ngg-gallery-thumbnail-box\" \n\t\t\t\t\t\t\t\t\t\t\t>\n\t\t\t\t\t\t<div class=\"ngg-gallery-thumbnail\">\n\t\t\t<a href=\"https:\/\/www.johannasmiatek.com\/wp-content\/gallery\/melodymap-print-2020\/print_0580-2.jpg\"\n\t\t\t\ttitle=\"Melodymap Print\"\n\t\t\t\tdata-src=\"https:\/\/www.johannasmiatek.com\/wp-content\/gallery\/melodymap-print-2020\/print_0580-2.jpg\"\n\t\t\t\tdata-thumbnail=\"https:\/\/www.johannasmiatek.com\/wp-content\/gallery\/melodymap-print-2020\/thumbs\/thumbs_print_0580-2.jpg\"\n\t\t\t\tdata-image-id=\"781\"\n\t\t\t\tdata-title=\"Melodymap Print 1-5, 2020\"\n\t\t\t\tdata-description=\"Melodymap Print\"\n\t\t\t\tdata-image-slug=\"melodymap-print-1-5-2020-14\"\n\t\t\t\tclass=\"ngg-simplelightbox\" rel=\"a142a160b476cbd2e9ee8d09126d15e6\">\n\t\t\t\t<img\n\t\t\t\t\ttitle=\"Melodymap Print 1-5, 2020\"\n\t\t\t\t\talt=\"Melodymap Print 1-5, 2020\"\n\t\t\t\t\tsrc=\"https:\/\/www.johannasmiatek.com\/wp-content\/gallery\/melodymap-print-2020\/thumbs\/thumbs_print_0580-2.jpg\"\n\t\t\t\t\twidth=\"126\"\n\t\t\t\t\theight=\"200\"\n\t\t\t\t\tstyle=\"max-width:100%;\"\n\t\t\t\t\/>\n\t\t\t<\/a>\n\t\t<\/div>\n\t\t\t\t\t\t\t<\/div> \n\t\t\t\n\t\t\n\t\t\t\t<div id=\"ngg-image-1\" class=\"ngg-gallery-thumbnail-box\" \n\t\t\t\t\t\t\t\t\t\t\t>\n\t\t\t\t\t\t<div class=\"ngg-gallery-thumbnail\">\n\t\t\t<a href=\"https:\/\/www.johannasmiatek.com\/wp-content\/gallery\/melodymap-print-2020\/print_0555-2-2.jpg\"\n\t\t\t\ttitle=\"Melodymap Print 1-5, 2020; 3 Drucke aus der Serie\"\n\t\t\t\tdata-src=\"https:\/\/www.johannasmiatek.com\/wp-content\/gallery\/melodymap-print-2020\/print_0555-2-2.jpg\"\n\t\t\t\tdata-thumbnail=\"https:\/\/www.johannasmiatek.com\/wp-content\/gallery\/melodymap-print-2020\/thumbs\/thumbs_print_0555-2-2.jpg\"\n\t\t\t\tdata-image-id=\"779\"\n\t\t\t\tdata-title=\"Melodymap Print 1-5, 2020\"\n\t\t\t\tdata-description=\"Melodymap Print 1-5, 2020; 3 Drucke aus der Serie\"\n\t\t\t\tdata-image-slug=\"melodymap-print-1-5-2020-12\"\n\t\t\t\tclass=\"ngg-simplelightbox\" rel=\"a142a160b476cbd2e9ee8d09126d15e6\">\n\t\t\t\t<img\n\t\t\t\t\ttitle=\"Melodymap Print 1-5, 2020\"\n\t\t\t\t\talt=\"Melodymap Print 1-5, 2020\"\n\t\t\t\t\tsrc=\"https:\/\/www.johannasmiatek.com\/wp-content\/gallery\/melodymap-print-2020\/thumbs\/thumbs_print_0555-2-2.jpg\"\n\t\t\t\t\twidth=\"321\"\n\t\t\t\t\theight=\"200\"\n\t\t\t\t\tstyle=\"max-width:100%;\"\n\t\t\t\t\/>\n\t\t\t<\/a>\n\t\t<\/div>\n\t\t\t\t\t\t\t<\/div> \n\t\t\t\n\t\t\n\t\t\t\t<div id=\"ngg-image-2\" class=\"ngg-gallery-thumbnail-box\" \n\t\t\t\t\t\t\t\t\t\t\t>\n\t\t\t\t\t\t<div class=\"ngg-gallery-thumbnail\">\n\t\t\t<a href=\"https:\/\/www.johannasmiatek.com\/wp-content\/gallery\/melodymap-print-2020\/print_0573-2.jpg\"\n\t\t\t\ttitle=\"Melodymap Print\"\n\t\t\t\tdata-src=\"https:\/\/www.johannasmiatek.com\/wp-content\/gallery\/melodymap-print-2020\/print_0573-2.jpg\"\n\t\t\t\tdata-thumbnail=\"https:\/\/www.johannasmiatek.com\/wp-content\/gallery\/melodymap-print-2020\/thumbs\/thumbs_print_0573-2.jpg\"\n\t\t\t\tdata-image-id=\"780\"\n\t\t\t\tdata-title=\"Melodymap Print 1-5, 2020\"\n\t\t\t\tdata-description=\"Melodymap Print\"\n\t\t\t\tdata-image-slug=\"melodymap-print-1-5-2020-13\"\n\t\t\t\tclass=\"ngg-simplelightbox\" rel=\"a142a160b476cbd2e9ee8d09126d15e6\">\n\t\t\t\t<img\n\t\t\t\t\ttitle=\"Melodymap Print 1-5, 2020\"\n\t\t\t\t\talt=\"Melodymap Print 1-5, 2020\"\n\t\t\t\t\tsrc=\"https:\/\/www.johannasmiatek.com\/wp-content\/gallery\/melodymap-print-2020\/thumbs\/thumbs_print_0573-2.jpg\"\n\t\t\t\t\twidth=\"129\"\n\t\t\t\t\theight=\"200\"\n\t\t\t\t\tstyle=\"max-width:100%;\"\n\t\t\t\t\/>\n\t\t\t<\/a>\n\t\t<\/div>\n\t\t\t\t\t\t\t<\/div> \n\t\t\t\n\t\t\n\t\t\t\t<div id=\"ngg-image-3\" class=\"ngg-gallery-thumbnail-box\" \n\t\t\t\t\t\t\t\t\t\t\t>\n\t\t\t\t\t\t<div class=\"ngg-gallery-thumbnail\">\n\t\t\t<a href=\"https:\/\/www.johannasmiatek.com\/wp-content\/gallery\/melodymap-print-2020\/20200228-dsc_0223_0.jpg\"\n\t\t\t\ttitle=\"Installationsansicht mit Melodymap\"\n\t\t\t\tdata-src=\"https:\/\/www.johannasmiatek.com\/wp-content\/gallery\/melodymap-print-2020\/20200228-dsc_0223_0.jpg\"\n\t\t\t\tdata-thumbnail=\"https:\/\/www.johannasmiatek.com\/wp-content\/gallery\/melodymap-print-2020\/thumbs\/thumbs_20200228-dsc_0223_0.jpg\"\n\t\t\t\tdata-image-id=\"776\"\n\t\t\t\tdata-title=\"Melodymap Print 1-5, 2020\"\n\t\t\t\tdata-description=\"Installationsansicht mit Melodymap\"\n\t\t\t\tdata-image-slug=\"melodymap-print-1-5-2020-9\"\n\t\t\t\tclass=\"ngg-simplelightbox\" rel=\"a142a160b476cbd2e9ee8d09126d15e6\">\n\t\t\t\t<img\n\t\t\t\t\ttitle=\"Melodymap Print 1-5, 2020\"\n\t\t\t\t\talt=\"Melodymap Print 1-5, 2020\"\n\t\t\t\t\tsrc=\"https:\/\/www.johannasmiatek.com\/wp-content\/gallery\/melodymap-print-2020\/thumbs\/thumbs_20200228-dsc_0223_0.jpg\"\n\t\t\t\t\twidth=\"281\"\n\t\t\t\t\theight=\"200\"\n\t\t\t\t\tstyle=\"max-width:100%;\"\n\t\t\t\t\/>\n\t\t\t<\/a>\n\t\t<\/div>\n\t\t\t\t\t\t\t<\/div> \n\t\t\t\n\t\t\n\t\t\t\t<div id=\"ngg-image-4\" class=\"ngg-gallery-thumbnail-box\" \n\t\t\t\t\t\t\t\t\t\t\t>\n\t\t\t\t\t\t<div class=\"ngg-gallery-thumbnail\">\n\t\t\t<a href=\"https:\/\/www.johannasmiatek.com\/wp-content\/gallery\/melodymap-print-2020\/20200228-dsc_0192_neu.jpg\"\n\t\t\t\ttitle=\"Installationsansicht mit Melodymap\"\n\t\t\t\tdata-src=\"https:\/\/www.johannasmiatek.com\/wp-content\/gallery\/melodymap-print-2020\/20200228-dsc_0192_neu.jpg\"\n\t\t\t\tdata-thumbnail=\"https:\/\/www.johannasmiatek.com\/wp-content\/gallery\/melodymap-print-2020\/thumbs\/thumbs_20200228-dsc_0192_neu.jpg\"\n\t\t\t\tdata-image-id=\"750\"\n\t\t\t\tdata-title=\"Melodymap Print 1-5, 2020\"\n\t\t\t\tdata-description=\"Installationsansicht mit Melodymap\"\n\t\t\t\tdata-image-slug=\"melodymap-print-1-5-2020-8\"\n\t\t\t\tclass=\"ngg-simplelightbox\" rel=\"a142a160b476cbd2e9ee8d09126d15e6\">\n\t\t\t\t<img\n\t\t\t\t\ttitle=\"Melodymap Print 1-5, 2020\"\n\t\t\t\t\talt=\"Melodymap Print 1-5, 2020\"\n\t\t\t\t\tsrc=\"https:\/\/www.johannasmiatek.com\/wp-content\/gallery\/melodymap-print-2020\/thumbs\/thumbs_20200228-dsc_0192_neu.jpg\"\n\t\t\t\t\twidth=\"298\"\n\t\t\t\t\theight=\"200\"\n\t\t\t\t\tstyle=\"max-width:100%;\"\n\t\t\t\t\/>\n\t\t\t<\/a>\n\t\t<\/div>\n\t\t\t\t\t\t\t<\/div> \n\t\t\t\n\t\t\n\t\t\t\t<div id=\"ngg-image-5\" class=\"ngg-gallery-thumbnail-box\" \n\t\t\t\t\t\t\t\t\t\t\t>\n\t\t\t\t\t\t<div class=\"ngg-gallery-thumbnail\">\n\t\t\t<a href=\"https:\/\/www.johannasmiatek.com\/wp-content\/gallery\/melodymap-print-2020\/20200229-dsc_0658_0.jpg\"\n\t\t\t\ttitle=\"Installationsansicht\"\n\t\t\t\tdata-src=\"https:\/\/www.johannasmiatek.com\/wp-content\/gallery\/melodymap-print-2020\/20200229-dsc_0658_0.jpg\"\n\t\t\t\tdata-thumbnail=\"https:\/\/www.johannasmiatek.com\/wp-content\/gallery\/melodymap-print-2020\/thumbs\/thumbs_20200229-dsc_0658_0.jpg\"\n\t\t\t\tdata-image-id=\"778\"\n\t\t\t\tdata-title=\"Melodymap Print 1-5, 2020\"\n\t\t\t\tdata-description=\"Installationsansicht\"\n\t\t\t\tdata-image-slug=\"melodymap-print-1-5-2020-11\"\n\t\t\t\tclass=\"ngg-simplelightbox\" rel=\"a142a160b476cbd2e9ee8d09126d15e6\">\n\t\t\t\t<img\n\t\t\t\t\ttitle=\"Melodymap Print 1-5, 2020\"\n\t\t\t\t\talt=\"Melodymap Print 1-5, 2020\"\n\t\t\t\t\tsrc=\"https:\/\/www.johannasmiatek.com\/wp-content\/gallery\/melodymap-print-2020\/thumbs\/thumbs_20200229-dsc_0658_0.jpg\"\n\t\t\t\t\twidth=\"299\"\n\t\t\t\t\theight=\"200\"\n\t\t\t\t\tstyle=\"max-width:100%;\"\n\t\t\t\t\/>\n\t\t\t<\/a>\n\t\t<\/div>\n\t\t\t\t\t\t\t<\/div> \n\t\t\t\n\t\t\n\t\t\t\t<div id=\"ngg-image-6\" class=\"ngg-gallery-thumbnail-box\" \n\t\t\t\t\t\t\t\t\t\t\t>\n\t\t\t\t\t\t<div class=\"ngg-gallery-thumbnail\">\n\t\t\t<a href=\"https:\/\/www.johannasmiatek.com\/wp-content\/gallery\/melodymap-print-2020\/20200228-dsc_0232_0.jpg\"\n\t\t\t\ttitle=\"Installationsansicht\"\n\t\t\t\tdata-src=\"https:\/\/www.johannasmiatek.com\/wp-content\/gallery\/melodymap-print-2020\/20200228-dsc_0232_0.jpg\"\n\t\t\t\tdata-thumbnail=\"https:\/\/www.johannasmiatek.com\/wp-content\/gallery\/melodymap-print-2020\/thumbs\/thumbs_20200228-dsc_0232_0.jpg\"\n\t\t\t\tdata-image-id=\"777\"\n\t\t\t\tdata-title=\"Melodymap Print 1-5, 2020\"\n\t\t\t\tdata-description=\"Installationsansicht\"\n\t\t\t\tdata-image-slug=\"melodymap-print-1-5-2020-10\"\n\t\t\t\tclass=\"ngg-simplelightbox\" rel=\"a142a160b476cbd2e9ee8d09126d15e6\">\n\t\t\t\t<img\n\t\t\t\t\ttitle=\"Melodymap Print 1-5, 2020\"\n\t\t\t\t\talt=\"Melodymap Print 1-5, 2020\"\n\t\t\t\t\tsrc=\"https:\/\/www.johannasmiatek.com\/wp-content\/gallery\/melodymap-print-2020\/thumbs\/thumbs_20200228-dsc_0232_0.jpg\"\n\t\t\t\t\twidth=\"298\"\n\t\t\t\t\theight=\"200\"\n\t\t\t\t\tstyle=\"max-width:100%;\"\n\t\t\t\t\/>\n\t\t\t<\/a>\n\t\t<\/div>\n\t\t\t\t\t\t\t<\/div> \n\t\t\t\n\t\t\n\t\t\n\t\t<!-- Pagination -->\n\t\t<div class='ngg-clear'><\/div>\t<\/div>\n\n<p><strong>Melodymap Print 1-5<\/strong>, 2020<br \/>\nDruck auf Papier, Unikate<br \/>\nGr\u00f6\u00dfe jeweils: 100 x 200 cm<br \/>\n<strong>Melodymap<\/strong>, 2020<br \/>\nTeppich bedruckt<br \/>\nGesamtgr\u00f6\u00dfe: 120 x 400 cm<\/p>\n<p>Ausstellungsansichten:<br \/>\nKunstverein Hochrhein \/ Villa Berberich<\/p>\n<p>\u201cMelodymap Print 1-5\u201d sind die grafischen Druck-Landkarten des &#8220;Melodymat&#8221; (ein interaktives kinetisches Klangobjekt). Die Drucke sind Unikate, die mit der dreidimensionalen Form erstellt wurden. Sie zeigen unterschiedliche Spurfolgen des &#8220;Melodymat&#8221;. Die Assoziation zu Klang\/Musik und Tanz ist gegeben.<br \/>\nIm weitestens Sinn erinnert die Arbeit auch an den &#8220;Automobile Tire Print&#8221; (1953) von Robert Rauschenberg.<\/p>\n<p>Die \u201cMelodymap\u201d ist ein Teppich, der die grafische Landkarte des &#8220;Melodymats&#8221; anzeigt. Wie bei \u201cMelodymap Print 1-5\u201d wurden mit der urspr\u00fcnglichen dreidimensionalen Form Abdr\u00fccke erstellt, die dann auf einem Teppich zusammengef\u00fchrt wurden.<\/p>","protected":false},"excerpt":{"rendered":"<\/p>\n<p><strong>Melodymap Print 1-5<\/strong>, 2020<br \/>\nDruck auf Papier, Unikate<br \/>\nGr\u00f6\u00dfe jeweils: 100 x 200 cm<br \/>\n<strong>Melodymap<\/strong>, 2020<br \/>\nTeppich bedruckt<br \/>\nGesamtgr\u00f6\u00dfe: 120 x 400 cm<\/p>\n<p>Ausstellungsansichten:<br \/>\nKunstverein Hochrhein \/ Villa Berberich<\/p>\n<p>\u201cMelodymap Print 1-5\u201d sind die grafischen Druck-Landkarten des &#8220;Melodymat&#8221;<\/p>\n<p><span class=\"ellipsis\">&hellip;<\/span><\/p>\n<div class=\"read-more\"><a href=\"https:\/\/www.johannasmiatek.com\/de\/melodymap-print\/\">Weiterlesen \u203a<\/a><\/div>\n<p><!-- end of .read-more --><\/p>\n","protected":false},"author":5,"featured_media":0,"parent":0,"menu_order":0,"comment_status":"closed","ping_status":"closed","template":"full-width-page.php","meta":{"ngg_post_thumbnail":0,"footnotes":""},"_links":{"self":[{"href":"https:\/\/www.johannasmiatek.com\/de\/wp-json\/wp\/v2\/pages\/2465"}],"collection":[{"href":"https:\/\/www.johannasmiatek.com\/de\/wp-json\/wp\/v2\/pages"}],"about":[{"href":"https:\/\/www.johannasmiatek.com\/de\/wp-json\/wp\/v2\/types\/page"}],"author":[{"embeddable":true,"href":"https:\/\/www.johannasmiatek.com\/de\/wp-json\/wp\/v2\/users\/5"}],"replies":[{"embeddable":true,"href":"https:\/\/www.johannasmiatek.com\/de\/wp-json\/wp\/v2\/comments?post=2465"}],"version-history":[{"count":15,"href":"https:\/\/www.johannasmiatek.com\/de\/wp-json\/wp\/v2\/pages\/2465\/revisions"}],"predecessor-version":[{"id":3691,"href":"https:\/\/www.johannasmiatek.com\/de\/wp-json\/wp\/v2\/pages\/2465\/revisions\/3691"}],"wp:attachment":[{"href":"https:\/\/www.johannasmiatek.com\/de\/wp-json\/wp\/v2\/media?parent=2465"}],"curies":[{"name":"wp","href":"https:\/\/api.w.org\/{rel}","templated":true}]}}