{"id":2452,"date":"2020-11-18T22:52:37","date_gmt":"2020-11-18T21:52:37","guid":{"rendered":"http:\/\/www.johannasmiatek.com\/?page_id=2452"},"modified":"2024-02-27T13:56:46","modified_gmt":"2024-02-27T12:56:46","slug":"spinning-in-space","status":"publish","type":"page","link":"https:\/\/www.johannasmiatek.com\/de\/spinning-in-space\/","title":{"rendered":"Spinning in space"},"content":{"rendered":"<p><\/p>\n<p class=\"p1\"><span class=\"s1\"><div id=\"wpfp_d7742bc9551ef6df4dfdb59a7f4fb611\" data-item=\"{&quot;sources&quot;:[{&quot;src&quot;:&quot;https:\\\/\\\/www.johannasmiatek.com\\\/wp-content\\\/uploads\\\/Sound_neu_960_540.m4v&quot;,&quot;type&quot;:&quot;video\\\/mp4&quot;}],&quot;splash&quot;:&quot;http:\\\/\\\/www.johannasmiatek.com\\\/wp-content\\\/uploads\\\/Spinning_Vorschau.jpg&quot;}\" class=\"flowplayer no-brand is-splash is-paused skin-slim no-svg fp-slim fp-edgy\" style=\"position:relative; max-width: 854px; max-height: 480px; \" data-ratio=\"0.5621\" data-advance=\"false\">\n\t<div class=\"fp-ratio\" style=\"padding-top: 56.21%\"><\/div>\n\t<img decoding=\"async\" class=\"fp-splash\" alt=\"video\" src=\"http:\/\/www.johannasmiatek.com\/wp-content\/uploads\/Spinning_Vorschau.jpg\" style=\"position:absolute;top:0;width:100%\" \/>\n\t<div class=\"fp-ui\"><noscript>Please enable JavaScript<\/noscript><div class=\"fp-play fp-visible\"><svg class=\"fp-play-sharp-fill\" xmlns=\"http:\/\/www.w3.org\/2000\/svg\" viewBox=\"0 0 100 100\"><defs><style>.fp-color-play{opacity:0.65;}.controlbutton{fill:#fff;}<\/style><\/defs><title>play-sharp-fill<\/title><path class=\"fp-color-play\" d=\"M49.9217-.078a50,50,0,1,0,50,50A50.0564,50.0564,0,0,0,49.9217-.078Z\"\/><polygon class=\"controlbutton\" points=\"73.601 50 37.968 70.573 37.968 29.427 73.601 50\" filter=\"url(#f1)\"\/><\/svg><\/div><div class=\"fp-preload\"><b><\/b><b><\/b><b><\/b><b><\/b><\/div><\/div>\n\n<\/div>\n<\/span><\/p>\n<p><strong>SPINNING IN SPACE OR:<\/strong><br \/>\n<strong> HOW REAL IS REALITY?<\/strong><\/p>\n<p>Dauer 6:24 min<\/p>\n<p>Ein sinnlicher Film \u00fcber die Unm\u00f6glichkeit der virtuellen Realit\u00e4t.<br \/>\n&#8230; und deren Magie.<br \/>\nMit folgenden Arbeiten<br \/>\n&#8220;Melodymat&#8221;<br \/>\n&#8220;Melodymap&#8221;, 2020<br \/>\n&#8220;Artist\u00b4s Nails&#8221;, 2015<br \/>\n&#8220;Melodymap-Performance&#8221;<\/p>\n<p>&nbsp;<\/p>","protected":false},"excerpt":{"rendered":"<\/p>\n<p class=\"p1\"><span class=\"s1\"><\/span><\/p>\n<p><strong>SPINNING IN SPACE OR:<\/strong><br \/>\n<strong> HOW REAL IS REALITY?<\/strong><\/p>\n<p>Dauer 6:24 min<\/p>\n<p>Ein sinnlicher Film \u00fcber die Unm\u00f6glichkeit der virtuellen Realit\u00e4t.<br \/>\n&#8230; und deren Magie.<\/p>\n<p><span class=\"ellipsis\">&hellip;<\/span><\/p>\n<div class=\"read-more\"><a href=\"https:\/\/www.johannasmiatek.com\/de\/spinning-in-space\/\">Weiterlesen \u203a<\/a><\/div>\n<p><!-- end of .read-more --><\/p>\n","protected":false},"author":4,"featured_media":3701,"parent":0,"menu_order":0,"comment_status":"closed","ping_status":"closed","template":"full-width-page.php","meta":{"ngg_post_thumbnail":0,"footnotes":""},"_links":{"self":[{"href":"https:\/\/www.johannasmiatek.com\/de\/wp-json\/wp\/v2\/pages\/2452"}],"collection":[{"href":"https:\/\/www.johannasmiatek.com\/de\/wp-json\/wp\/v2\/pages"}],"about":[{"href":"https:\/\/www.johannasmiatek.com\/de\/wp-json\/wp\/v2\/types\/page"}],"author":[{"embeddable":true,"href":"https:\/\/www.johannasmiatek.com\/de\/wp-json\/wp\/v2\/users\/4"}],"replies":[{"embeddable":true,"href":"https:\/\/www.johannasmiatek.com\/de\/wp-json\/wp\/v2\/comments?post=2452"}],"version-history":[{"count":18,"href":"https:\/\/www.johannasmiatek.com\/de\/wp-json\/wp\/v2\/pages\/2452\/revisions"}],"predecessor-version":[{"id":3752,"href":"https:\/\/www.johannasmiatek.com\/de\/wp-json\/wp\/v2\/pages\/2452\/revisions\/3752"}],"wp:featuredmedia":[{"embeddable":true,"href":"https:\/\/www.johannasmiatek.com\/de\/wp-json\/wp\/v2\/media\/3701"}],"wp:attachment":[{"href":"https:\/\/www.johannasmiatek.com\/de\/wp-json\/wp\/v2\/media?parent=2452"}],"curies":[{"name":"wp","href":"https:\/\/api.w.org\/{rel}","templated":true}]}}