{"id":245,"date":"2012-03-15T15:03:38","date_gmt":"2012-03-15T14:03:38","guid":{"rendered":"http:\/\/johannasmiatek.com\/new\/?page_id=245"},"modified":"2018-04-18T14:59:24","modified_gmt":"2018-04-18T12:59:24","slug":"doggydoggies","status":"publish","type":"page","link":"https:\/\/www.johannasmiatek.com\/de\/arbeiten\/doggydoggies\/","title":{"rendered":"Doggy Doggies"},"content":{"rendered":"<p><\/p><!-- index.php -->\n<div\n\tclass=\"ngg-galleryoverview\n\t ngg-ajax-pagination-none\t\"\n\tid=\"ngg-gallery-a3df32e018296e037268b42583418588-1\">\n\n\t\t\t<!-- Thumbnails -->\n\t\t\t\t<div id=\"ngg-image-0\" class=\"ngg-gallery-thumbnail-box\" \n\t\t\t\t\t\t\t\t\t\t\t>\n\t\t\t\t\t\t<div class=\"ngg-gallery-thumbnail\">\n\t\t\t<a href=\"https:\/\/www.johannasmiatek.com\/wp-content\/gallery\/dd\/dd_1.jpg\"\n\t\t\t\ttitle=\"Doggy Doggies, 2006-2008; Ausstellungsansicht\"\n\t\t\t\tdata-src=\"https:\/\/www.johannasmiatek.com\/wp-content\/gallery\/dd\/dd_1.jpg\"\n\t\t\t\tdata-thumbnail=\"https:\/\/www.johannasmiatek.com\/wp-content\/gallery\/dd\/thumbs\/thumbs_dd_1.jpg\"\n\t\t\t\tdata-image-id=\"119\"\n\t\t\t\tdata-title=\"Doggy Doggies\"\n\t\t\t\tdata-description=\"Doggy Doggies, 2006-2008; Ausstellungsansicht\"\n\t\t\t\tdata-image-slug=\"doggy-doggies\"\n\t\t\t\tclass=\"ngg-simplelightbox\" rel=\"a3df32e018296e037268b42583418588\">\n\t\t\t\t<img\n\t\t\t\t\ttitle=\"Doggy Doggies\"\n\t\t\t\t\talt=\"Doggy Doggies\"\n\t\t\t\t\tsrc=\"https:\/\/www.johannasmiatek.com\/wp-content\/gallery\/dd\/thumbs\/thumbs_dd_1.jpg\"\n\t\t\t\t\twidth=\"299\"\n\t\t\t\t\theight=\"200\"\n\t\t\t\t\tstyle=\"max-width:100%;\"\n\t\t\t\t\/>\n\t\t\t<\/a>\n\t\t<\/div>\n\t\t\t\t\t\t\t<\/div> \n\t\t\t\n\t\t\n\t\t\t\t<div id=\"ngg-image-1\" class=\"ngg-gallery-thumbnail-box\" \n\t\t\t\t\t\t\t\t\t\t\t>\n\t\t\t\t\t\t<div class=\"ngg-gallery-thumbnail\">\n\t\t\t<a href=\"https:\/\/www.johannasmiatek.com\/wp-content\/gallery\/dd\/dd_rampe.jpg\"\n\t\t\t\ttitle=\"Doggy Doggies Rampe, 2006-2008;  Rampe mit H\u00fctte, ca.110 x 705 x 200 cm;\n\nDoggy Doggies Tasche 3, 2008\"\n\t\t\t\tdata-src=\"https:\/\/www.johannasmiatek.com\/wp-content\/gallery\/dd\/dd_rampe.jpg\"\n\t\t\t\tdata-thumbnail=\"https:\/\/www.johannasmiatek.com\/wp-content\/gallery\/dd\/thumbs\/thumbs_dd_rampe.jpg\"\n\t\t\t\tdata-image-id=\"121\"\n\t\t\t\tdata-title=\"Doggy Doggies\"\n\t\t\t\tdata-description=\"Doggy Doggies Rampe, 2006-2008;  Rampe mit H\u00fctte, ca.110 x 705 x 200 cm;\n\nDoggy Doggies Tasche 3, 2008\"\n\t\t\t\tdata-image-slug=\"doggy-doggies-2\"\n\t\t\t\tclass=\"ngg-simplelightbox\" rel=\"a3df32e018296e037268b42583418588\">\n\t\t\t\t<img\n\t\t\t\t\ttitle=\"Doggy Doggies\"\n\t\t\t\t\talt=\"Doggy Doggies\"\n\t\t\t\t\tsrc=\"https:\/\/www.johannasmiatek.com\/wp-content\/gallery\/dd\/thumbs\/thumbs_dd_rampe.jpg\"\n\t\t\t\t\twidth=\"300\"\n\t\t\t\t\theight=\"200\"\n\t\t\t\t\tstyle=\"max-width:100%;\"\n\t\t\t\t\/>\n\t\t\t<\/a>\n\t\t<\/div>\n\t\t\t\t\t\t\t<\/div> \n\t\t\t\n\t\t\n\t\t\t\t<div id=\"ngg-image-2\" class=\"ngg-gallery-thumbnail-box\" \n\t\t\t\t\t\t\t\t\t\t\t>\n\t\t\t\t\t\t<div class=\"ngg-gallery-thumbnail\">\n\t\t\t<a href=\"https:\/\/www.johannasmiatek.com\/wp-content\/gallery\/dd\/dogbag1.jpg\"\n\t\t\t\ttitle=\"Doggy Doggies Tasche 1, 2006;\nca. 90 x 50 x 20 cm\"\n\t\t\t\tdata-src=\"https:\/\/www.johannasmiatek.com\/wp-content\/gallery\/dd\/dogbag1.jpg\"\n\t\t\t\tdata-thumbnail=\"https:\/\/www.johannasmiatek.com\/wp-content\/gallery\/dd\/thumbs\/thumbs_dogbag1.jpg\"\n\t\t\t\tdata-image-id=\"128\"\n\t\t\t\tdata-title=\"Doggy Doggies\"\n\t\t\t\tdata-description=\"Doggy Doggies Tasche 1, 2006;\nca. 90 x 50 x 20 cm\"\n\t\t\t\tdata-image-slug=\"doggy-doggies-10\"\n\t\t\t\tclass=\"ngg-simplelightbox\" rel=\"a3df32e018296e037268b42583418588\">\n\t\t\t\t<img\n\t\t\t\t\ttitle=\"Doggy Doggies\"\n\t\t\t\t\talt=\"Doggy Doggies\"\n\t\t\t\t\tsrc=\"https:\/\/www.johannasmiatek.com\/wp-content\/gallery\/dd\/thumbs\/thumbs_dogbag1.jpg\"\n\t\t\t\t\twidth=\"134\"\n\t\t\t\t\theight=\"200\"\n\t\t\t\t\tstyle=\"max-width:100%;\"\n\t\t\t\t\/>\n\t\t\t<\/a>\n\t\t<\/div>\n\t\t\t\t\t\t\t<\/div> \n\t\t\t\n\t\t\n\t\t\t\t<div id=\"ngg-image-3\" class=\"ngg-gallery-thumbnail-box\" \n\t\t\t\t\t\t\t\t\t\t\t>\n\t\t\t\t\t\t<div class=\"ngg-gallery-thumbnail\">\n\t\t\t<a href=\"https:\/\/www.johannasmiatek.com\/wp-content\/gallery\/dd\/dd.jpg\"\n\t\t\t\ttitle=\"DD, 2008 - Gold-Acryl auf Wand; ca. 200 x 200 cm\"\n\t\t\t\tdata-src=\"https:\/\/www.johannasmiatek.com\/wp-content\/gallery\/dd\/dd.jpg\"\n\t\t\t\tdata-thumbnail=\"https:\/\/www.johannasmiatek.com\/wp-content\/gallery\/dd\/thumbs\/thumbs_dd.jpg\"\n\t\t\t\tdata-image-id=\"118\"\n\t\t\t\tdata-title=\"Doggy Doggies\"\n\t\t\t\tdata-description=\"DD, 2008 - Gold-Acryl auf Wand; ca. 200 x 200 cm\"\n\t\t\t\tdata-image-slug=\"doggy-doggies-3\"\n\t\t\t\tclass=\"ngg-simplelightbox\" rel=\"a3df32e018296e037268b42583418588\">\n\t\t\t\t<img\n\t\t\t\t\ttitle=\"Doggy Doggies\"\n\t\t\t\t\talt=\"Doggy Doggies\"\n\t\t\t\t\tsrc=\"https:\/\/www.johannasmiatek.com\/wp-content\/gallery\/dd\/thumbs\/thumbs_dd.jpg\"\n\t\t\t\t\twidth=\"148\"\n\t\t\t\t\theight=\"200\"\n\t\t\t\t\tstyle=\"max-width:100%;\"\n\t\t\t\t\/>\n\t\t\t<\/a>\n\t\t<\/div>\n\t\t\t\t\t\t\t<\/div> \n\t\t\t\n\t\t\n\t\t\t\t<div id=\"ngg-image-4\" class=\"ngg-gallery-thumbnail-box\" \n\t\t\t\t\t\t\t\t\t\t\t>\n\t\t\t\t\t\t<div class=\"ngg-gallery-thumbnail\">\n\t\t\t<a href=\"https:\/\/www.johannasmiatek.com\/wp-content\/gallery\/dd\/dd_food.jpg\"\n\t\t\t\ttitle=\"Doggy Doggies Food, 2006 - \nInstallation mit zw\u00f6lf N\u00e4pfen und f\u00fcnfzehn Knochen; Keramik gebrannt und vergoldet, Spiegel; ca. 160 x 115 x 12 cm\"\n\t\t\t\tdata-src=\"https:\/\/www.johannasmiatek.com\/wp-content\/gallery\/dd\/dd_food.jpg\"\n\t\t\t\tdata-thumbnail=\"https:\/\/www.johannasmiatek.com\/wp-content\/gallery\/dd\/thumbs\/thumbs_dd_food.jpg\"\n\t\t\t\tdata-image-id=\"120\"\n\t\t\t\tdata-title=\"Doggy Doggies\"\n\t\t\t\tdata-description=\"Doggy Doggies Food, 2006 - \nInstallation mit zw\u00f6lf N\u00e4pfen und f\u00fcnfzehn Knochen; Keramik gebrannt und vergoldet, Spiegel; ca. 160 x 115 x 12 cm\"\n\t\t\t\tdata-image-slug=\"doggy-doggies-4\"\n\t\t\t\tclass=\"ngg-simplelightbox\" rel=\"a3df32e018296e037268b42583418588\">\n\t\t\t\t<img\n\t\t\t\t\ttitle=\"Doggy Doggies\"\n\t\t\t\t\talt=\"Doggy Doggies\"\n\t\t\t\t\tsrc=\"https:\/\/www.johannasmiatek.com\/wp-content\/gallery\/dd\/thumbs\/thumbs_dd_food.jpg\"\n\t\t\t\t\twidth=\"316\"\n\t\t\t\t\theight=\"200\"\n\t\t\t\t\tstyle=\"max-width:100%;\"\n\t\t\t\t\/>\n\t\t\t<\/a>\n\t\t<\/div>\n\t\t\t\t\t\t\t<\/div> \n\t\t\t\n\t\t\n\t\t\t\t<div id=\"ngg-image-5\" class=\"ngg-gallery-thumbnail-box\" \n\t\t\t\t\t\t\t\t\t\t\t>\n\t\t\t\t\t\t<div class=\"ngg-gallery-thumbnail\">\n\t\t\t<a href=\"https:\/\/www.johannasmiatek.com\/wp-content\/gallery\/dd\/dd_skizze_1.jpg\"\n\t\t\t\ttitle=\"Doggy Doggies - Zeichnungen: &quot;DD&quot;, 2006 und &quot;feminin&quot;, 2006\"\n\t\t\t\tdata-src=\"https:\/\/www.johannasmiatek.com\/wp-content\/gallery\/dd\/dd_skizze_1.jpg\"\n\t\t\t\tdata-thumbnail=\"https:\/\/www.johannasmiatek.com\/wp-content\/gallery\/dd\/thumbs\/thumbs_dd_skizze_1.jpg\"\n\t\t\t\tdata-image-id=\"123\"\n\t\t\t\tdata-title=\"Doggy Doggies\"\n\t\t\t\tdata-description=\"Doggy Doggies - Zeichnungen: &quot;DD&quot;, 2006 und &quot;feminin&quot;, 2006\"\n\t\t\t\tdata-image-slug=\"doggy-doggies-5\"\n\t\t\t\tclass=\"ngg-simplelightbox\" rel=\"a3df32e018296e037268b42583418588\">\n\t\t\t\t<img\n\t\t\t\t\ttitle=\"Doggy Doggies\"\n\t\t\t\t\talt=\"Doggy Doggies\"\n\t\t\t\t\tsrc=\"https:\/\/www.johannasmiatek.com\/wp-content\/gallery\/dd\/thumbs\/thumbs_dd_skizze_1.jpg\"\n\t\t\t\t\twidth=\"284\"\n\t\t\t\t\theight=\"200\"\n\t\t\t\t\tstyle=\"max-width:100%;\"\n\t\t\t\t\/>\n\t\t\t<\/a>\n\t\t<\/div>\n\t\t\t\t\t\t\t<\/div> \n\t\t\t\n\t\t\n\t\t\t\t<div id=\"ngg-image-6\" class=\"ngg-gallery-thumbnail-box\" \n\t\t\t\t\t\t\t\t\t\t\t>\n\t\t\t\t\t\t<div class=\"ngg-gallery-thumbnail\">\n\t\t\t<a href=\"https:\/\/www.johannasmiatek.com\/wp-content\/gallery\/dd\/dd_skizze_2.jpg\"\n\t\t\t\ttitle=\"Doggy Doggies - Zeichnungen: &quot;Glamourlook&quot;, 2006 und &quot;Alles kein Kinderspiel&quot;, 2008\"\n\t\t\t\tdata-src=\"https:\/\/www.johannasmiatek.com\/wp-content\/gallery\/dd\/dd_skizze_2.jpg\"\n\t\t\t\tdata-thumbnail=\"https:\/\/www.johannasmiatek.com\/wp-content\/gallery\/dd\/thumbs\/thumbs_dd_skizze_2.jpg\"\n\t\t\t\tdata-image-id=\"124\"\n\t\t\t\tdata-title=\"Doggy Doggies\"\n\t\t\t\tdata-description=\"Doggy Doggies - Zeichnungen: &quot;Glamourlook&quot;, 2006 und &quot;Alles kein Kinderspiel&quot;, 2008\"\n\t\t\t\tdata-image-slug=\"doggy-doggies-6\"\n\t\t\t\tclass=\"ngg-simplelightbox\" rel=\"a3df32e018296e037268b42583418588\">\n\t\t\t\t<img\n\t\t\t\t\ttitle=\"Doggy Doggies\"\n\t\t\t\t\talt=\"Doggy Doggies\"\n\t\t\t\t\tsrc=\"https:\/\/www.johannasmiatek.com\/wp-content\/gallery\/dd\/thumbs\/thumbs_dd_skizze_2.jpg\"\n\t\t\t\t\twidth=\"292\"\n\t\t\t\t\theight=\"200\"\n\t\t\t\t\tstyle=\"max-width:100%;\"\n\t\t\t\t\/>\n\t\t\t<\/a>\n\t\t<\/div>\n\t\t\t\t\t\t\t<\/div> \n\t\t\t\n\t\t\n\t\t\t\t<div id=\"ngg-image-7\" class=\"ngg-gallery-thumbnail-box\" \n\t\t\t\t\t\t\t\t\t\t\t>\n\t\t\t\t\t\t<div class=\"ngg-gallery-thumbnail\">\n\t\t\t<a href=\"https:\/\/www.johannasmiatek.com\/wp-content\/gallery\/dd\/dd_skizze_3.jpg\"\n\t\t\t\ttitle=\"Doggy Doggies - Zeichnungen: &quot;anziehend&quot;, 2008 und &quot;H\u00fcndchen&quot;, 2003\"\n\t\t\t\tdata-src=\"https:\/\/www.johannasmiatek.com\/wp-content\/gallery\/dd\/dd_skizze_3.jpg\"\n\t\t\t\tdata-thumbnail=\"https:\/\/www.johannasmiatek.com\/wp-content\/gallery\/dd\/thumbs\/thumbs_dd_skizze_3.jpg\"\n\t\t\t\tdata-image-id=\"125\"\n\t\t\t\tdata-title=\"Doggy Doggies\"\n\t\t\t\tdata-description=\"Doggy Doggies - Zeichnungen: &quot;anziehend&quot;, 2008 und &quot;H\u00fcndchen&quot;, 2003\"\n\t\t\t\tdata-image-slug=\"doggy-doggies-7\"\n\t\t\t\tclass=\"ngg-simplelightbox\" rel=\"a3df32e018296e037268b42583418588\">\n\t\t\t\t<img\n\t\t\t\t\ttitle=\"Doggy Doggies\"\n\t\t\t\t\talt=\"Doggy Doggies\"\n\t\t\t\t\tsrc=\"https:\/\/www.johannasmiatek.com\/wp-content\/gallery\/dd\/thumbs\/thumbs_dd_skizze_3.jpg\"\n\t\t\t\t\twidth=\"284\"\n\t\t\t\t\theight=\"200\"\n\t\t\t\t\tstyle=\"max-width:100%;\"\n\t\t\t\t\/>\n\t\t\t<\/a>\n\t\t<\/div>\n\t\t\t\t\t\t\t<\/div> \n\t\t\t\n\t\t\n\t\t\t\t<div id=\"ngg-image-8\" class=\"ngg-gallery-thumbnail-box\" \n\t\t\t\t\t\t\t\t\t\t\t>\n\t\t\t\t\t\t<div class=\"ngg-gallery-thumbnail\">\n\t\t\t<a href=\"https:\/\/www.johannasmiatek.com\/wp-content\/gallery\/dd\/dd_skizze_4.jpg\"\n\t\t\t\ttitle=\"Doggy Doggies - Zeichnungen: &quot;Pfiffi&quot;, 2003 und &quot;Lady-Bags&quot;, 2006\"\n\t\t\t\tdata-src=\"https:\/\/www.johannasmiatek.com\/wp-content\/gallery\/dd\/dd_skizze_4.jpg\"\n\t\t\t\tdata-thumbnail=\"https:\/\/www.johannasmiatek.com\/wp-content\/gallery\/dd\/thumbs\/thumbs_dd_skizze_4.jpg\"\n\t\t\t\tdata-image-id=\"126\"\n\t\t\t\tdata-title=\"Doggy Doggies\"\n\t\t\t\tdata-description=\"Doggy Doggies - Zeichnungen: &quot;Pfiffi&quot;, 2003 und &quot;Lady-Bags&quot;, 2006\"\n\t\t\t\tdata-image-slug=\"doggy-doggies-8\"\n\t\t\t\tclass=\"ngg-simplelightbox\" rel=\"a3df32e018296e037268b42583418588\">\n\t\t\t\t<img\n\t\t\t\t\ttitle=\"Doggy Doggies\"\n\t\t\t\t\talt=\"Doggy Doggies\"\n\t\t\t\t\tsrc=\"https:\/\/www.johannasmiatek.com\/wp-content\/gallery\/dd\/thumbs\/thumbs_dd_skizze_4.jpg\"\n\t\t\t\t\twidth=\"292\"\n\t\t\t\t\theight=\"200\"\n\t\t\t\t\tstyle=\"max-width:100%;\"\n\t\t\t\t\/>\n\t\t\t<\/a>\n\t\t<\/div>\n\t\t\t\t\t\t\t<\/div> \n\t\t\t\n\t\t\n\t\t\t\t<div id=\"ngg-image-9\" class=\"ngg-gallery-thumbnail-box\" \n\t\t\t\t\t\t\t\t\t\t\t>\n\t\t\t\t\t\t<div class=\"ngg-gallery-thumbnail\">\n\t\t\t<a href=\"https:\/\/www.johannasmiatek.com\/wp-content\/gallery\/dd\/dd_skizze_5.jpg\"\n\t\t\t\ttitle=\"Doggy Doggies - Zeichnungen: &quot;Rosa Brille&quot;, 2006 und &quot;Wusel&quot;, 2008\"\n\t\t\t\tdata-src=\"https:\/\/www.johannasmiatek.com\/wp-content\/gallery\/dd\/dd_skizze_5.jpg\"\n\t\t\t\tdata-thumbnail=\"https:\/\/www.johannasmiatek.com\/wp-content\/gallery\/dd\/thumbs\/thumbs_dd_skizze_5.jpg\"\n\t\t\t\tdata-image-id=\"127\"\n\t\t\t\tdata-title=\"Doggy Doggies\"\n\t\t\t\tdata-description=\"Doggy Doggies - Zeichnungen: &quot;Rosa Brille&quot;, 2006 und &quot;Wusel&quot;, 2008\"\n\t\t\t\tdata-image-slug=\"doggy-doggies-9\"\n\t\t\t\tclass=\"ngg-simplelightbox\" rel=\"a3df32e018296e037268b42583418588\">\n\t\t\t\t<img\n\t\t\t\t\ttitle=\"Doggy Doggies\"\n\t\t\t\t\talt=\"Doggy Doggies\"\n\t\t\t\t\tsrc=\"https:\/\/www.johannasmiatek.com\/wp-content\/gallery\/dd\/thumbs\/thumbs_dd_skizze_5.jpg\"\n\t\t\t\t\twidth=\"405\"\n\t\t\t\t\theight=\"200\"\n\t\t\t\t\tstyle=\"max-width:100%;\"\n\t\t\t\t\/>\n\t\t\t<\/a>\n\t\t<\/div>\n\t\t\t\t\t\t\t<\/div> \n\t\t\t\n\t\t\n\t\t\n\t\t<!-- Pagination -->\n\t\t<div class='ngg-clear'><\/div>\t<\/div>\n<div id=\"wpfp_778a377d6fe676c546cb53980bca96c9\" data-item=\"{&quot;sources&quot;:[{&quot;src&quot;:&quot;http:\\\/\\\/johannasmiatek.com\\\/wp-content\\\/uploads\\\/DD.mp4&quot;,&quot;type&quot;:&quot;video\\\/mp4&quot;}],&quot;splash&quot;:&quot;http:\\\/\\\/johannasmiatek.com\\\/wp-content\\\/gallery\\\/dd\\\/still_dd.jpg&quot;}\" class=\"flowplayer no-brand is-splash is-paused skin-slim no-svg fp-slim fp-edgy\" style=\"position:relative; max-width: 520px; max-height: 388px; \" data-ratio=\"0.7462\" data-advance=\"false\">\n\t<div class=\"fp-ratio\" style=\"padding-top: 74.62%\"><\/div>\n\t<img decoding=\"async\" class=\"fp-splash\" alt=\"video\" src=\"http:\/\/johannasmiatek.com\/wp-content\/gallery\/dd\/still_dd.jpg\" style=\"position:absolute;top:0;width:100%\" \/>\n\t<div class=\"fp-ui\"><noscript>Please enable JavaScript<\/noscript><div class=\"fp-play fp-visible\"><svg class=\"fp-play-sharp-fill\" xmlns=\"http:\/\/www.w3.org\/2000\/svg\" viewBox=\"0 0 100 100\"><defs><style>.fp-color-play{opacity:0.65;}.controlbutton{fill:#fff;}<\/style><\/defs><title>play-sharp-fill<\/title><path class=\"fp-color-play\" d=\"M49.9217-.078a50,50,0,1,0,50,50A50.0564,50.0564,0,0,0,49.9217-.078Z\"\/><polygon class=\"controlbutton\" points=\"73.601 50 37.968 70.573 37.968 29.427 73.601 50\" filter=\"url(#f1)\"\/><\/svg><\/div><div class=\"fp-preload\"><b><\/b><b><\/b><b><\/b><b><\/b><\/div><\/div>\n\n<\/div>\n\n<p><strong>Doggy Doggies<\/strong>, 2006-2008<br \/>\nInstallation mit verschiedenen Objekten<br \/>\nMa\u00dfe variabel<br \/>\nKunstpunkt Berlin, Galerie f\u00fcr aktuelle Kunst<\/p>\n<p>Die Werkgruppe besteht aus verschiedenen Objekten, die sich unter dem erfundenen Label DD als Luxusartikel f\u00fcr den modernen Gro\u00dfstadthund versammeln: Vergoldete N\u00e4pfe und Knochen oder Designertaschen in Form von Schossh\u00fcndchen. Dabei griff Johanna Smiatek bereits auf existierende Hunde-Requisiten zur\u00fcck, \u00fcber deren Absurdit\u00e4t und Vielf\u00e4ltigkeit sie selber erstaunt war. Im Prozess der \u00dcbertreibung und \u00dcberspitzung schuf sie im Verlauf mehrerer Jahre eine fiktive Produktsph\u00e4re, die sich ironisch an die Welt der Mode und des Konsums anlehnt. So sind die ineinander verschlungenen Ds von <em>Doggy Doggies<\/em> ein Verweis auf das Logo von Coco Chanel. (Zitat:\u00a0Marc Wellmann)<\/p>\n<p>&nbsp;<\/p>\n<p>","protected":false},"excerpt":{"rendered":"<\/p>\n<p class=\"video\">\n<p><strong>Doggy Doggies<\/strong>, 2006-2008<br \/>\nInstallation mit verschiedenen Objekten<br \/>\nMa\u00dfe variabel<br \/>\nKunstpunkt Berlin, Galerie f\u00fcr aktuelle Kunst<\/p>\n<p>Die Werkgruppe besteht aus verschiedenen Objekten, die sich unter dem erfundenen Label DD als Luxusartikel f\u00fcr den modernen Gro\u00dfstadthund versammeln: Vergoldete N\u00e4pfe und Knochen oder Designertaschen in Form von Schossh\u00fcndchen.<\/p>\n<p><span class=\"ellipsis\">&hellip;<\/span><\/p>\n<div class=\"read-more\"><a href=\"https:\/\/www.johannasmiatek.com\/de\/arbeiten\/doggydoggies\/\">Weiterlesen \u203a<\/a><\/div>\n<p><!-- end of .read-more --><\/p>\n","protected":false},"author":1,"featured_media":0,"parent":13,"menu_order":0,"comment_status":"closed","ping_status":"closed","template":"full-width-page.php","meta":{"ngg_post_thumbnail":0,"footnotes":""},"_links":{"self":[{"href":"https:\/\/www.johannasmiatek.com\/de\/wp-json\/wp\/v2\/pages\/245"}],"collection":[{"href":"https:\/\/www.johannasmiatek.com\/de\/wp-json\/wp\/v2\/pages"}],"about":[{"href":"https:\/\/www.johannasmiatek.com\/de\/wp-json\/wp\/v2\/types\/page"}],"author":[{"embeddable":true,"href":"https:\/\/www.johannasmiatek.com\/de\/wp-json\/wp\/v2\/users\/1"}],"replies":[{"embeddable":true,"href":"https:\/\/www.johannasmiatek.com\/de\/wp-json\/wp\/v2\/comments?post=245"}],"version-history":[{"count":25,"href":"https:\/\/www.johannasmiatek.com\/de\/wp-json\/wp\/v2\/pages\/245\/revisions"}],"predecessor-version":[{"id":1649,"href":"https:\/\/www.johannasmiatek.com\/de\/wp-json\/wp\/v2\/pages\/245\/revisions\/1649"}],"up":[{"embeddable":true,"href":"https:\/\/www.johannasmiatek.com\/de\/wp-json\/wp\/v2\/pages\/13"}],"wp:attachment":[{"href":"https:\/\/www.johannasmiatek.com\/de\/wp-json\/wp\/v2\/media?parent=245"}],"curies":[{"name":"wp","href":"https:\/\/api.w.org\/{rel}","templated":true}]}}