{"id":2425,"date":"2020-11-19T20:10:45","date_gmt":"2020-11-19T19:10:45","guid":{"rendered":"http:\/\/www.johannasmiatek.com\/?page_id=2425"},"modified":"2024-02-27T13:48:37","modified_gmt":"2024-02-27T12:48:37","slug":"melodymap","status":"publish","type":"page","link":"https:\/\/www.johannasmiatek.com\/de\/melodymap\/","title":{"rendered":"Melodymap"},"content":{"rendered":"<p><!-- index.php -->\n<div\n\tclass=\"ngg-galleryoverview\n\t ngg-ajax-pagination-none\t\"\n\tid=\"ngg-gallery-a3cb0383f1a09f76637cbb06b5c8e05f-1\">\n\n\t\t\t<!-- Thumbnails -->\n\t\t\t\t<div id=\"ngg-image-0\" class=\"ngg-gallery-thumbnail-box\" \n\t\t\t\t\t\t\t\t\t\t\t>\n\t\t\t\t\t\t<div class=\"ngg-gallery-thumbnail\">\n\t\t\t<a href=\"https:\/\/www.johannasmiatek.com\/wp-content\/gallery\/melodymap-2020\/dsc_0168_melodyinst2.jpg\"\n\t\t\t\ttitle=\"Melodymap; Installation im Kunstverein Hochrhein\"\n\t\t\t\tdata-src=\"https:\/\/www.johannasmiatek.com\/wp-content\/gallery\/melodymap-2020\/dsc_0168_melodyinst2.jpg\"\n\t\t\t\tdata-thumbnail=\"https:\/\/www.johannasmiatek.com\/wp-content\/gallery\/melodymap-2020\/thumbs\/thumbs_dsc_0168_melodyinst2.jpg\"\n\t\t\t\tdata-image-id=\"736\"\n\t\t\t\tdata-title=\"Melodymap\"\n\t\t\t\tdata-description=\"Melodymap; Installation im Kunstverein Hochrhein\"\n\t\t\t\tdata-image-slug=\"melodymap-2020\"\n\t\t\t\tclass=\"ngg-simplelightbox\" rel=\"a3cb0383f1a09f76637cbb06b5c8e05f\">\n\t\t\t\t<img\n\t\t\t\t\ttitle=\"Melodymap\"\n\t\t\t\t\talt=\"Melodymap\"\n\t\t\t\t\tsrc=\"https:\/\/www.johannasmiatek.com\/wp-content\/gallery\/melodymap-2020\/thumbs\/thumbs_dsc_0168_melodyinst2.jpg\"\n\t\t\t\t\twidth=\"133\"\n\t\t\t\t\theight=\"200\"\n\t\t\t\t\tstyle=\"max-width:100%;\"\n\t\t\t\t\/>\n\t\t\t<\/a>\n\t\t<\/div>\n\t\t\t\t\t\t\t<\/div> \n\t\t\t\n\t\t\n\t\t\t\t<div id=\"ngg-image-1\" class=\"ngg-gallery-thumbnail-box\" \n\t\t\t\t\t\t\t\t\t\t\t>\n\t\t\t\t\t\t<div class=\"ngg-gallery-thumbnail\">\n\t\t\t<a href=\"https:\/\/www.johannasmiatek.com\/wp-content\/gallery\/melodymap-2020\/20200228-dsc_0291.jpg\"\n\t\t\t\ttitle=\"\"\n\t\t\t\tdata-src=\"https:\/\/www.johannasmiatek.com\/wp-content\/gallery\/melodymap-2020\/20200228-dsc_0291.jpg\"\n\t\t\t\tdata-thumbnail=\"https:\/\/www.johannasmiatek.com\/wp-content\/gallery\/melodymap-2020\/thumbs\/thumbs_20200228-dsc_0291.jpg\"\n\t\t\t\tdata-image-id=\"735\"\n\t\t\t\tdata-title=\"Melodymap\"\n\t\t\t\tdata-description=\"\"\n\t\t\t\tdata-image-slug=\"melodymap-2020-2\"\n\t\t\t\tclass=\"ngg-simplelightbox\" rel=\"a3cb0383f1a09f76637cbb06b5c8e05f\">\n\t\t\t\t<img\n\t\t\t\t\ttitle=\"Melodymap\"\n\t\t\t\t\talt=\"Melodymap\"\n\t\t\t\t\tsrc=\"https:\/\/www.johannasmiatek.com\/wp-content\/gallery\/melodymap-2020\/thumbs\/thumbs_20200228-dsc_0291.jpg\"\n\t\t\t\t\twidth=\"133\"\n\t\t\t\t\theight=\"200\"\n\t\t\t\t\tstyle=\"max-width:100%;\"\n\t\t\t\t\/>\n\t\t\t<\/a>\n\t\t<\/div>\n\t\t\t\t\t\t\t<\/div> \n\t\t\t\n\t\t\n\t\t\t\t<div id=\"ngg-image-2\" class=\"ngg-gallery-thumbnail-box\" \n\t\t\t\t\t\t\t\t\t\t\t>\n\t\t\t\t\t\t<div class=\"ngg-gallery-thumbnail\">\n\t\t\t<a href=\"https:\/\/www.johannasmiatek.com\/wp-content\/gallery\/melodymap-2020\/20200228-dsc_0261_teppich.jpg\"\n\t\t\t\ttitle=\"\"\n\t\t\t\tdata-src=\"https:\/\/www.johannasmiatek.com\/wp-content\/gallery\/melodymap-2020\/20200228-dsc_0261_teppich.jpg\"\n\t\t\t\tdata-thumbnail=\"https:\/\/www.johannasmiatek.com\/wp-content\/gallery\/melodymap-2020\/thumbs\/thumbs_20200228-dsc_0261_teppich.jpg\"\n\t\t\t\tdata-image-id=\"732\"\n\t\t\t\tdata-title=\"Melodymap\"\n\t\t\t\tdata-description=\"\"\n\t\t\t\tdata-image-slug=\"melodymap-2020-3\"\n\t\t\t\tclass=\"ngg-simplelightbox\" rel=\"a3cb0383f1a09f76637cbb06b5c8e05f\">\n\t\t\t\t<img\n\t\t\t\t\ttitle=\"Melodymap\"\n\t\t\t\t\talt=\"Melodymap\"\n\t\t\t\t\tsrc=\"https:\/\/www.johannasmiatek.com\/wp-content\/gallery\/melodymap-2020\/thumbs\/thumbs_20200228-dsc_0261_teppich.jpg\"\n\t\t\t\t\twidth=\"298\"\n\t\t\t\t\theight=\"200\"\n\t\t\t\t\tstyle=\"max-width:100%;\"\n\t\t\t\t\/>\n\t\t\t<\/a>\n\t\t<\/div>\n\t\t\t\t\t\t\t<\/div> \n\t\t\t\n\t\t\n\t\t\t\t<div id=\"ngg-image-3\" class=\"ngg-gallery-thumbnail-box\" \n\t\t\t\t\t\t\t\t\t\t\t>\n\t\t\t\t\t\t<div class=\"ngg-gallery-thumbnail\">\n\t\t\t<a href=\"https:\/\/www.johannasmiatek.com\/wp-content\/gallery\/melodymap-2020\/20200229-dsc_0595_glocke.jpg\"\n\t\t\t\ttitle=\"&quot;Artist&#039;s Nails&quot; (2015) unter einer Glasglocke auf Melodymap\"\n\t\t\t\tdata-src=\"https:\/\/www.johannasmiatek.com\/wp-content\/gallery\/melodymap-2020\/20200229-dsc_0595_glocke.jpg\"\n\t\t\t\tdata-thumbnail=\"https:\/\/www.johannasmiatek.com\/wp-content\/gallery\/melodymap-2020\/thumbs\/thumbs_20200229-dsc_0595_glocke.jpg\"\n\t\t\t\tdata-image-id=\"738\"\n\t\t\t\tdata-title=\"Artist&#039;s Nails\"\n\t\t\t\tdata-description=\"&quot;Artist&#039;s Nails&quot; (2015) unter einer Glasglocke auf Melodymap\"\n\t\t\t\tdata-image-slug=\"artists-nails\"\n\t\t\t\tclass=\"ngg-simplelightbox\" rel=\"a3cb0383f1a09f76637cbb06b5c8e05f\">\n\t\t\t\t<img\n\t\t\t\t\ttitle=\"Artist&#039;s Nails\"\n\t\t\t\t\talt=\"Artist&#039;s Nails\"\n\t\t\t\t\tsrc=\"https:\/\/www.johannasmiatek.com\/wp-content\/gallery\/melodymap-2020\/thumbs\/thumbs_20200229-dsc_0595_glocke.jpg\"\n\t\t\t\t\twidth=\"298\"\n\t\t\t\t\theight=\"200\"\n\t\t\t\t\tstyle=\"max-width:100%;\"\n\t\t\t\t\/>\n\t\t\t<\/a>\n\t\t<\/div>\n\t\t\t\t\t\t\t<\/div> \n\t\t\t\n\t\t\n\t\t\t\t<div id=\"ngg-image-4\" class=\"ngg-gallery-thumbnail-box\" \n\t\t\t\t\t\t\t\t\t\t\t>\n\t\t\t\t\t\t<div class=\"ngg-gallery-thumbnail\">\n\t\t\t<a href=\"https:\/\/www.johannasmiatek.com\/wp-content\/gallery\/melodymap-2020\/20200229-dsc_0639_teppichball1.jpg\"\n\t\t\t\ttitle=\"Ausschnitt\"\n\t\t\t\tdata-src=\"https:\/\/www.johannasmiatek.com\/wp-content\/gallery\/melodymap-2020\/20200229-dsc_0639_teppichball1.jpg\"\n\t\t\t\tdata-thumbnail=\"https:\/\/www.johannasmiatek.com\/wp-content\/gallery\/melodymap-2020\/thumbs\/thumbs_20200229-dsc_0639_teppichball1.jpg\"\n\t\t\t\tdata-image-id=\"729\"\n\t\t\t\tdata-title=\"Melodymap\"\n\t\t\t\tdata-description=\"Ausschnitt\"\n\t\t\t\tdata-image-slug=\"melodymap-2020-6\"\n\t\t\t\tclass=\"ngg-simplelightbox\" rel=\"a3cb0383f1a09f76637cbb06b5c8e05f\">\n\t\t\t\t<img\n\t\t\t\t\ttitle=\"Melodymap\"\n\t\t\t\t\talt=\"Melodymap\"\n\t\t\t\t\tsrc=\"https:\/\/www.johannasmiatek.com\/wp-content\/gallery\/melodymap-2020\/thumbs\/thumbs_20200229-dsc_0639_teppichball1.jpg\"\n\t\t\t\t\twidth=\"298\"\n\t\t\t\t\theight=\"200\"\n\t\t\t\t\tstyle=\"max-width:100%;\"\n\t\t\t\t\/>\n\t\t\t<\/a>\n\t\t<\/div>\n\t\t\t\t\t\t\t<\/div> \n\t\t\t\n\t\t\n\t\t\t\t<div id=\"ngg-image-5\" class=\"ngg-gallery-thumbnail-box\" \n\t\t\t\t\t\t\t\t\t\t\t>\n\t\t\t\t\t\t<div class=\"ngg-gallery-thumbnail\">\n\t\t\t<a href=\"https:\/\/www.johannasmiatek.com\/wp-content\/gallery\/melodymap-2020\/20200229-dsc_0643_teppichball2.jpg\"\n\t\t\t\ttitle=\"Ausschnitt, Melodymap-Performance mit dem Melodymat\"\n\t\t\t\tdata-src=\"https:\/\/www.johannasmiatek.com\/wp-content\/gallery\/melodymap-2020\/20200229-dsc_0643_teppichball2.jpg\"\n\t\t\t\tdata-thumbnail=\"https:\/\/www.johannasmiatek.com\/wp-content\/gallery\/melodymap-2020\/thumbs\/thumbs_20200229-dsc_0643_teppichball2.jpg\"\n\t\t\t\tdata-image-id=\"730\"\n\t\t\t\tdata-title=\"Melodymap\"\n\t\t\t\tdata-description=\"Ausschnitt, Melodymap-Performance mit dem Melodymat\"\n\t\t\t\tdata-image-slug=\"melodymap-2020-7\"\n\t\t\t\tclass=\"ngg-simplelightbox\" rel=\"a3cb0383f1a09f76637cbb06b5c8e05f\">\n\t\t\t\t<img\n\t\t\t\t\ttitle=\"Melodymap\"\n\t\t\t\t\talt=\"Melodymap\"\n\t\t\t\t\tsrc=\"https:\/\/www.johannasmiatek.com\/wp-content\/gallery\/melodymap-2020\/thumbs\/thumbs_20200229-dsc_0643_teppichball2.jpg\"\n\t\t\t\t\twidth=\"298\"\n\t\t\t\t\theight=\"200\"\n\t\t\t\t\tstyle=\"max-width:100%;\"\n\t\t\t\t\/>\n\t\t\t<\/a>\n\t\t<\/div>\n\t\t\t\t\t\t\t<\/div> \n\t\t\t\n\t\t\n\t\t\t\t<div id=\"ngg-image-6\" class=\"ngg-gallery-thumbnail-box\" \n\t\t\t\t\t\t\t\t\t\t\t>\n\t\t\t\t\t\t<div class=\"ngg-gallery-thumbnail\">\n\t\t\t<a href=\"https:\/\/www.johannasmiatek.com\/wp-content\/gallery\/melodymap-2020\/20200229-dsc_0655_teppichball3.jpg\"\n\t\t\t\ttitle=\"Ausschnitt, Melodymap-Performance\"\n\t\t\t\tdata-src=\"https:\/\/www.johannasmiatek.com\/wp-content\/gallery\/melodymap-2020\/20200229-dsc_0655_teppichball3.jpg\"\n\t\t\t\tdata-thumbnail=\"https:\/\/www.johannasmiatek.com\/wp-content\/gallery\/melodymap-2020\/thumbs\/thumbs_20200229-dsc_0655_teppichball3.jpg\"\n\t\t\t\tdata-image-id=\"731\"\n\t\t\t\tdata-title=\"Melodymap\"\n\t\t\t\tdata-description=\"Ausschnitt, Melodymap-Performance\"\n\t\t\t\tdata-image-slug=\"melodymap-2020-8\"\n\t\t\t\tclass=\"ngg-simplelightbox\" rel=\"a3cb0383f1a09f76637cbb06b5c8e05f\">\n\t\t\t\t<img\n\t\t\t\t\ttitle=\"Melodymap\"\n\t\t\t\t\talt=\"Melodymap\"\n\t\t\t\t\tsrc=\"https:\/\/www.johannasmiatek.com\/wp-content\/gallery\/melodymap-2020\/thumbs\/thumbs_20200229-dsc_0655_teppichball3.jpg\"\n\t\t\t\t\twidth=\"298\"\n\t\t\t\t\theight=\"200\"\n\t\t\t\t\tstyle=\"max-width:100%;\"\n\t\t\t\t\/>\n\t\t\t<\/a>\n\t\t<\/div>\n\t\t\t\t\t\t\t<\/div> \n\t\t\t\n\t\t\n\t\t\t\t<div id=\"ngg-image-7\" class=\"ngg-gallery-thumbnail-box\" \n\t\t\t\t\t\t\t\t\t\t\t>\n\t\t\t\t\t\t<div class=\"ngg-gallery-thumbnail\">\n\t\t\t<a href=\"https:\/\/www.johannasmiatek.com\/wp-content\/gallery\/melodymap-2020\/20200228-dsc_0367_teppich.jpg\"\n\t\t\t\ttitle=\"Ausschnitt, Melodymap-Performance\"\n\t\t\t\tdata-src=\"https:\/\/www.johannasmiatek.com\/wp-content\/gallery\/melodymap-2020\/20200228-dsc_0367_teppich.jpg\"\n\t\t\t\tdata-thumbnail=\"https:\/\/www.johannasmiatek.com\/wp-content\/gallery\/melodymap-2020\/thumbs\/thumbs_20200228-dsc_0367_teppich.jpg\"\n\t\t\t\tdata-image-id=\"734\"\n\t\t\t\tdata-title=\"Melodymap\"\n\t\t\t\tdata-description=\"Ausschnitt, Melodymap-Performance\"\n\t\t\t\tdata-image-slug=\"melodymap-2020-9\"\n\t\t\t\tclass=\"ngg-simplelightbox\" rel=\"a3cb0383f1a09f76637cbb06b5c8e05f\">\n\t\t\t\t<img\n\t\t\t\t\ttitle=\"Melodymap\"\n\t\t\t\t\talt=\"Melodymap\"\n\t\t\t\t\tsrc=\"https:\/\/www.johannasmiatek.com\/wp-content\/gallery\/melodymap-2020\/thumbs\/thumbs_20200228-dsc_0367_teppich.jpg\"\n\t\t\t\t\twidth=\"294\"\n\t\t\t\t\theight=\"200\"\n\t\t\t\t\tstyle=\"max-width:100%;\"\n\t\t\t\t\/>\n\t\t\t<\/a>\n\t\t<\/div>\n\t\t\t\t\t\t\t<\/div> \n\t\t\t\n\t\t\n\t\t\n\t\t<!-- Pagination -->\n\t\t<div class='ngg-clear'><\/div>\t<\/div>\n\n<p class=\"p1\"><span class=\"s1\"><div id=\"wpfp_ba0b0c6c2e7f41dd6d75d0e4557a983f\" data-item=\"{&quot;sources&quot;:[{&quot;src&quot;:&quot;https:\\\/\\\/www.johannasmiatek.com\\\/wp-content\\\/uploads\\\/MelodyPerf_Sound_neu_854_480_WM.m4v&quot;,&quot;type&quot;:&quot;video\\\/mp4&quot;}],&quot;splash&quot;:&quot;http:\\\/\\\/www.johannasmiatek.com\\\/wp-content\\\/uploads\\\/Performance_1.jpg&quot;}\" class=\"flowplayer no-brand is-splash is-paused skin-slim no-svg fp-slim fp-edgy\" style=\"position:relative; max-width: 568px; max-height: 320px; \" data-ratio=\"0.5634\" data-advance=\"false\">\n\t<div class=\"fp-ratio\" style=\"padding-top: 56.34%\"><\/div>\n\t<img decoding=\"async\" class=\"fp-splash\" alt=\"video\" src=\"http:\/\/www.johannasmiatek.com\/wp-content\/uploads\/Performance_1.jpg\" style=\"position:absolute;top:0;width:100%\" \/>\n\t<div class=\"fp-ui\"><noscript>Please enable JavaScript<\/noscript><div class=\"fp-play fp-visible\"><svg class=\"fp-play-sharp-fill\" xmlns=\"http:\/\/www.w3.org\/2000\/svg\" viewBox=\"0 0 100 100\"><defs><style>.fp-color-play{opacity:0.65;}.controlbutton{fill:#fff;}<\/style><\/defs><title>play-sharp-fill<\/title><path class=\"fp-color-play\" d=\"M49.9217-.078a50,50,0,1,0,50,50A50.0564,50.0564,0,0,0,49.9217-.078Z\"\/><polygon class=\"controlbutton\" points=\"73.601 50 37.968 70.573 37.968 29.427 73.601 50\" filter=\"url(#f1)\"\/><\/svg><\/div><div class=\"fp-preload\"><b><\/b><b><\/b><b><\/b><b><\/b><\/div><\/div>\n\n<\/div>\n<\/span><\/p>\n<p><strong>Melodymap<\/strong>, 2020<br \/>\nTeppich bedruckt<br \/>\nGesamtgr\u00f6\u00dfe: 120 x 400 cm<br \/>\n<strong>Melodymap-Performance<\/strong><\/p>\n<p>Ausstellungsansichten:<br \/>\nKunstverein Hochrhein \/ Villa Berberich<\/p>\n<p>Die \u201cMelodymap\u201d ist ein Teppich, der die grafische Landkarte des &#8220;Melodymats&#8221; anzeigt. Mit Hilfe der urspr\u00fcnglichen dreidimensionalen Form wurden unterschiedliche Abdr\u00fccke erstellt und diese auf einem Teppich zusammengef\u00fchrt.<br \/>\nIm weitesten Sinn erinnert die Arbeit auch an den &#8220;Automobile Tire Print&#8221; (1953) von Robert Rauschenberg.<\/p>\n<p>Auf diesem Teppich, gemeinsam mit dem &#8220;Melodymat&#8221;, wurde die Melodymap-Performance in der Ausstellung &#8220;The Good, the Bad, the Ugly, and the Beautiful&#8221; uraufgef\u00fchrt.<\/p>","protected":false},"excerpt":{"rendered":"<\/p>\n<p class=\"p1\"><span class=\"s1\"><\/span><\/p>\n<p><strong>Melodymap<\/strong>, 2020<br \/>\nTeppich bedruckt<br \/>\nGesamtgr\u00f6\u00dfe: 120 x 400 cm<br \/>\n<strong>Melodymap-Performance<\/strong><\/p>\n<p>Ausstellungsansichten:<br \/>\nKunstverein Hochrhein \/ Villa Berberich<\/p>\n<p>Die \u201cMelodymap\u201d ist ein Teppich,<\/p>\n<p><span class=\"ellipsis\">&hellip;<\/span><\/p>\n<div class=\"read-more\"><a href=\"https:\/\/www.johannasmiatek.com\/de\/melodymap\/\">Weiterlesen \u203a<\/a><\/div>\n<p><!-- end of .read-more --><\/p>\n","protected":false},"author":5,"featured_media":3668,"parent":0,"menu_order":0,"comment_status":"closed","ping_status":"closed","template":"full-width-page.php","meta":{"ngg_post_thumbnail":0,"footnotes":""},"_links":{"self":[{"href":"https:\/\/www.johannasmiatek.com\/de\/wp-json\/wp\/v2\/pages\/2425"}],"collection":[{"href":"https:\/\/www.johannasmiatek.com\/de\/wp-json\/wp\/v2\/pages"}],"about":[{"href":"https:\/\/www.johannasmiatek.com\/de\/wp-json\/wp\/v2\/types\/page"}],"author":[{"embeddable":true,"href":"https:\/\/www.johannasmiatek.com\/de\/wp-json\/wp\/v2\/users\/5"}],"replies":[{"embeddable":true,"href":"https:\/\/www.johannasmiatek.com\/de\/wp-json\/wp\/v2\/comments?post=2425"}],"version-history":[{"count":31,"href":"https:\/\/www.johannasmiatek.com\/de\/wp-json\/wp\/v2\/pages\/2425\/revisions"}],"predecessor-version":[{"id":3748,"href":"https:\/\/www.johannasmiatek.com\/de\/wp-json\/wp\/v2\/pages\/2425\/revisions\/3748"}],"wp:featuredmedia":[{"embeddable":true,"href":"https:\/\/www.johannasmiatek.com\/de\/wp-json\/wp\/v2\/media\/3668"}],"wp:attachment":[{"href":"https:\/\/www.johannasmiatek.com\/de\/wp-json\/wp\/v2\/media?parent=2425"}],"curies":[{"name":"wp","href":"https:\/\/api.w.org\/{rel}","templated":true}]}}