{"id":2298,"date":"2019-09-15T17:55:44","date_gmt":"2019-09-15T15:55:44","guid":{"rendered":"http:\/\/www.johannasmiatek.com\/?page_id=2298"},"modified":"2024-02-27T13:40:08","modified_gmt":"2024-02-27T12:40:08","slug":"melodymat","status":"publish","type":"page","link":"https:\/\/www.johannasmiatek.com\/de\/melodymat\/","title":{"rendered":"Melodymat"},"content":{"rendered":"<p><!-- index.php -->\n<div\n\tclass=\"ngg-galleryoverview\n\t ngg-ajax-pagination-none\t\"\n\tid=\"ngg-gallery-6920826e2dfaba3d117fbce6448a1e58-1\">\n\n\t\t\t<!-- Thumbnails -->\n\t\t\t\t<div id=\"ngg-image-0\" class=\"ngg-gallery-thumbnail-box\" \n\t\t\t\t\t\t\t\t\t\t\t>\n\t\t\t\t\t\t<div class=\"ngg-gallery-thumbnail\">\n\t\t\t<a href=\"https:\/\/www.johannasmiatek.com\/wp-content\/gallery\/melodymat\/melody_100.jpg\"\n\t\t\t\ttitle=\"Installation im Oktogon-Saal von Schlo\u00df Neuhaus\"\n\t\t\t\tdata-src=\"https:\/\/www.johannasmiatek.com\/wp-content\/gallery\/melodymat\/melody_100.jpg\"\n\t\t\t\tdata-thumbnail=\"https:\/\/www.johannasmiatek.com\/wp-content\/gallery\/melodymat\/thumbs\/thumbs_melody_100.jpg\"\n\t\t\t\tdata-image-id=\"712\"\n\t\t\t\tdata-title=\"Melodymat\"\n\t\t\t\tdata-description=\"Installation im Oktogon-Saal von Schlo\u00df Neuhaus\"\n\t\t\t\tdata-image-slug=\"melodymat-2019-2\"\n\t\t\t\tclass=\"ngg-simplelightbox\" rel=\"6920826e2dfaba3d117fbce6448a1e58\">\n\t\t\t\t<img\n\t\t\t\t\ttitle=\"Melodymat\"\n\t\t\t\t\talt=\"Melodymat\"\n\t\t\t\t\tsrc=\"https:\/\/www.johannasmiatek.com\/wp-content\/gallery\/melodymat\/thumbs\/thumbs_melody_100.jpg\"\n\t\t\t\t\twidth=\"133\"\n\t\t\t\t\theight=\"200\"\n\t\t\t\t\tstyle=\"max-width:100%;\"\n\t\t\t\t\/>\n\t\t\t<\/a>\n\t\t<\/div>\n\t\t\t\t\t\t\t<\/div> \n\t\t\t\n\t\t\n\t\t\t\t<div id=\"ngg-image-1\" class=\"ngg-gallery-thumbnail-box\" \n\t\t\t\t\t\t\t\t\t\t\t>\n\t\t\t\t\t\t<div class=\"ngg-gallery-thumbnail\">\n\t\t\t<a href=\"https:\/\/www.johannasmiatek.com\/wp-content\/gallery\/melodymat\/0819ball_100.jpg\"\n\t\t\t\ttitle=\"\"\n\t\t\t\tdata-src=\"https:\/\/www.johannasmiatek.com\/wp-content\/gallery\/melodymat\/0819ball_100.jpg\"\n\t\t\t\tdata-thumbnail=\"https:\/\/www.johannasmiatek.com\/wp-content\/gallery\/melodymat\/thumbs\/thumbs_0819ball_100.jpg\"\n\t\t\t\tdata-image-id=\"710\"\n\t\t\t\tdata-title=\"Melodymat Objekt\"\n\t\t\t\tdata-description=\"\"\n\t\t\t\tdata-image-slug=\"melodymat-2019\"\n\t\t\t\tclass=\"ngg-simplelightbox\" rel=\"6920826e2dfaba3d117fbce6448a1e58\">\n\t\t\t\t<img\n\t\t\t\t\ttitle=\"Melodymat Objekt\"\n\t\t\t\t\talt=\"Melodymat Objekt\"\n\t\t\t\t\tsrc=\"https:\/\/www.johannasmiatek.com\/wp-content\/gallery\/melodymat\/thumbs\/thumbs_0819ball_100.jpg\"\n\t\t\t\t\twidth=\"298\"\n\t\t\t\t\theight=\"200\"\n\t\t\t\t\tstyle=\"max-width:100%;\"\n\t\t\t\t\/>\n\t\t\t<\/a>\n\t\t<\/div>\n\t\t\t\t\t\t\t<\/div> \n\t\t\t\n\t\t\n\t\t\t\t<div id=\"ngg-image-2\" class=\"ngg-gallery-thumbnail-box\" \n\t\t\t\t\t\t\t\t\t\t\t>\n\t\t\t\t\t\t<div class=\"ngg-gallery-thumbnail\">\n\t\t\t<a href=\"https:\/\/www.johannasmiatek.com\/wp-content\/gallery\/melodymat\/0769_ball_100.jpg\"\n\t\t\t\ttitle=\"\"\n\t\t\t\tdata-src=\"https:\/\/www.johannasmiatek.com\/wp-content\/gallery\/melodymat\/0769_ball_100.jpg\"\n\t\t\t\tdata-thumbnail=\"https:\/\/www.johannasmiatek.com\/wp-content\/gallery\/melodymat\/thumbs\/thumbs_0769_ball_100.jpg\"\n\t\t\t\tdata-image-id=\"709\"\n\t\t\t\tdata-title=\"Melodymat\"\n\t\t\t\tdata-description=\"\"\n\t\t\t\tdata-image-slug=\"melodymat-2019-3\"\n\t\t\t\tclass=\"ngg-simplelightbox\" rel=\"6920826e2dfaba3d117fbce6448a1e58\">\n\t\t\t\t<img\n\t\t\t\t\ttitle=\"Melodymat\"\n\t\t\t\t\talt=\"Melodymat\"\n\t\t\t\t\tsrc=\"https:\/\/www.johannasmiatek.com\/wp-content\/gallery\/melodymat\/thumbs\/thumbs_0769_ball_100.jpg\"\n\t\t\t\t\twidth=\"298\"\n\t\t\t\t\theight=\"200\"\n\t\t\t\t\tstyle=\"max-width:100%;\"\n\t\t\t\t\/>\n\t\t\t<\/a>\n\t\t<\/div>\n\t\t\t\t\t\t\t<\/div> \n\t\t\t\n\t\t\n\t\t\t\t<div id=\"ngg-image-3\" class=\"ngg-gallery-thumbnail-box\" \n\t\t\t\t\t\t\t\t\t\t\t>\n\t\t\t\t\t\t<div class=\"ngg-gallery-thumbnail\">\n\t\t\t<a href=\"https:\/\/www.johannasmiatek.com\/wp-content\/gallery\/melodymat\/0934_ball_100.jpg\"\n\t\t\t\ttitle=\"Melodymat;\nObjekt in Benutzung durch eine Besucherin\"\n\t\t\t\tdata-src=\"https:\/\/www.johannasmiatek.com\/wp-content\/gallery\/melodymat\/0934_ball_100.jpg\"\n\t\t\t\tdata-thumbnail=\"https:\/\/www.johannasmiatek.com\/wp-content\/gallery\/melodymat\/thumbs\/thumbs_0934_ball_100.jpg\"\n\t\t\t\tdata-image-id=\"711\"\n\t\t\t\tdata-title=\"Melodymat\"\n\t\t\t\tdata-description=\"Melodymat;\nObjekt in Benutzung durch eine Besucherin\"\n\t\t\t\tdata-image-slug=\"melodymat-2019-4\"\n\t\t\t\tclass=\"ngg-simplelightbox\" rel=\"6920826e2dfaba3d117fbce6448a1e58\">\n\t\t\t\t<img\n\t\t\t\t\ttitle=\"Melodymat\"\n\t\t\t\t\talt=\"Melodymat\"\n\t\t\t\t\tsrc=\"https:\/\/www.johannasmiatek.com\/wp-content\/gallery\/melodymat\/thumbs\/thumbs_0934_ball_100.jpg\"\n\t\t\t\t\twidth=\"133\"\n\t\t\t\t\theight=\"200\"\n\t\t\t\t\tstyle=\"max-width:100%;\"\n\t\t\t\t\/>\n\t\t\t<\/a>\n\t\t<\/div>\n\t\t\t\t\t\t\t<\/div> \n\t\t\t\n\t\t\n\t\t\t\t<div id=\"ngg-image-4\" class=\"ngg-gallery-thumbnail-box\" \n\t\t\t\t\t\t\t\t\t\t\t>\n\t\t\t\t\t\t<div class=\"ngg-gallery-thumbnail\">\n\t\t\t<a href=\"https:\/\/www.johannasmiatek.com\/wp-content\/gallery\/melodymat\/dsc_0338_100.jpg\"\n\t\t\t\ttitle=\"Kunstverein Hochrhein\"\n\t\t\t\tdata-src=\"https:\/\/www.johannasmiatek.com\/wp-content\/gallery\/melodymat\/dsc_0338_100.jpg\"\n\t\t\t\tdata-thumbnail=\"https:\/\/www.johannasmiatek.com\/wp-content\/gallery\/melodymat\/thumbs\/thumbs_dsc_0338_100.jpg\"\n\t\t\t\tdata-image-id=\"798\"\n\t\t\t\tdata-title=\"Melodymat\"\n\t\t\t\tdata-description=\"Kunstverein Hochrhein\"\n\t\t\t\tdata-image-slug=\"melodymat-5\"\n\t\t\t\tclass=\"ngg-simplelightbox\" rel=\"6920826e2dfaba3d117fbce6448a1e58\">\n\t\t\t\t<img\n\t\t\t\t\ttitle=\"Melodymat\"\n\t\t\t\t\talt=\"Melodymat\"\n\t\t\t\t\tsrc=\"https:\/\/www.johannasmiatek.com\/wp-content\/gallery\/melodymat\/thumbs\/thumbs_dsc_0338_100.jpg\"\n\t\t\t\t\twidth=\"133\"\n\t\t\t\t\theight=\"200\"\n\t\t\t\t\tstyle=\"max-width:100%;\"\n\t\t\t\t\/>\n\t\t\t<\/a>\n\t\t<\/div>\n\t\t\t\t\t\t\t<\/div> \n\t\t\t\n\t\t\n\t\t\t\t<div id=\"ngg-image-5\" class=\"ngg-gallery-thumbnail-box\" \n\t\t\t\t\t\t\t\t\t\t\t>\n\t\t\t\t\t\t<div class=\"ngg-gallery-thumbnail\">\n\t\t\t<a href=\"https:\/\/www.johannasmiatek.com\/wp-content\/gallery\/melodymat\/dsc_0520_100.jpg\"\n\t\t\t\ttitle=\"\"\n\t\t\t\tdata-src=\"https:\/\/www.johannasmiatek.com\/wp-content\/gallery\/melodymat\/dsc_0520_100.jpg\"\n\t\t\t\tdata-thumbnail=\"https:\/\/www.johannasmiatek.com\/wp-content\/gallery\/melodymat\/thumbs\/thumbs_dsc_0520_100.jpg\"\n\t\t\t\tdata-image-id=\"799\"\n\t\t\t\tdata-title=\"Melodymat\"\n\t\t\t\tdata-description=\"\"\n\t\t\t\tdata-image-slug=\"melodymat-6\"\n\t\t\t\tclass=\"ngg-simplelightbox\" rel=\"6920826e2dfaba3d117fbce6448a1e58\">\n\t\t\t\t<img\n\t\t\t\t\ttitle=\"Melodymat\"\n\t\t\t\t\talt=\"Melodymat\"\n\t\t\t\t\tsrc=\"https:\/\/www.johannasmiatek.com\/wp-content\/gallery\/melodymat\/thumbs\/thumbs_dsc_0520_100.jpg\"\n\t\t\t\t\twidth=\"298\"\n\t\t\t\t\theight=\"200\"\n\t\t\t\t\tstyle=\"max-width:100%;\"\n\t\t\t\t\/>\n\t\t\t<\/a>\n\t\t<\/div>\n\t\t\t\t\t\t\t<\/div> \n\t\t\t\n\t\t\n\t\t\t\t<div id=\"ngg-image-6\" class=\"ngg-gallery-thumbnail-box\" \n\t\t\t\t\t\t\t\t\t\t\t>\n\t\t\t\t\t\t<div class=\"ngg-gallery-thumbnail\">\n\t\t\t<a href=\"https:\/\/www.johannasmiatek.com\/wp-content\/gallery\/melodymat\/dsc_0148_100.jpg\"\n\t\t\t\ttitle=\"\"\n\t\t\t\tdata-src=\"https:\/\/www.johannasmiatek.com\/wp-content\/gallery\/melodymat\/dsc_0148_100.jpg\"\n\t\t\t\tdata-thumbnail=\"https:\/\/www.johannasmiatek.com\/wp-content\/gallery\/melodymat\/thumbs\/thumbs_dsc_0148_100.jpg\"\n\t\t\t\tdata-image-id=\"797\"\n\t\t\t\tdata-title=\"Melodymat\"\n\t\t\t\tdata-description=\"\"\n\t\t\t\tdata-image-slug=\"melodymat-4\"\n\t\t\t\tclass=\"ngg-simplelightbox\" rel=\"6920826e2dfaba3d117fbce6448a1e58\">\n\t\t\t\t<img\n\t\t\t\t\ttitle=\"Melodymat\"\n\t\t\t\t\talt=\"Melodymat\"\n\t\t\t\t\tsrc=\"https:\/\/www.johannasmiatek.com\/wp-content\/gallery\/melodymat\/thumbs\/thumbs_dsc_0148_100.jpg\"\n\t\t\t\t\twidth=\"131\"\n\t\t\t\t\theight=\"200\"\n\t\t\t\t\tstyle=\"max-width:100%;\"\n\t\t\t\t\/>\n\t\t\t<\/a>\n\t\t<\/div>\n\t\t\t\t\t\t\t<\/div> \n\t\t\t\n\t\t\n\t\t\t\t<div id=\"ngg-image-7\" class=\"ngg-gallery-thumbnail-box\" \n\t\t\t\t\t\t\t\t\t\t\t>\n\t\t\t\t\t\t<div class=\"ngg-gallery-thumbnail\">\n\t\t\t<a href=\"https:\/\/www.johannasmiatek.com\/wp-content\/gallery\/melodymat\/DSC_0177_Anschnitt_1000.jpg\"\n\t\t\t\ttitle=\"Kunsthalle Wilhelmshaven, 2023;\nMit Objektsockel\"\n\t\t\t\tdata-src=\"https:\/\/www.johannasmiatek.com\/wp-content\/gallery\/melodymat\/DSC_0177_Anschnitt_1000.jpg\"\n\t\t\t\tdata-thumbnail=\"https:\/\/www.johannasmiatek.com\/wp-content\/gallery\/melodymat\/thumbs\/thumbs_DSC_0177_Anschnitt_1000.jpg\"\n\t\t\t\tdata-image-id=\"853\"\n\t\t\t\tdata-title=\"Melodymat\"\n\t\t\t\tdata-description=\"Kunsthalle Wilhelmshaven, 2023;\nMit Objektsockel\"\n\t\t\t\tdata-image-slug=\"dsc_0177_anschnitt_1000\"\n\t\t\t\tclass=\"ngg-simplelightbox\" rel=\"6920826e2dfaba3d117fbce6448a1e58\">\n\t\t\t\t<img\n\t\t\t\t\ttitle=\"Melodymat\"\n\t\t\t\t\talt=\"Melodymat\"\n\t\t\t\t\tsrc=\"https:\/\/www.johannasmiatek.com\/wp-content\/gallery\/melodymat\/thumbs\/thumbs_DSC_0177_Anschnitt_1000.jpg\"\n\t\t\t\t\twidth=\"305\"\n\t\t\t\t\theight=\"200\"\n\t\t\t\t\tstyle=\"max-width:100%;\"\n\t\t\t\t\/>\n\t\t\t<\/a>\n\t\t<\/div>\n\t\t\t\t\t\t\t<\/div> \n\t\t\t\n\t\t\n\t\t\t\t<div id=\"ngg-image-8\" class=\"ngg-gallery-thumbnail-box\" \n\t\t\t\t\t\t\t\t\t\t\t>\n\t\t\t\t\t\t<div class=\"ngg-gallery-thumbnail\">\n\t\t\t<a href=\"https:\/\/www.johannasmiatek.com\/wp-content\/gallery\/melodymat\/DSC_0075_1000.jpg\"\n\t\t\t\ttitle=\"Kunsthalle Wilhelmshaven, 2023;\nMit Melodymap\"\n\t\t\t\tdata-src=\"https:\/\/www.johannasmiatek.com\/wp-content\/gallery\/melodymat\/DSC_0075_1000.jpg\"\n\t\t\t\tdata-thumbnail=\"https:\/\/www.johannasmiatek.com\/wp-content\/gallery\/melodymat\/thumbs\/thumbs_DSC_0075_1000.jpg\"\n\t\t\t\tdata-image-id=\"854\"\n\t\t\t\tdata-title=\"Melodymat\"\n\t\t\t\tdata-description=\"Kunsthalle Wilhelmshaven, 2023;\nMit Melodymap\"\n\t\t\t\tdata-image-slug=\"dsc_0075_1000\"\n\t\t\t\tclass=\"ngg-simplelightbox\" rel=\"6920826e2dfaba3d117fbce6448a1e58\">\n\t\t\t\t<img\n\t\t\t\t\ttitle=\"Melodymat\"\n\t\t\t\t\talt=\"Melodymat\"\n\t\t\t\t\tsrc=\"https:\/\/www.johannasmiatek.com\/wp-content\/gallery\/melodymat\/thumbs\/thumbs_DSC_0075_1000.jpg\"\n\t\t\t\t\twidth=\"295\"\n\t\t\t\t\theight=\"200\"\n\t\t\t\t\tstyle=\"max-width:100%;\"\n\t\t\t\t\/>\n\t\t\t<\/a>\n\t\t<\/div>\n\t\t\t\t\t\t\t<\/div> \n\t\t\t\n\t\t\n\t\t\n\t\t<!-- Pagination -->\n\t\t<div class='ngg-clear'><\/div>\t<\/div>\n<\/p>\n<p class=\"p1\"><span class=\"s1\"><div id=\"wpfp_e11ce3a1f3a90a7534c5a09c37dad2e0\" data-item=\"{&quot;sources&quot;:[{&quot;src&quot;:&quot;https:\\\/\\\/www.johannasmiatek.com\\\/wp-content\\\/uploads\\\/JohannaSmiatek_960_540.m4v&quot;,&quot;type&quot;:&quot;video\\\/mp4&quot;}],&quot;splash&quot;:&quot;http:\\\/\\\/www.johannasmiatek.com\\\/wp-content\\\/uploads\\\/Melodymat-m4v-image.jpg&quot;}\" class=\"flowplayer no-brand is-splash is-paused skin-slim no-svg fp-slim fp-edgy\" style=\"position:relative; max-width: 854px; max-height: 480px; \" data-ratio=\"0.5621\" data-advance=\"false\">\n\t<div class=\"fp-ratio\" style=\"padding-top: 56.21%\"><\/div>\n\t<img decoding=\"async\" class=\"fp-splash\" alt=\"video\" src=\"http:\/\/www.johannasmiatek.com\/wp-content\/uploads\/Melodymat-m4v-image.jpg\" style=\"position:absolute;top:0;width:100%\" \/>\n\t<div class=\"fp-ui\"><noscript>Please enable JavaScript<\/noscript><div class=\"fp-play fp-visible\"><svg class=\"fp-play-sharp-fill\" xmlns=\"http:\/\/www.w3.org\/2000\/svg\" viewBox=\"0 0 100 100\"><defs><style>.fp-color-play{opacity:0.65;}.controlbutton{fill:#fff;}<\/style><\/defs><title>play-sharp-fill<\/title><path class=\"fp-color-play\" d=\"M49.9217-.078a50,50,0,1,0,50,50A50.0564,50.0564,0,0,0,49.9217-.078Z\"\/><polygon class=\"controlbutton\" points=\"73.601 50 37.968 70.573 37.968 29.427 73.601 50\" filter=\"url(#f1)\"\/><\/svg><\/div><div class=\"fp-preload\"><b><\/b><b><\/b><b><\/b><b><\/b><\/div><\/div>\n\n<\/div>\n<\/span><\/p>\n<p><strong>Melodymat<\/strong><br \/>\nKeramik, Elektronik mit Bewegungssteuerung, Sound, Lautsprecher, schwarzer Samt, Holz<br \/>\nGesamtgr\u00f6\u00dfe mit hohem Sockel: ca. 130 x 70 x 70 cm<br \/>\nAusstellungsansichten:<br \/>\n1. Kulturfestspiele (KulturSchlagLicht), Saal &#8220;Oktogon&#8221; im Schlo\u00df Neuhaus (L\u00fcbben)<br \/>\n2. Kunstverein Hochrhein \/ Villa Berberich<br \/>\n3. K\u00fcnstlerhaus Wien, \u00d6sterreich<br \/>\n4. Kunsthalle Wilhelmshaven<\/p>\n<p>Der \u201cMelodymat\u201d ist ein interaktives kinetisches Klangobjekt. Der Besucher kann auf einer Auflagefl\u00e4che die Kugel direkt rollen. Je nachdem, wie die Kugel liegt, h\u00f6rt man einen anderen Klang. Durch die Art und Weise, wie man die Kugel bewegt ist es m\u00f6glich neue eigene Klangvariationen zu erzeugen. Insgesamt gibt es ann\u00e4hernd 70 verschiedene Einzelkl\u00e4nge.<br \/>\nDer Titel der Arbeit, \u201cMelodymat\u201d, wurde inspiriert von dem Film \u201cDer Schl\u00e4fer\u201d von Woody Allen. Er bildet im weitesten Sinn ein Zitat auf den \u201cLibidomat\u201d aus dem Film.\u2028 Der Hauptdarsteller wird nach einer Operation \u201ceingefroren\u201d und 200 Jahre sp\u00e4ter wieder aufgetaut. Die Welt hat sich ver\u00e4ndert. Der Libidomat ist in dieser Welt ein Kugelobjekt, dass die Menschen in der Zukunft brauchen, um Lust zu versp\u00fcren.<\/p>","protected":false},"excerpt":{"rendered":"<\/p>\n<p class=\"p1\"><span class=\"s1\"><\/span><\/p>\n<p><strong>Melodymat<\/strong><br \/>\nKeramik, Elektronik mit Bewegungssteuerung, Sound, Lautsprecher, schwarzer Samt, Holz<br \/>\nGesamtgr\u00f6\u00dfe mit hohem Sockel: ca. 130 x 70 x 70 cm<br \/>\nAusstellungsansichten:<br \/>\n1. Kulturfestspiele (KulturSchlagLicht), Saal &#8220;Oktogon&#8221; im Schlo\u00df Neuhaus (L\u00fcbben)<br \/>\n2.<\/p>\n<p><span class=\"ellipsis\">&hellip;<\/span><\/p>\n<div class=\"read-more\"><a href=\"https:\/\/www.johannasmiatek.com\/de\/melodymat\/\">Weiterlesen \u203a<\/a><\/div>\n<p><!-- end of .read-more --><\/p>\n","protected":false},"author":5,"featured_media":0,"parent":0,"menu_order":0,"comment_status":"closed","ping_status":"closed","template":"full-width-page.php","meta":{"ngg_post_thumbnail":0,"footnotes":""},"_links":{"self":[{"href":"https:\/\/www.johannasmiatek.com\/de\/wp-json\/wp\/v2\/pages\/2298"}],"collection":[{"href":"https:\/\/www.johannasmiatek.com\/de\/wp-json\/wp\/v2\/pages"}],"about":[{"href":"https:\/\/www.johannasmiatek.com\/de\/wp-json\/wp\/v2\/types\/page"}],"author":[{"embeddable":true,"href":"https:\/\/www.johannasmiatek.com\/de\/wp-json\/wp\/v2\/users\/5"}],"replies":[{"embeddable":true,"href":"https:\/\/www.johannasmiatek.com\/de\/wp-json\/wp\/v2\/comments?post=2298"}],"version-history":[{"count":43,"href":"https:\/\/www.johannasmiatek.com\/de\/wp-json\/wp\/v2\/pages\/2298\/revisions"}],"predecessor-version":[{"id":3746,"href":"https:\/\/www.johannasmiatek.com\/de\/wp-json\/wp\/v2\/pages\/2298\/revisions\/3746"}],"wp:attachment":[{"href":"https:\/\/www.johannasmiatek.com\/de\/wp-json\/wp\/v2\/media?parent=2298"}],"curies":[{"name":"wp","href":"https:\/\/api.w.org\/{rel}","templated":true}]}}