{"id":2157,"date":"2019-02-17T12:59:27","date_gmt":"2019-02-17T11:59:27","guid":{"rendered":"http:\/\/www.johannasmiatek.com\/?page_id=2157"},"modified":"2019-03-30T14:26:40","modified_gmt":"2019-03-30T13:26:40","slug":"sweet-nothings-on-stage","status":"publish","type":"page","link":"https:\/\/www.johannasmiatek.com\/de\/sweet-nothings-on-stage\/","title":{"rendered":"Sweet Nothings &#8211; On Stage"},"content":{"rendered":"<p><!-- index.php -->\n<div\n\tclass=\"ngg-galleryoverview\n\t ngg-ajax-pagination-none\t\"\n\tid=\"ngg-gallery-f2a4f7a777091a932555cdf376db872f-1\">\n\n\t\t\t<!-- Thumbnails -->\n\t\t\t\t<div id=\"ngg-image-0\" class=\"ngg-gallery-thumbnail-box\" \n\t\t\t\t\t\t\t\t\t\t\t>\n\t\t\t\t\t\t<div class=\"ngg-gallery-thumbnail\">\n\t\t\t<a href=\"https:\/\/www.johannasmiatek.com\/wp-content\/gallery\/sweet-nothings-on-stage-2017\/dsc_0010zag.jpg\"\n\t\t\t\ttitle=\"Die Installationen &quot;Love Machine&quot; und &quot;Sweet Nothings&quot;\"\n\t\t\t\tdata-src=\"https:\/\/www.johannasmiatek.com\/wp-content\/gallery\/sweet-nothings-on-stage-2017\/dsc_0010zag.jpg\"\n\t\t\t\tdata-thumbnail=\"https:\/\/www.johannasmiatek.com\/wp-content\/gallery\/sweet-nothings-on-stage-2017\/thumbs\/thumbs_dsc_0010zag.jpg\"\n\t\t\t\tdata-image-id=\"683\"\n\t\t\t\tdata-title=\"SWEET NOTHINGS - On Stage, 2017\"\n\t\t\t\tdata-description=\"Die Installationen &quot;Love Machine&quot; und &quot;Sweet Nothings&quot;\"\n\t\t\t\tdata-image-slug=\"sweet-nothings-on-stage-2017\"\n\t\t\t\tclass=\"ngg-simplelightbox\" rel=\"f2a4f7a777091a932555cdf376db872f\">\n\t\t\t\t<img\n\t\t\t\t\ttitle=\"SWEET NOTHINGS - On Stage, 2017\"\n\t\t\t\t\talt=\"SWEET NOTHINGS - On Stage, 2017\"\n\t\t\t\t\tsrc=\"https:\/\/www.johannasmiatek.com\/wp-content\/gallery\/sweet-nothings-on-stage-2017\/thumbs\/thumbs_dsc_0010zag.jpg\"\n\t\t\t\t\twidth=\"298\"\n\t\t\t\t\theight=\"200\"\n\t\t\t\t\tstyle=\"max-width:100%;\"\n\t\t\t\t\/>\n\t\t\t<\/a>\n\t\t<\/div>\n\t\t\t\t\t\t\t<\/div> \n\t\t\t\n\t\t\n\t\t\t\t<div id=\"ngg-image-1\" class=\"ngg-gallery-thumbnail-box\" \n\t\t\t\t\t\t\t\t\t\t\t>\n\t\t\t\t\t\t<div class=\"ngg-gallery-thumbnail\">\n\t\t\t<a href=\"https:\/\/www.johannasmiatek.com\/wp-content\/gallery\/sweet-nothings-on-stage-2017\/dsc_0102_seite.jpg\"\n\t\t\t\ttitle=\"&quot;Sweet Nothings&quot;: Telefonh\u00f6rer h\u00e4ngen im Raum, zwischen den Vorh\u00e4ngen der &quot;Love Machine&quot;\"\n\t\t\t\tdata-src=\"https:\/\/www.johannasmiatek.com\/wp-content\/gallery\/sweet-nothings-on-stage-2017\/dsc_0102_seite.jpg\"\n\t\t\t\tdata-thumbnail=\"https:\/\/www.johannasmiatek.com\/wp-content\/gallery\/sweet-nothings-on-stage-2017\/thumbs\/thumbs_dsc_0102_seite.jpg\"\n\t\t\t\tdata-image-id=\"681\"\n\t\t\t\tdata-title=\"SWEET NOTHINGS - On Stage, 2017\"\n\t\t\t\tdata-description=\"&quot;Sweet Nothings&quot;: Telefonh\u00f6rer h\u00e4ngen im Raum, zwischen den Vorh\u00e4ngen der &quot;Love Machine&quot;\"\n\t\t\t\tdata-image-slug=\"sweet-nothings-on-stage-2017-2\"\n\t\t\t\tclass=\"ngg-simplelightbox\" rel=\"f2a4f7a777091a932555cdf376db872f\">\n\t\t\t\t<img\n\t\t\t\t\ttitle=\"SWEET NOTHINGS - On Stage, 2017\"\n\t\t\t\t\talt=\"SWEET NOTHINGS - On Stage, 2017\"\n\t\t\t\t\tsrc=\"https:\/\/www.johannasmiatek.com\/wp-content\/gallery\/sweet-nothings-on-stage-2017\/thumbs\/thumbs_dsc_0102_seite.jpg\"\n\t\t\t\t\twidth=\"298\"\n\t\t\t\t\theight=\"200\"\n\t\t\t\t\tstyle=\"max-width:100%;\"\n\t\t\t\t\/>\n\t\t\t<\/a>\n\t\t<\/div>\n\t\t\t\t\t\t\t<\/div> \n\t\t\t\n\t\t\n\t\t\t\t<div id=\"ngg-image-2\" class=\"ngg-gallery-thumbnail-box\" \n\t\t\t\t\t\t\t\t\t\t\t>\n\t\t\t\t\t\t<div class=\"ngg-gallery-thumbnail\">\n\t\t\t<a href=\"https:\/\/www.johannasmiatek.com\/wp-content\/gallery\/sweet-nothings-on-stage-2017\/dsc_0096_seite.jpg\"\n\t\t\t\ttitle=\"\"\n\t\t\t\tdata-src=\"https:\/\/www.johannasmiatek.com\/wp-content\/gallery\/sweet-nothings-on-stage-2017\/dsc_0096_seite.jpg\"\n\t\t\t\tdata-thumbnail=\"https:\/\/www.johannasmiatek.com\/wp-content\/gallery\/sweet-nothings-on-stage-2017\/thumbs\/thumbs_dsc_0096_seite.jpg\"\n\t\t\t\tdata-image-id=\"682\"\n\t\t\t\tdata-title=\"SWEET NOTHINGS - On Stage, 2017\"\n\t\t\t\tdata-description=\"\"\n\t\t\t\tdata-image-slug=\"sweet-nothings-on-stage-2017-3\"\n\t\t\t\tclass=\"ngg-simplelightbox\" rel=\"f2a4f7a777091a932555cdf376db872f\">\n\t\t\t\t<img\n\t\t\t\t\ttitle=\"SWEET NOTHINGS - On Stage, 2017\"\n\t\t\t\t\talt=\"SWEET NOTHINGS - On Stage, 2017\"\n\t\t\t\t\tsrc=\"https:\/\/www.johannasmiatek.com\/wp-content\/gallery\/sweet-nothings-on-stage-2017\/thumbs\/thumbs_dsc_0096_seite.jpg\"\n\t\t\t\t\twidth=\"300\"\n\t\t\t\t\theight=\"200\"\n\t\t\t\t\tstyle=\"max-width:100%;\"\n\t\t\t\t\/>\n\t\t\t<\/a>\n\t\t<\/div>\n\t\t\t\t\t\t\t<\/div> \n\t\t\t\n\t\t\n\t\t\t\t<div id=\"ngg-image-3\" class=\"ngg-gallery-thumbnail-box\" \n\t\t\t\t\t\t\t\t\t\t\t>\n\t\t\t\t\t\t<div class=\"ngg-gallery-thumbnail\">\n\t\t\t<a href=\"https:\/\/www.johannasmiatek.com\/wp-content\/gallery\/sweet-nothings-on-stage-2017\/dsc_0241_glockedetail.jpg\"\n\t\t\t\ttitle=\"Die Glashaube, Detail\"\n\t\t\t\tdata-src=\"https:\/\/www.johannasmiatek.com\/wp-content\/gallery\/sweet-nothings-on-stage-2017\/dsc_0241_glockedetail.jpg\"\n\t\t\t\tdata-thumbnail=\"https:\/\/www.johannasmiatek.com\/wp-content\/gallery\/sweet-nothings-on-stage-2017\/thumbs\/thumbs_dsc_0241_glockedetail.jpg\"\n\t\t\t\tdata-image-id=\"678\"\n\t\t\t\tdata-title=\"SWEET NOTHINGS - On Stage, 2017\"\n\t\t\t\tdata-description=\"Die Glashaube, Detail\"\n\t\t\t\tdata-image-slug=\"sweet-nothings-on-stage-2017-4\"\n\t\t\t\tclass=\"ngg-simplelightbox\" rel=\"f2a4f7a777091a932555cdf376db872f\">\n\t\t\t\t<img\n\t\t\t\t\ttitle=\"SWEET NOTHINGS - On Stage, 2017\"\n\t\t\t\t\talt=\"SWEET NOTHINGS - On Stage, 2017\"\n\t\t\t\t\tsrc=\"https:\/\/www.johannasmiatek.com\/wp-content\/gallery\/sweet-nothings-on-stage-2017\/thumbs\/thumbs_dsc_0241_glockedetail.jpg\"\n\t\t\t\t\twidth=\"132\"\n\t\t\t\t\theight=\"200\"\n\t\t\t\t\tstyle=\"max-width:100%;\"\n\t\t\t\t\/>\n\t\t\t<\/a>\n\t\t<\/div>\n\t\t\t\t\t\t\t<\/div> \n\t\t\t\n\t\t\n\t\t\t\t<div id=\"ngg-image-4\" class=\"ngg-gallery-thumbnail-box\" \n\t\t\t\t\t\t\t\t\t\t\t>\n\t\t\t\t\t\t<div class=\"ngg-gallery-thumbnail\">\n\t\t\t<a href=\"https:\/\/www.johannasmiatek.com\/wp-content\/gallery\/sweet-nothings-on-stage-2017\/dsc_0201_glocke.jpg\"\n\t\t\t\ttitle=\"In einer Nische ist eine Edition platziert unter einer Glashaube\"\n\t\t\t\tdata-src=\"https:\/\/www.johannasmiatek.com\/wp-content\/gallery\/sweet-nothings-on-stage-2017\/dsc_0201_glocke.jpg\"\n\t\t\t\tdata-thumbnail=\"https:\/\/www.johannasmiatek.com\/wp-content\/gallery\/sweet-nothings-on-stage-2017\/thumbs\/thumbs_dsc_0201_glocke.jpg\"\n\t\t\t\tdata-image-id=\"679\"\n\t\t\t\tdata-title=\"SWEET NOTHINGS - On Stage, 2017\"\n\t\t\t\tdata-description=\"In einer Nische ist eine Edition platziert unter einer Glashaube\"\n\t\t\t\tdata-image-slug=\"sweet-nothings-on-stage-2017-5\"\n\t\t\t\tclass=\"ngg-simplelightbox\" rel=\"f2a4f7a777091a932555cdf376db872f\">\n\t\t\t\t<img\n\t\t\t\t\ttitle=\"SWEET NOTHINGS - On Stage, 2017\"\n\t\t\t\t\talt=\"SWEET NOTHINGS - On Stage, 2017\"\n\t\t\t\t\tsrc=\"https:\/\/www.johannasmiatek.com\/wp-content\/gallery\/sweet-nothings-on-stage-2017\/thumbs\/thumbs_dsc_0201_glocke.jpg\"\n\t\t\t\t\twidth=\"133\"\n\t\t\t\t\theight=\"200\"\n\t\t\t\t\tstyle=\"max-width:100%;\"\n\t\t\t\t\/>\n\t\t\t<\/a>\n\t\t<\/div>\n\t\t\t\t\t\t\t<\/div> \n\t\t\t\n\t\t\n\t\t\t\t<div id=\"ngg-image-5\" class=\"ngg-gallery-thumbnail-box\" \n\t\t\t\t\t\t\t\t\t\t\t>\n\t\t\t\t\t\t<div class=\"ngg-gallery-thumbnail\">\n\t\t\t<a href=\"https:\/\/www.johannasmiatek.com\/wp-content\/gallery\/sweet-nothings-on-stage-2017\/dsc_0025_hoerer.jpg\"\n\t\t\t\ttitle=\"Telefonh\u00f6rer\"\n\t\t\t\tdata-src=\"https:\/\/www.johannasmiatek.com\/wp-content\/gallery\/sweet-nothings-on-stage-2017\/dsc_0025_hoerer.jpg\"\n\t\t\t\tdata-thumbnail=\"https:\/\/www.johannasmiatek.com\/wp-content\/gallery\/sweet-nothings-on-stage-2017\/thumbs\/thumbs_dsc_0025_hoerer.jpg\"\n\t\t\t\tdata-image-id=\"684\"\n\t\t\t\tdata-title=\"SWEET NOTHINGS - On Stage, 2017\"\n\t\t\t\tdata-description=\"Telefonh\u00f6rer\"\n\t\t\t\tdata-image-slug=\"sweet-nothings-on-stage-2017-6\"\n\t\t\t\tclass=\"ngg-simplelightbox\" rel=\"f2a4f7a777091a932555cdf376db872f\">\n\t\t\t\t<img\n\t\t\t\t\ttitle=\"SWEET NOTHINGS - On Stage, 2017\"\n\t\t\t\t\talt=\"SWEET NOTHINGS - On Stage, 2017\"\n\t\t\t\t\tsrc=\"https:\/\/www.johannasmiatek.com\/wp-content\/gallery\/sweet-nothings-on-stage-2017\/thumbs\/thumbs_dsc_0025_hoerer.jpg\"\n\t\t\t\t\twidth=\"133\"\n\t\t\t\t\theight=\"200\"\n\t\t\t\t\tstyle=\"max-width:100%;\"\n\t\t\t\t\/>\n\t\t\t<\/a>\n\t\t<\/div>\n\t\t\t\t\t\t\t<\/div> \n\t\t\t\n\t\t\n\t\t\t\t<div id=\"ngg-image-6\" class=\"ngg-gallery-thumbnail-box\" \n\t\t\t\t\t\t\t\t\t\t\t>\n\t\t\t\t\t\t<div class=\"ngg-gallery-thumbnail\">\n\t\t\t<a href=\"https:\/\/www.johannasmiatek.com\/wp-content\/gallery\/sweet-nothings-on-stage-2017\/2056_lm.jpg\"\n\t\t\t\ttitle=\"Seifenblasen der &quot;Love Machine&quot;\"\n\t\t\t\tdata-src=\"https:\/\/www.johannasmiatek.com\/wp-content\/gallery\/sweet-nothings-on-stage-2017\/2056_lm.jpg\"\n\t\t\t\tdata-thumbnail=\"https:\/\/www.johannasmiatek.com\/wp-content\/gallery\/sweet-nothings-on-stage-2017\/thumbs\/thumbs_2056_lm.jpg\"\n\t\t\t\tdata-image-id=\"696\"\n\t\t\t\tdata-title=\"SWEET NOTHINGS - On Stage, 2017\"\n\t\t\t\tdata-description=\"Seifenblasen der &quot;Love Machine&quot;\"\n\t\t\t\tdata-image-slug=\"sweet-nothings-on-stage-2017-7\"\n\t\t\t\tclass=\"ngg-simplelightbox\" rel=\"f2a4f7a777091a932555cdf376db872f\">\n\t\t\t\t<img\n\t\t\t\t\ttitle=\"SWEET NOTHINGS - On Stage, 2017\"\n\t\t\t\t\talt=\"SWEET NOTHINGS - On Stage, 2017\"\n\t\t\t\t\tsrc=\"https:\/\/www.johannasmiatek.com\/wp-content\/gallery\/sweet-nothings-on-stage-2017\/thumbs\/thumbs_2056_lm.jpg\"\n\t\t\t\t\twidth=\"112\"\n\t\t\t\t\theight=\"200\"\n\t\t\t\t\tstyle=\"max-width:100%;\"\n\t\t\t\t\/>\n\t\t\t<\/a>\n\t\t<\/div>\n\t\t\t\t\t\t\t<\/div> \n\t\t\t\n\t\t\n\t\t\t\t<div id=\"ngg-image-7\" class=\"ngg-gallery-thumbnail-box\" \n\t\t\t\t\t\t\t\t\t\t\t>\n\t\t\t\t\t\t<div class=\"ngg-gallery-thumbnail\">\n\t\t\t<a href=\"https:\/\/www.johannasmiatek.com\/wp-content\/gallery\/sweet-nothings-on-stage-2017\/2047_lm.jpg\"\n\t\t\t\ttitle=\"Eine Besucherin in Aktion mit &quot;Sweet Nothings&quot;.\"\n\t\t\t\tdata-src=\"https:\/\/www.johannasmiatek.com\/wp-content\/gallery\/sweet-nothings-on-stage-2017\/2047_lm.jpg\"\n\t\t\t\tdata-thumbnail=\"https:\/\/www.johannasmiatek.com\/wp-content\/gallery\/sweet-nothings-on-stage-2017\/thumbs\/thumbs_2047_lm.jpg\"\n\t\t\t\tdata-image-id=\"687\"\n\t\t\t\tdata-title=\"SWEET NOTHINGS - On Stage, 2017\"\n\t\t\t\tdata-description=\"Eine Besucherin in Aktion mit &quot;Sweet Nothings&quot;.\"\n\t\t\t\tdata-image-slug=\"sweet-nothings-on-stage-2017-8\"\n\t\t\t\tclass=\"ngg-simplelightbox\" rel=\"f2a4f7a777091a932555cdf376db872f\">\n\t\t\t\t<img\n\t\t\t\t\ttitle=\"SWEET NOTHINGS - On Stage, 2017\"\n\t\t\t\t\talt=\"SWEET NOTHINGS - On Stage, 2017\"\n\t\t\t\t\tsrc=\"https:\/\/www.johannasmiatek.com\/wp-content\/gallery\/sweet-nothings-on-stage-2017\/thumbs\/thumbs_2047_lm.jpg\"\n\t\t\t\t\twidth=\"166\"\n\t\t\t\t\theight=\"200\"\n\t\t\t\t\tstyle=\"max-width:100%;\"\n\t\t\t\t\/>\n\t\t\t<\/a>\n\t\t<\/div>\n\t\t\t\t\t\t\t<\/div> \n\t\t\t\n\t\t\n\t\t\t\t<div id=\"ngg-image-8\" class=\"ngg-gallery-thumbnail-box\" \n\t\t\t\t\t\t\t\t\t\t\t>\n\t\t\t\t\t\t<div class=\"ngg-gallery-thumbnail\">\n\t\t\t<a href=\"https:\/\/www.johannasmiatek.com\/wp-content\/gallery\/sweet-nothings-on-stage-2017\/2060_lm.jpg\"\n\t\t\t\ttitle=\"\"\n\t\t\t\tdata-src=\"https:\/\/www.johannasmiatek.com\/wp-content\/gallery\/sweet-nothings-on-stage-2017\/2060_lm.jpg\"\n\t\t\t\tdata-thumbnail=\"https:\/\/www.johannasmiatek.com\/wp-content\/gallery\/sweet-nothings-on-stage-2017\/thumbs\/thumbs_2060_lm.jpg\"\n\t\t\t\tdata-image-id=\"695\"\n\t\t\t\tdata-title=\"SWEET NOTHINGS - On Stage, 2017\"\n\t\t\t\tdata-description=\"\"\n\t\t\t\tdata-image-slug=\"sweet-nothings-on-stage-2017-9\"\n\t\t\t\tclass=\"ngg-simplelightbox\" rel=\"f2a4f7a777091a932555cdf376db872f\">\n\t\t\t\t<img\n\t\t\t\t\ttitle=\"SWEET NOTHINGS - On Stage, 2017\"\n\t\t\t\t\talt=\"SWEET NOTHINGS - On Stage, 2017\"\n\t\t\t\t\tsrc=\"https:\/\/www.johannasmiatek.com\/wp-content\/gallery\/sweet-nothings-on-stage-2017\/thumbs\/thumbs_2060_lm.jpg\"\n\t\t\t\t\twidth=\"112\"\n\t\t\t\t\theight=\"200\"\n\t\t\t\t\tstyle=\"max-width:100%;\"\n\t\t\t\t\/>\n\t\t\t<\/a>\n\t\t<\/div>\n\t\t\t\t\t\t\t<\/div> \n\t\t\t\n\t\t\n\t\t\t\t<div id=\"ngg-image-9\" class=\"ngg-gallery-thumbnail-box\" \n\t\t\t\t\t\t\t\t\t\t\t>\n\t\t\t\t\t\t<div class=\"ngg-gallery-thumbnail\">\n\t\t\t<a href=\"https:\/\/www.johannasmiatek.com\/wp-content\/gallery\/sweet-nothings-on-stage-2017\/dsc_0152_tafel.jpg\"\n\t\t\t\ttitle=\"Gedeckte Tafel zum Dinner mit 8 G\u00e4ngen\"\n\t\t\t\tdata-src=\"https:\/\/www.johannasmiatek.com\/wp-content\/gallery\/sweet-nothings-on-stage-2017\/dsc_0152_tafel.jpg\"\n\t\t\t\tdata-thumbnail=\"https:\/\/www.johannasmiatek.com\/wp-content\/gallery\/sweet-nothings-on-stage-2017\/thumbs\/thumbs_dsc_0152_tafel.jpg\"\n\t\t\t\tdata-image-id=\"680\"\n\t\t\t\tdata-title=\"SWEET NOTHINGS - On Stage, 2017\"\n\t\t\t\tdata-description=\"Gedeckte Tafel zum Dinner mit 8 G\u00e4ngen\"\n\t\t\t\tdata-image-slug=\"sweet-nothings-on-stage-2017-10\"\n\t\t\t\tclass=\"ngg-simplelightbox\" rel=\"f2a4f7a777091a932555cdf376db872f\">\n\t\t\t\t<img\n\t\t\t\t\ttitle=\"SWEET NOTHINGS - On Stage, 2017\"\n\t\t\t\t\talt=\"SWEET NOTHINGS - On Stage, 2017\"\n\t\t\t\t\tsrc=\"https:\/\/www.johannasmiatek.com\/wp-content\/gallery\/sweet-nothings-on-stage-2017\/thumbs\/thumbs_dsc_0152_tafel.jpg\"\n\t\t\t\t\twidth=\"304\"\n\t\t\t\t\theight=\"200\"\n\t\t\t\t\tstyle=\"max-width:100%;\"\n\t\t\t\t\/>\n\t\t\t<\/a>\n\t\t<\/div>\n\t\t\t\t\t\t\t<\/div> \n\t\t\t\n\t\t\n\t\t\t\t<div id=\"ngg-image-10\" class=\"ngg-gallery-thumbnail-box\" \n\t\t\t\t\t\t\t\t\t\t\t>\n\t\t\t\t\t\t<div class=\"ngg-gallery-thumbnail\">\n\t\t\t<a href=\"https:\/\/www.johannasmiatek.com\/wp-content\/gallery\/sweet-nothings-on-stage-2017\/dsc_0171tisch.jpg\"\n\t\t\t\ttitle=\"\"\n\t\t\t\tdata-src=\"https:\/\/www.johannasmiatek.com\/wp-content\/gallery\/sweet-nothings-on-stage-2017\/dsc_0171tisch.jpg\"\n\t\t\t\tdata-thumbnail=\"https:\/\/www.johannasmiatek.com\/wp-content\/gallery\/sweet-nothings-on-stage-2017\/thumbs\/thumbs_dsc_0171tisch.jpg\"\n\t\t\t\tdata-image-id=\"677\"\n\t\t\t\tdata-title=\"SWEET NOTHINGS - On Stage, 2017\"\n\t\t\t\tdata-description=\"\"\n\t\t\t\tdata-image-slug=\"sweet-nothings-on-stage-2017-11\"\n\t\t\t\tclass=\"ngg-simplelightbox\" rel=\"f2a4f7a777091a932555cdf376db872f\">\n\t\t\t\t<img\n\t\t\t\t\ttitle=\"SWEET NOTHINGS - On Stage, 2017\"\n\t\t\t\t\talt=\"SWEET NOTHINGS - On Stage, 2017\"\n\t\t\t\t\tsrc=\"https:\/\/www.johannasmiatek.com\/wp-content\/gallery\/sweet-nothings-on-stage-2017\/thumbs\/thumbs_dsc_0171tisch.jpg\"\n\t\t\t\t\twidth=\"338\"\n\t\t\t\t\theight=\"200\"\n\t\t\t\t\tstyle=\"max-width:100%;\"\n\t\t\t\t\/>\n\t\t\t<\/a>\n\t\t<\/div>\n\t\t\t\t\t\t\t<\/div> \n\t\t\t\n\t\t\n\t\t\t\t<div id=\"ngg-image-11\" class=\"ngg-gallery-thumbnail-box\" \n\t\t\t\t\t\t\t\t\t\t\t>\n\t\t\t\t\t\t<div class=\"ngg-gallery-thumbnail\">\n\t\t\t<a href=\"https:\/\/www.johannasmiatek.com\/wp-content\/gallery\/sweet-nothings-on-stage-2017\/2840_dinner.jpg\"\n\t\t\t\ttitle=\"Zum letzten Gang des Dinners l\u00e4uft die &quot;Love Machine&quot;\"\n\t\t\t\tdata-src=\"https:\/\/www.johannasmiatek.com\/wp-content\/gallery\/sweet-nothings-on-stage-2017\/2840_dinner.jpg\"\n\t\t\t\tdata-thumbnail=\"https:\/\/www.johannasmiatek.com\/wp-content\/gallery\/sweet-nothings-on-stage-2017\/thumbs\/thumbs_2840_dinner.jpg\"\n\t\t\t\tdata-image-id=\"693\"\n\t\t\t\tdata-title=\"SWEET NOTHINGS - On Stage, 2017\"\n\t\t\t\tdata-description=\"Zum letzten Gang des Dinners l\u00e4uft die &quot;Love Machine&quot;\"\n\t\t\t\tdata-image-slug=\"sweet-nothings-on-stage-2017-12\"\n\t\t\t\tclass=\"ngg-simplelightbox\" rel=\"f2a4f7a777091a932555cdf376db872f\">\n\t\t\t\t<img\n\t\t\t\t\ttitle=\"SWEET NOTHINGS - On Stage, 2017\"\n\t\t\t\t\talt=\"SWEET NOTHINGS - On Stage, 2017\"\n\t\t\t\t\tsrc=\"https:\/\/www.johannasmiatek.com\/wp-content\/gallery\/sweet-nothings-on-stage-2017\/thumbs\/thumbs_2840_dinner.jpg\"\n\t\t\t\t\twidth=\"149\"\n\t\t\t\t\theight=\"200\"\n\t\t\t\t\tstyle=\"max-width:100%;\"\n\t\t\t\t\/>\n\t\t\t<\/a>\n\t\t<\/div>\n\t\t\t\t\t\t\t<\/div> \n\t\t\t\n\t\t\n\t\t\t\t<div id=\"ngg-image-12\" class=\"ngg-gallery-thumbnail-box\" \n\t\t\t\t\t\t\t\t\t\t\t>\n\t\t\t\t\t\t<div class=\"ngg-gallery-thumbnail\">\n\t\t\t<a href=\"https:\/\/www.johannasmiatek.com\/wp-content\/gallery\/sweet-nothings-on-stage-2017\/2818_dinner.jpg\"\n\t\t\t\ttitle=\"\"\n\t\t\t\tdata-src=\"https:\/\/www.johannasmiatek.com\/wp-content\/gallery\/sweet-nothings-on-stage-2017\/2818_dinner.jpg\"\n\t\t\t\tdata-thumbnail=\"https:\/\/www.johannasmiatek.com\/wp-content\/gallery\/sweet-nothings-on-stage-2017\/thumbs\/thumbs_2818_dinner.jpg\"\n\t\t\t\tdata-image-id=\"694\"\n\t\t\t\tdata-title=\"SWEET NOTHINGS - On Stage, 2017\"\n\t\t\t\tdata-description=\"\"\n\t\t\t\tdata-image-slug=\"sweet-nothings-on-stage-2017-13\"\n\t\t\t\tclass=\"ngg-simplelightbox\" rel=\"f2a4f7a777091a932555cdf376db872f\">\n\t\t\t\t<img\n\t\t\t\t\ttitle=\"SWEET NOTHINGS - On Stage, 2017\"\n\t\t\t\t\talt=\"SWEET NOTHINGS - On Stage, 2017\"\n\t\t\t\t\tsrc=\"https:\/\/www.johannasmiatek.com\/wp-content\/gallery\/sweet-nothings-on-stage-2017\/thumbs\/thumbs_2818_dinner.jpg\"\n\t\t\t\t\twidth=\"149\"\n\t\t\t\t\theight=\"200\"\n\t\t\t\t\tstyle=\"max-width:100%;\"\n\t\t\t\t\/>\n\t\t\t<\/a>\n\t\t<\/div>\n\t\t\t\t\t\t\t<\/div> \n\t\t\t\n\t\t\n\t\t\n\t\t<!-- Pagination -->\n\t\t<div class='ngg-clear'><\/div>\t<\/div>\n\n<p><div id=\"wpfp_c60c2facaaab5555e462b6a49c3f12ea\" data-item=\"{&quot;sources&quot;:[{&quot;src&quot;:&quot;http:\\\/\\\/www.johannasmiatek.com\\\/wp-content\\\/uploads\\\/Zagreus.mp4&quot;,&quot;type&quot;:&quot;video\\\/mp4&quot;}],&quot;splash&quot;:&quot;http:\\\/\\\/www.johannasmiatek.com\\\/wp-content\\\/uploads\\\/Bildschirmfoto-2019-03-29-um-10.18.19.jpg&quot;}\" class=\"flowplayer no-brand is-splash is-paused skin-slim no-svg fp-slim fp-edgy\" style=\"position:relative; max-width: 478px; max-height: 273px; \" data-ratio=\"0.5711\" data-advance=\"false\">\n\t<div class=\"fp-ratio\" style=\"padding-top: 57.11%\"><\/div>\n\t<img decoding=\"async\" class=\"fp-splash\" alt=\"video\" src=\"http:\/\/www.johannasmiatek.com\/wp-content\/uploads\/Bildschirmfoto-2019-03-29-um-10.18.19.jpg\" style=\"position:absolute;top:0;width:100%\" \/>\n\t<div class=\"fp-ui\"><noscript>Please enable JavaScript<\/noscript><div class=\"fp-play fp-visible\"><svg class=\"fp-play-sharp-fill\" xmlns=\"http:\/\/www.w3.org\/2000\/svg\" viewBox=\"0 0 100 100\"><defs><style>.fp-color-play{opacity:0.65;}.controlbutton{fill:#fff;}<\/style><\/defs><title>play-sharp-fill<\/title><path class=\"fp-color-play\" d=\"M49.9217-.078a50,50,0,1,0,50,50A50.0564,50.0564,0,0,0,49.9217-.078Z\"\/><polygon class=\"controlbutton\" points=\"73.601 50 37.968 70.573 37.968 29.427 73.601 50\" filter=\"url(#f1)\"\/><\/svg><\/div><div class=\"fp-preload\"><b><\/b><b><\/b><b><\/b><b><\/b><\/div><\/div>\n\n<\/div>\n<br \/>\n<br \/>\n<div id=\"wpfp_5a4331143be63434550f3566446b763e\" data-item=\"{&quot;sources&quot;:[{&quot;src&quot;:&quot;http:\\\/\\\/www.johannasmiatek.com\\\/wp-content\\\/uploads\\\/LoveMachine_aktuell2.mp4&quot;,&quot;type&quot;:&quot;video\\\/mp4&quot;}],&quot;splash&quot;:&quot;http:\\\/\\\/www.johannasmiatek.com\\\/wp-content\\\/uploads\\\/LMlast.jpg&quot;}\" class=\"flowplayer no-brand is-splash is-paused skin-slim no-svg fp-slim fp-edgy\" style=\"position:relative; max-width: 478px; max-height: 273px; \" data-ratio=\"0.5711\" data-advance=\"false\">\n\t<div class=\"fp-ratio\" style=\"padding-top: 57.11%\"><\/div>\n\t<img decoding=\"async\" class=\"fp-splash\" alt=\"video\" src=\"http:\/\/www.johannasmiatek.com\/wp-content\/uploads\/LMlast.jpg\" style=\"position:absolute;top:0;width:100%\" \/>\n\t<div class=\"fp-ui\"><noscript>Please enable JavaScript<\/noscript><div class=\"fp-play fp-visible\"><svg class=\"fp-play-sharp-fill\" xmlns=\"http:\/\/www.w3.org\/2000\/svg\" viewBox=\"0 0 100 100\"><defs><style>.fp-color-play{opacity:0.65;}.controlbutton{fill:#fff;}<\/style><\/defs><title>play-sharp-fill<\/title><path class=\"fp-color-play\" d=\"M49.9217-.078a50,50,0,1,0,50,50A50.0564,50.0564,0,0,0,49.9217-.078Z\"\/><polygon class=\"controlbutton\" points=\"73.601 50 37.968 70.573 37.968 29.427 73.601 50\" filter=\"url(#f1)\"\/><\/svg><\/div><div class=\"fp-preload\"><b><\/b><b><\/b><b><\/b><b><\/b><\/div><\/div>\n\n<\/div>\n<\/p>\n<p><span class=\"Apple-style-span\" style=\"font-weight: bold;\"><br \/>\nSWEET NOTHINGS \u2013 On Stage<\/span>, 2017<br \/>\n<em><strong>Love Machine<\/strong><\/em>: dunkelroter Samt, lackiertes Holz, Wasser, Seifenblasenmaschine, Seifenblasen-Spezialfl\u00fcssigkeit mit Pheromonen (synthetisch erzeugte menschliche Sexuallockstoffe)<br \/>\nGr\u00f6\u00dfe variabel, 1500 x 300 x 50 cm<br \/>\n<em><strong>Sweet Nothings (Liebesgefl\u00fcster)<\/strong><\/em>: mehrere Telefonh\u00f6rer, Kabel, MP3-Player<\/p>\n<p>Die K\u00fcnstlerin zeigt in der Ausstellung <strong><em>SWEET NOTHINGS \u2013 On Stage<\/em><\/strong> (Zagreus Projekt 2017, Berlin) verschiedene Formen der \u201eGl\u00fcckssuche\u201c und Versprechungen aus den Medien, dem Internet und der Werbung. Gl\u00fcck, nicht als realer Zustand, sondern als virtuelles \u201eKonsumgut\u201c. \u2028Im Zentrum der Ausstellung steht die erweiterte <strong>Love Machine<\/strong>, eine Installation, die die K\u00fcnstlerin bereits 2016 gezeigt hat und die jedem Besucher einen kurzen Moment des Gl\u00fccks beschert.<br \/>\nIn der Ausstellung erweitert sie die <strong>Love Machine<\/strong> und l\u00e4\u00dft die Besucher in der Installation agieren. Erg\u00e4nzt wird die Arbeit durch die Soundinstallation <strong>Sweet Nothings<\/strong>. In regelm\u00e4\u00dfigen Abst\u00e4nden h\u00e4ngen Telefonh\u00f6rer von der Decke im Raum. Zu h\u00f6ren sind zusammengeschnittene Liebesversprechnungen aus unz\u00e4hligen Filmen in Endlosschleife. Der Besucher kann sich diese Sequenzen \u00fcber die klassischen Telefonh\u00f6rer anh\u00f6ren, so alsob das Versprechen nur f\u00fcr ihn allein bestimmt w\u00e4re. Liebe als einmaliges Versprechen f\u00fcr die Ewigkeit oder vielleicht doch nur als kurze Momentaufnahme, die sich beim n\u00e4chsten mal f\u00fcr jemand anderen wiederholt?<br \/>\nW\u00e4hrend der Ausstellungszeit wurden zu Dinnerabenden speziell abgestimmte aphrodisierende Men\u00fcs angeboten, die das Finden von ein bisschen Gl\u00fcck unterst\u00fctzen. Zur Er\u00f6ffnung wurden als Vorgeschmack auf die kommenden Men\u00fcs aphrodisierende H\u00e4ppchen angeboten.<\/p>\n<p>&nbsp;<\/p>","protected":false},"excerpt":{"rendered":"<\/p>\n<p><span class=\"Apple-style-span\" style=\"font-weight: bold;\"><br \/>\nSWEET NOTHINGS \u2013 On Stage<\/span>, 2017<br \/>\n<em><strong>Love Machine<\/strong><\/em>: dunkelroter Samt, lackiertes Holz, Wasser, Seifenblasenmaschine, Seifenblasen-Spezialfl\u00fcssigkeit mit Pheromonen (synthetisch erzeugte menschliche Sexuallockstoffe)<br \/>\nGr\u00f6\u00dfe variabel, 1500 x 300 x 50 cm<br \/>\n<em><strong>Sweet Nothings (Liebesgefl\u00fcster)<\/strong><\/em>: mehrere Telefonh\u00f6rer,<\/p>\n<p><span class=\"ellipsis\">&hellip;<\/span><\/p>\n<div class=\"read-more\"><a href=\"https:\/\/www.johannasmiatek.com\/de\/sweet-nothings-on-stage\/\">Weiterlesen \u203a<\/a><\/div>\n<p><!-- end of .read-more --><\/p>\n","protected":false},"author":5,"featured_media":0,"parent":0,"menu_order":0,"comment_status":"closed","ping_status":"closed","template":"full-width-page.php","meta":{"ngg_post_thumbnail":0,"footnotes":""},"_links":{"self":[{"href":"https:\/\/www.johannasmiatek.com\/de\/wp-json\/wp\/v2\/pages\/2157"}],"collection":[{"href":"https:\/\/www.johannasmiatek.com\/de\/wp-json\/wp\/v2\/pages"}],"about":[{"href":"https:\/\/www.johannasmiatek.com\/de\/wp-json\/wp\/v2\/types\/page"}],"author":[{"embeddable":true,"href":"https:\/\/www.johannasmiatek.com\/de\/wp-json\/wp\/v2\/users\/5"}],"replies":[{"embeddable":true,"href":"https:\/\/www.johannasmiatek.com\/de\/wp-json\/wp\/v2\/comments?post=2157"}],"version-history":[{"count":33,"href":"https:\/\/www.johannasmiatek.com\/de\/wp-json\/wp\/v2\/pages\/2157\/revisions"}],"predecessor-version":[{"id":2240,"href":"https:\/\/www.johannasmiatek.com\/de\/wp-json\/wp\/v2\/pages\/2157\/revisions\/2240"}],"wp:attachment":[{"href":"https:\/\/www.johannasmiatek.com\/de\/wp-json\/wp\/v2\/media?parent=2157"}],"curies":[{"name":"wp","href":"https:\/\/api.w.org\/{rel}","templated":true}]}}