{"id":214,"date":"2012-03-13T03:32:53","date_gmt":"2012-03-13T02:32:53","guid":{"rendered":"http:\/\/johannasmiatek.com\/new\/?page_id=214"},"modified":"2018-04-18T15:00:27","modified_gmt":"2018-04-18T13:00:27","slug":"gotterspeise","status":"publish","type":"page","link":"https:\/\/www.johannasmiatek.com\/de\/arbeiten\/gotterspeise\/","title":{"rendered":"G\u00f6tterspeise"},"content":{"rendered":"<p><\/p><!-- index.php -->\n<div\n\tclass=\"ngg-galleryoverview\n\t ngg-ajax-pagination-none\t\"\n\tid=\"ngg-gallery-22bedab38b7d8a7bb93e425aa02fbfd2-1\">\n\n\t\t\t<!-- Thumbnails -->\n\t\t\t\t<div id=\"ngg-image-0\" class=\"ngg-gallery-thumbnail-box\" \n\t\t\t\t\t\t\t\t\t\t\t>\n\t\t\t\t\t\t<div class=\"ngg-gallery-thumbnail\">\n\t\t\t<a href=\"https:\/\/www.johannasmiatek.com\/wp-content\/gallery\/goetterspeise\/goetterspeise2.jpg\"\n\t\t\t\ttitle=\"Wie eine G\u00f6tterspeise auf Beinen, 2007 - im Ruhezustand\"\n\t\t\t\tdata-src=\"https:\/\/www.johannasmiatek.com\/wp-content\/gallery\/goetterspeise\/goetterspeise2.jpg\"\n\t\t\t\tdata-thumbnail=\"https:\/\/www.johannasmiatek.com\/wp-content\/gallery\/goetterspeise\/thumbs\/thumbs_goetterspeise2.jpg\"\n\t\t\t\tdata-image-id=\"99\"\n\t\t\t\tdata-title=\"Wie eine G\u00f6tterspeise auf Beinen\"\n\t\t\t\tdata-description=\"Wie eine G\u00f6tterspeise auf Beinen, 2007 - im Ruhezustand\"\n\t\t\t\tdata-image-slug=\"wie-eine-gotterspeise-auf-beinen\"\n\t\t\t\tclass=\"ngg-simplelightbox\" rel=\"22bedab38b7d8a7bb93e425aa02fbfd2\">\n\t\t\t\t<img\n\t\t\t\t\ttitle=\"Wie eine G\u00f6tterspeise auf Beinen\"\n\t\t\t\t\talt=\"Wie eine G\u00f6tterspeise auf Beinen\"\n\t\t\t\t\tsrc=\"https:\/\/www.johannasmiatek.com\/wp-content\/gallery\/goetterspeise\/thumbs\/thumbs_goetterspeise2.jpg\"\n\t\t\t\t\twidth=\"111\"\n\t\t\t\t\theight=\"200\"\n\t\t\t\t\tstyle=\"max-width:100%;\"\n\t\t\t\t\/>\n\t\t\t<\/a>\n\t\t<\/div>\n\t\t\t\t\t\t\t<\/div> \n\t\t\t\n\t\t\n\t\t\t\t<div id=\"ngg-image-1\" class=\"ngg-gallery-thumbnail-box\" \n\t\t\t\t\t\t\t\t\t\t\t>\n\t\t\t\t\t\t<div class=\"ngg-gallery-thumbnail\">\n\t\t\t<a href=\"https:\/\/www.johannasmiatek.com\/wp-content\/gallery\/goetterspeise\/goetterspeise1.jpg\"\n\t\t\t\ttitle=\"Wie eine G\u00f6tterspeise auf Beinen, 2007 -  Der eingebaute Motor l\u00e4\u00dft den Spiegel erzittern sobald sich ein Besucher n\u00e4hert. Es ist unm\u00f6glich, sich scharf zu sehen.\"\n\t\t\t\tdata-src=\"https:\/\/www.johannasmiatek.com\/wp-content\/gallery\/goetterspeise\/goetterspeise1.jpg\"\n\t\t\t\tdata-thumbnail=\"https:\/\/www.johannasmiatek.com\/wp-content\/gallery\/goetterspeise\/thumbs\/thumbs_goetterspeise1.jpg\"\n\t\t\t\tdata-image-id=\"98\"\n\t\t\t\tdata-title=\"Wie eine G\u00f6tterspeise auf Beinen\"\n\t\t\t\tdata-description=\"Wie eine G\u00f6tterspeise auf Beinen, 2007 -  Der eingebaute Motor l\u00e4\u00dft den Spiegel erzittern sobald sich ein Besucher n\u00e4hert. Es ist unm\u00f6glich, sich scharf zu sehen.\"\n\t\t\t\tdata-image-slug=\"wie-eine-gotterspeise-auf-beinen-2\"\n\t\t\t\tclass=\"ngg-simplelightbox\" rel=\"22bedab38b7d8a7bb93e425aa02fbfd2\">\n\t\t\t\t<img\n\t\t\t\t\ttitle=\"Wie eine G\u00f6tterspeise auf Beinen\"\n\t\t\t\t\talt=\"Wie eine G\u00f6tterspeise auf Beinen\"\n\t\t\t\t\tsrc=\"https:\/\/www.johannasmiatek.com\/wp-content\/gallery\/goetterspeise\/thumbs\/thumbs_goetterspeise1.jpg\"\n\t\t\t\t\twidth=\"111\"\n\t\t\t\t\theight=\"200\"\n\t\t\t\t\tstyle=\"max-width:100%;\"\n\t\t\t\t\/>\n\t\t\t<\/a>\n\t\t<\/div>\n\t\t\t\t\t\t\t<\/div> \n\t\t\t\n\t\t\n\t\t\t\t<div id=\"ngg-image-2\" class=\"ngg-gallery-thumbnail-box\" \n\t\t\t\t\t\t\t\t\t\t\t>\n\t\t\t\t\t\t<div class=\"ngg-gallery-thumbnail\">\n\t\t\t<a href=\"https:\/\/www.johannasmiatek.com\/wp-content\/gallery\/goetterspeise\/silber_spiegel.jpg\"\n\t\t\t\ttitle=\"Bewegung, 2006 -  Skizze zum Prototyp des zitternden Spiegels, Silberstift auf Papier\"\n\t\t\t\tdata-src=\"https:\/\/www.johannasmiatek.com\/wp-content\/gallery\/goetterspeise\/silber_spiegel.jpg\"\n\t\t\t\tdata-thumbnail=\"https:\/\/www.johannasmiatek.com\/wp-content\/gallery\/goetterspeise\/thumbs\/thumbs_silber_spiegel.jpg\"\n\t\t\t\tdata-image-id=\"150\"\n\t\t\t\tdata-title=\"silber_spiegel\"\n\t\t\t\tdata-description=\"Bewegung, 2006 -  Skizze zum Prototyp des zitternden Spiegels, Silberstift auf Papier\"\n\t\t\t\tdata-image-slug=\"silber_spiegel\"\n\t\t\t\tclass=\"ngg-simplelightbox\" rel=\"22bedab38b7d8a7bb93e425aa02fbfd2\">\n\t\t\t\t<img\n\t\t\t\t\ttitle=\"silber_spiegel\"\n\t\t\t\t\talt=\"silber_spiegel\"\n\t\t\t\t\tsrc=\"https:\/\/www.johannasmiatek.com\/wp-content\/gallery\/goetterspeise\/thumbs\/thumbs_silber_spiegel.jpg\"\n\t\t\t\t\twidth=\"281\"\n\t\t\t\t\theight=\"200\"\n\t\t\t\t\tstyle=\"max-width:100%;\"\n\t\t\t\t\/>\n\t\t\t<\/a>\n\t\t<\/div>\n\t\t\t\t\t\t\t<\/div> \n\t\t\t\n\t\t\n\t\t\n\t\t<!-- Pagination -->\n\t\t<div class='ngg-clear'><\/div>\t<\/div>\n<div id=\"wpfp_977562a1f2ac80d1c9e54b2500c16e10\" data-item=\"{&quot;sources&quot;:[{&quot;src&quot;:&quot;http:\\\/\\\/johannasmiatek.com\\\/wp-content\\\/uploads\\\/Goetterspeise.mp4&quot;,&quot;type&quot;:&quot;video\\\/mp4&quot;}],&quot;splash&quot;:&quot;http:\\\/\\\/johannasmiatek.com\\\/wp-content\\\/gallery\\\/goetterspeise\\\/still_goetterspeise.jpg&quot;}\" class=\"flowplayer no-brand is-splash is-paused skin-slim no-svg fp-slim fp-edgy\" style=\"position:relative; max-width: 520px; max-height: 388px; \" data-ratio=\"0.7462\" data-advance=\"false\">\n\t<div class=\"fp-ratio\" style=\"padding-top: 74.62%\"><\/div>\n\t<img decoding=\"async\" class=\"fp-splash\" alt=\"video\" src=\"http:\/\/johannasmiatek.com\/wp-content\/gallery\/goetterspeise\/still_goetterspeise.jpg\" style=\"position:absolute;top:0;width:100%\" \/>\n\t<div class=\"fp-ui\"><noscript>Please enable JavaScript<\/noscript><div class=\"fp-play fp-visible\"><svg class=\"fp-play-sharp-fill\" xmlns=\"http:\/\/www.w3.org\/2000\/svg\" viewBox=\"0 0 100 100\"><defs><style>.fp-color-play{opacity:0.65;}.controlbutton{fill:#fff;}<\/style><\/defs><title>play-sharp-fill<\/title><path class=\"fp-color-play\" d=\"M49.9217-.078a50,50,0,1,0,50,50A50.0564,50.0564,0,0,0,49.9217-.078Z\"\/><polygon class=\"controlbutton\" points=\"73.601 50 37.968 70.573 37.968 29.427 73.601 50\" filter=\"url(#f1)\"\/><\/svg><\/div><div class=\"fp-preload\"><b><\/b><b><\/b><b><\/b><b><\/b><\/div><\/div>\n\n<\/div>\n\n<p><strong>Wie eine G\u00f6tterspeise auf Beinen<\/strong>, 2007<br \/>\nHolz, Spiegel, Motor, Bewegungsmelder, 194 x 78 x 64 cm<\/p>\n<p>Die Arbeit beruht im Wesentlichen auf der Interaktion mit den Betrachtern. Wenn sie sich, angezogen vom eigenen Spiegelbild, dem Objekt n\u00e4hern, beginnt ab einer bestimmten N\u00e4he, die ein Bewegungsmelder dem eingebauten Motor meldet, die Spiegelfl\u00e4che zu vibrieren. Das Bild l\u00f6st sich in eine zitternde Unsch\u00e4rfe auf, die erst aus der Distanz gleichsam \u00fcberwunden werden kann, wenn die kinetische St\u00f6rung wieder abgeschaltet wird. Ein ironischer Kommentar \u00fcber die Lust an der Selbstspiegelung. Der eigenen Eitelkeit werden Schranken vorgesetzt.<br \/>\nUnmittelbar ist man an den ovidschen Narziss-Mythos erinnert \u00fcber den J\u00fcngling, der sich beim Blick in einen Quellteich in sein eigenes Spiegelbild verliebt (und denkt, es sei jemand anderes). Beim Versuch, den begehrten K\u00f6rper zu ergreifen, entschwindet das Bild jedes Mal durch Kr\u00e4uselung des Wassers. Wie bei Johanna Smiateks Arbeit ist zu gro\u00dfe N\u00e4he f\u00fcr das Verschwinden der Illusion verantwortlich.<br \/>\nDer Titel der Arbeit bezieht sich auf Billy Wilders Film \u2018Manche m\u00f6gen\u00b4s hei\u00df\u2019 (1959) mit Jack Lemmon, Tony Curtis und Marilyn Monroe. Es handelt sich um ein Zitat aus einer Szene, die am Beginn der Reise der Frauenband spielt, in die sich die beiden als Frauen verkleidete Hauptdarsteller geschmuggelt haben. Noch unbeholfen stehen sie in hochhackigen Schuhen am Bahnsteig und knicken st\u00e4ndig um. Und dann geht Marilyn Monroe an ihnen vorbei. Jack Lemmon bemerkt bewundernd: \u201eWie die sich bewegt. Wie ein Pudding, wie eine G\u00f6tterspeise auf Beinen!\u201c Das geradezu surreale Element, welches in der Verwendung dieser schiefen Metapher als Titel von Smiateks Spiegelobjekt mitschwingt, l\u00f6st sich in einen hintersinnigen Humor auf, der die Vibration der Spiegeloberfl\u00e4che mit dem wabernden Material eines Gelatinepuddings verkn\u00fcpft. Tats\u00e4chlich hat sich diese Arbeit sowohl technisch als auch ikonografisch aus den motorisch animierten Skulpturen aus Silikon entwickelt. Den Prototyp des zitternden Spiegels (ein Wandobjekt) nannte die K\u00fcnstlerin <em>Paris \u2013 oder wie eine G\u00f6tterspeise auf Beinen<\/em>, wobei es um das sogenannte \u2018Urteil des Paris\u2019 geht, also die Erz\u00e4hlung vom trojanischen K\u00f6nigssohn, der zwischen den G\u00f6ttinnen Hera, Athene und Aphrodite die letztere als die sch\u00f6nste aller Frauen ausw\u00e4hlte. Johanna Smiatek geht es immer wieder um tradierte Klischees, die sie innerhalb des vielf\u00e4ltigen Bezugsnetzes ihrer Arbeiten unterl\u00e4uft oder ad absurdum f\u00fchrt. (Zitat: Marc Wellmann)<\/p>\n<p>","protected":false},"excerpt":{"rendered":"<\/p>\n<p style=\"float: left; margin: 0pt 50px 30px 0pt;\">\n<p><strong>Wie eine G\u00f6tterspeise auf Beinen<\/strong>, 2007<br \/>\nHolz, Spiegel, Motor, Bewegungsmelder, 194 x 78 x 64 cm<\/p>\n<p>Die Arbeit beruht im Wesentlichen auf der Interaktion mit den Betrachtern. Wenn sie sich, angezogen vom eigenen Spiegelbild,<\/p>\n<p><span class=\"ellipsis\">&hellip;<\/span><\/p>\n<div class=\"read-more\"><a href=\"https:\/\/www.johannasmiatek.com\/de\/arbeiten\/gotterspeise\/\">Weiterlesen \u203a<\/a><\/div>\n<p><!-- end of .read-more --><\/p>\n","protected":false},"author":1,"featured_media":0,"parent":13,"menu_order":0,"comment_status":"closed","ping_status":"closed","template":"full-width-page.php","meta":{"ngg_post_thumbnail":0,"footnotes":""},"_links":{"self":[{"href":"https:\/\/www.johannasmiatek.com\/de\/wp-json\/wp\/v2\/pages\/214"}],"collection":[{"href":"https:\/\/www.johannasmiatek.com\/de\/wp-json\/wp\/v2\/pages"}],"about":[{"href":"https:\/\/www.johannasmiatek.com\/de\/wp-json\/wp\/v2\/types\/page"}],"author":[{"embeddable":true,"href":"https:\/\/www.johannasmiatek.com\/de\/wp-json\/wp\/v2\/users\/1"}],"replies":[{"embeddable":true,"href":"https:\/\/www.johannasmiatek.com\/de\/wp-json\/wp\/v2\/comments?post=214"}],"version-history":[{"count":23,"href":"https:\/\/www.johannasmiatek.com\/de\/wp-json\/wp\/v2\/pages\/214\/revisions"}],"predecessor-version":[{"id":1668,"href":"https:\/\/www.johannasmiatek.com\/de\/wp-json\/wp\/v2\/pages\/214\/revisions\/1668"}],"up":[{"embeddable":true,"href":"https:\/\/www.johannasmiatek.com\/de\/wp-json\/wp\/v2\/pages\/13"}],"wp:attachment":[{"href":"https:\/\/www.johannasmiatek.com\/de\/wp-json\/wp\/v2\/media?parent=214"}],"curies":[{"name":"wp","href":"https:\/\/api.w.org\/{rel}","templated":true}]}}