{"id":2087,"date":"2019-01-31T23:14:31","date_gmt":"2019-01-31T22:14:31","guid":{"rendered":"http:\/\/www.johannasmiatek.com\/?page_id=2087"},"modified":"2020-03-18T09:11:41","modified_gmt":"2020-03-18T08:11:41","slug":"love-to-go","status":"publish","type":"page","link":"https:\/\/www.johannasmiatek.com\/de\/love-to-go\/","title":{"rendered":"Love to go"},"content":{"rendered":"<p><!-- index.php -->\n<div\n\tclass=\"ngg-galleryoverview\n\t ngg-ajax-pagination-none\t\"\n\tid=\"ngg-gallery-b5fa350840ab1f8e3cbca1cf2f3f77db-1\">\n\n\t\t\t<!-- Thumbnails -->\n\t\t\t\t<div id=\"ngg-image-0\" class=\"ngg-gallery-thumbnail-box\" \n\t\t\t\t\t\t\t\t\t\t\t>\n\t\t\t\t\t\t<div class=\"ngg-gallery-thumbnail\">\n\t\t\t<a href=\"https:\/\/www.johannasmiatek.com\/wp-content\/gallery\/love-to-go\/dsc_0372_8bit_anschnitt2.jpg\"\n\t\t\t\ttitle=\"LOVE TO GO, Plakat und Vitrine zur Aktion im W\u00fcrttembergischen Kunstverein, 2017\"\n\t\t\t\tdata-src=\"https:\/\/www.johannasmiatek.com\/wp-content\/gallery\/love-to-go\/dsc_0372_8bit_anschnitt2.jpg\"\n\t\t\t\tdata-thumbnail=\"https:\/\/www.johannasmiatek.com\/wp-content\/gallery\/love-to-go\/thumbs\/thumbs_dsc_0372_8bit_anschnitt2.jpg\"\n\t\t\t\tdata-image-id=\"648\"\n\t\t\t\tdata-title=\"LOVE TO GO\"\n\t\t\t\tdata-description=\"LOVE TO GO, Plakat und Vitrine zur Aktion im W\u00fcrttembergischen Kunstverein, 2017\"\n\t\t\t\tdata-image-slug=\"love-to-go-14\"\n\t\t\t\tclass=\"ngg-simplelightbox\" rel=\"b5fa350840ab1f8e3cbca1cf2f3f77db\">\n\t\t\t\t<img\n\t\t\t\t\ttitle=\"LOVE TO GO\"\n\t\t\t\t\talt=\"LOVE TO GO\"\n\t\t\t\t\tsrc=\"https:\/\/www.johannasmiatek.com\/wp-content\/gallery\/love-to-go\/thumbs\/thumbs_dsc_0372_8bit_anschnitt2.jpg\"\n\t\t\t\t\twidth=\"187\"\n\t\t\t\t\theight=\"200\"\n\t\t\t\t\tstyle=\"max-width:100%;\"\n\t\t\t\t\/>\n\t\t\t<\/a>\n\t\t<\/div>\n\t\t\t\t\t\t\t<\/div> \n\t\t\t\n\t\t\n\t\t\t\t<div id=\"ngg-image-1\" class=\"ngg-gallery-thumbnail-box\" \n\t\t\t\t\t\t\t\t\t\t\t>\n\t\t\t\t\t\t<div class=\"ngg-gallery-thumbnail\">\n\t\t\t<a href=\"https:\/\/www.johannasmiatek.com\/wp-content\/gallery\/love-to-go\/ltg_vitrine.jpg\"\n\t\t\t\ttitle=\"LOVE TO GO - Edition in der Vitrine, WKV Stuttgart, 2017\"\n\t\t\t\tdata-src=\"https:\/\/www.johannasmiatek.com\/wp-content\/gallery\/love-to-go\/ltg_vitrine.jpg\"\n\t\t\t\tdata-thumbnail=\"https:\/\/www.johannasmiatek.com\/wp-content\/gallery\/love-to-go\/thumbs\/thumbs_ltg_vitrine.jpg\"\n\t\t\t\tdata-image-id=\"646\"\n\t\t\t\tdata-title=\"LOVE TO GO\"\n\t\t\t\tdata-description=\"LOVE TO GO - Edition in der Vitrine, WKV Stuttgart, 2017\"\n\t\t\t\tdata-image-slug=\"love-to-go-2\"\n\t\t\t\tclass=\"ngg-simplelightbox\" rel=\"b5fa350840ab1f8e3cbca1cf2f3f77db\">\n\t\t\t\t<img\n\t\t\t\t\ttitle=\"LOVE TO GO\"\n\t\t\t\t\talt=\"LOVE TO GO\"\n\t\t\t\t\tsrc=\"https:\/\/www.johannasmiatek.com\/wp-content\/gallery\/love-to-go\/thumbs\/thumbs_ltg_vitrine.jpg\"\n\t\t\t\t\twidth=\"285\"\n\t\t\t\t\theight=\"200\"\n\t\t\t\t\tstyle=\"max-width:100%;\"\n\t\t\t\t\/>\n\t\t\t<\/a>\n\t\t<\/div>\n\t\t\t\t\t\t\t<\/div> \n\t\t\t\n\t\t\n\t\t\t\t<div id=\"ngg-image-2\" class=\"ngg-gallery-thumbnail-box\" \n\t\t\t\t\t\t\t\t\t\t\t>\n\t\t\t\t\t\t<div class=\"ngg-gallery-thumbnail\">\n\t\t\t<a href=\"https:\/\/www.johannasmiatek.com\/wp-content\/gallery\/love-to-go\/ltg_plakat.jpg\"\n\t\t\t\ttitle=\"LOVE TO GO, Plakat zur Aktion im WKV Stuttgart, 2017\"\n\t\t\t\tdata-src=\"https:\/\/www.johannasmiatek.com\/wp-content\/gallery\/love-to-go\/ltg_plakat.jpg\"\n\t\t\t\tdata-thumbnail=\"https:\/\/www.johannasmiatek.com\/wp-content\/gallery\/love-to-go\/thumbs\/thumbs_ltg_plakat.jpg\"\n\t\t\t\tdata-image-id=\"626\"\n\t\t\t\tdata-title=\"LOVE TO GO\"\n\t\t\t\tdata-description=\"LOVE TO GO, Plakat zur Aktion im WKV Stuttgart, 2017\"\n\t\t\t\tdata-image-slug=\"love-to-go-3\"\n\t\t\t\tclass=\"ngg-simplelightbox\" rel=\"b5fa350840ab1f8e3cbca1cf2f3f77db\">\n\t\t\t\t<img\n\t\t\t\t\ttitle=\"LOVE TO GO\"\n\t\t\t\t\talt=\"LOVE TO GO\"\n\t\t\t\t\tsrc=\"https:\/\/www.johannasmiatek.com\/wp-content\/gallery\/love-to-go\/thumbs\/thumbs_ltg_plakat.jpg\"\n\t\t\t\t\twidth=\"119\"\n\t\t\t\t\theight=\"200\"\n\t\t\t\t\tstyle=\"max-width:100%;\"\n\t\t\t\t\/>\n\t\t\t<\/a>\n\t\t<\/div>\n\t\t\t\t\t\t\t<\/div> \n\t\t\t\n\t\t\n\t\t\t\t<div id=\"ngg-image-3\" class=\"ngg-gallery-thumbnail-box\" \n\t\t\t\t\t\t\t\t\t\t\t>\n\t\t\t\t\t\t<div class=\"ngg-gallery-thumbnail\">\n\t\t\t<a href=\"https:\/\/www.johannasmiatek.com\/wp-content\/gallery\/love-to-go\/ltg_wkv1.jpg\"\n\t\t\t\ttitle=\"Aktion im W\u00fcrttembergischen Kunstverein, Stuttgart 2017\"\n\t\t\t\tdata-src=\"https:\/\/www.johannasmiatek.com\/wp-content\/gallery\/love-to-go\/ltg_wkv1.jpg\"\n\t\t\t\tdata-thumbnail=\"https:\/\/www.johannasmiatek.com\/wp-content\/gallery\/love-to-go\/thumbs\/thumbs_ltg_wkv1.jpg\"\n\t\t\t\tdata-image-id=\"642\"\n\t\t\t\tdata-title=\"LOVE TO GO\"\n\t\t\t\tdata-description=\"Aktion im W\u00fcrttembergischen Kunstverein, Stuttgart 2017\"\n\t\t\t\tdata-image-slug=\"love-to-go-4\"\n\t\t\t\tclass=\"ngg-simplelightbox\" rel=\"b5fa350840ab1f8e3cbca1cf2f3f77db\">\n\t\t\t\t<img\n\t\t\t\t\ttitle=\"LOVE TO GO\"\n\t\t\t\t\talt=\"LOVE TO GO\"\n\t\t\t\t\tsrc=\"https:\/\/www.johannasmiatek.com\/wp-content\/gallery\/love-to-go\/thumbs\/thumbs_ltg_wkv1.jpg\"\n\t\t\t\t\twidth=\"136\"\n\t\t\t\t\theight=\"200\"\n\t\t\t\t\tstyle=\"max-width:100%;\"\n\t\t\t\t\/>\n\t\t\t<\/a>\n\t\t<\/div>\n\t\t\t\t\t\t\t<\/div> \n\t\t\t\n\t\t\n\t\t\t\t<div id=\"ngg-image-4\" class=\"ngg-gallery-thumbnail-box\" \n\t\t\t\t\t\t\t\t\t\t\t>\n\t\t\t\t\t\t<div class=\"ngg-gallery-thumbnail\">\n\t\t\t<a href=\"https:\/\/www.johannasmiatek.com\/wp-content\/gallery\/love-to-go\/dsc_0267_muetze.jpg\"\n\t\t\t\ttitle=\"M\u00fctze zur Aktion, 2017\/2018\"\n\t\t\t\tdata-src=\"https:\/\/www.johannasmiatek.com\/wp-content\/gallery\/love-to-go\/dsc_0267_muetze.jpg\"\n\t\t\t\tdata-thumbnail=\"https:\/\/www.johannasmiatek.com\/wp-content\/gallery\/love-to-go\/thumbs\/thumbs_dsc_0267_muetze.jpg\"\n\t\t\t\tdata-image-id=\"624\"\n\t\t\t\tdata-title=\"LOVE TO GO\"\n\t\t\t\tdata-description=\"M\u00fctze zur Aktion, 2017\/2018\"\n\t\t\t\tdata-image-slug=\"love-to-go-5\"\n\t\t\t\tclass=\"ngg-simplelightbox\" rel=\"b5fa350840ab1f8e3cbca1cf2f3f77db\">\n\t\t\t\t<img\n\t\t\t\t\ttitle=\"LOVE TO GO\"\n\t\t\t\t\talt=\"LOVE TO GO\"\n\t\t\t\t\tsrc=\"https:\/\/www.johannasmiatek.com\/wp-content\/gallery\/love-to-go\/thumbs\/thumbs_dsc_0267_muetze.jpg\"\n\t\t\t\t\twidth=\"292\"\n\t\t\t\t\theight=\"200\"\n\t\t\t\t\tstyle=\"max-width:100%;\"\n\t\t\t\t\/>\n\t\t\t<\/a>\n\t\t<\/div>\n\t\t\t\t\t\t\t<\/div> \n\t\t\t\n\t\t\n\t\t\t\t<div id=\"ngg-image-5\" class=\"ngg-gallery-thumbnail-box\" \n\t\t\t\t\t\t\t\t\t\t\t>\n\t\t\t\t\t\t<div class=\"ngg-gallery-thumbnail\">\n\t\t\t<a href=\"https:\/\/www.johannasmiatek.com\/wp-content\/gallery\/love-to-go\/dsc_0237_bauchladen2.jpg\"\n\t\t\t\ttitle=\"LOVE TO GO - Bauchladen, 2018\"\n\t\t\t\tdata-src=\"https:\/\/www.johannasmiatek.com\/wp-content\/gallery\/love-to-go\/dsc_0237_bauchladen2.jpg\"\n\t\t\t\tdata-thumbnail=\"https:\/\/www.johannasmiatek.com\/wp-content\/gallery\/love-to-go\/thumbs\/thumbs_dsc_0237_bauchladen2.jpg\"\n\t\t\t\tdata-image-id=\"649\"\n\t\t\t\tdata-title=\"LOVE TO GO - Bauchladen\"\n\t\t\t\tdata-description=\"LOVE TO GO - Bauchladen, 2018\"\n\t\t\t\tdata-image-slug=\"love-to-go-bauchladen\"\n\t\t\t\tclass=\"ngg-simplelightbox\" rel=\"b5fa350840ab1f8e3cbca1cf2f3f77db\">\n\t\t\t\t<img\n\t\t\t\t\ttitle=\"LOVE TO GO - Bauchladen\"\n\t\t\t\t\talt=\"LOVE TO GO - Bauchladen\"\n\t\t\t\t\tsrc=\"https:\/\/www.johannasmiatek.com\/wp-content\/gallery\/love-to-go\/thumbs\/thumbs_dsc_0237_bauchladen2.jpg\"\n\t\t\t\t\twidth=\"154\"\n\t\t\t\t\theight=\"200\"\n\t\t\t\t\tstyle=\"max-width:100%;\"\n\t\t\t\t\/>\n\t\t\t<\/a>\n\t\t<\/div>\n\t\t\t\t\t\t\t<\/div> \n\t\t\t\n\t\t\n\t\t\t\t<div id=\"ngg-image-6\" class=\"ngg-gallery-thumbnail-box\" \n\t\t\t\t\t\t\t\t\t\t\t>\n\t\t\t\t\t\t<div class=\"ngg-gallery-thumbnail\">\n\t\t\t<a href=\"https:\/\/www.johannasmiatek.com\/wp-content\/gallery\/love-to-go\/ltg_aktion.jpg\"\n\t\t\t\ttitle=\"Kunst-Aktion LOVE TO GO in der Ausstellung \u201eSEX ROLE\u201c, Berlin 2018\"\n\t\t\t\tdata-src=\"https:\/\/www.johannasmiatek.com\/wp-content\/gallery\/love-to-go\/ltg_aktion.jpg\"\n\t\t\t\tdata-thumbnail=\"https:\/\/www.johannasmiatek.com\/wp-content\/gallery\/love-to-go\/thumbs\/thumbs_ltg_aktion.jpg\"\n\t\t\t\tdata-image-id=\"616\"\n\t\t\t\tdata-title=\"LOVE TO GO\"\n\t\t\t\tdata-description=\"Kunst-Aktion LOVE TO GO in der Ausstellung \u201eSEX ROLE\u201c, Berlin 2018\"\n\t\t\t\tdata-image-slug=\"love-to-go-7\"\n\t\t\t\tclass=\"ngg-simplelightbox\" rel=\"b5fa350840ab1f8e3cbca1cf2f3f77db\">\n\t\t\t\t<img\n\t\t\t\t\ttitle=\"LOVE TO GO\"\n\t\t\t\t\talt=\"LOVE TO GO\"\n\t\t\t\t\tsrc=\"https:\/\/www.johannasmiatek.com\/wp-content\/gallery\/love-to-go\/thumbs\/thumbs_ltg_aktion.jpg\"\n\t\t\t\t\twidth=\"133\"\n\t\t\t\t\theight=\"200\"\n\t\t\t\t\tstyle=\"max-width:100%;\"\n\t\t\t\t\/>\n\t\t\t<\/a>\n\t\t<\/div>\n\t\t\t\t\t\t\t<\/div> \n\t\t\t\n\t\t\n\t\t\t\t<div id=\"ngg-image-7\" class=\"ngg-gallery-thumbnail-box\" \n\t\t\t\t\t\t\t\t\t\t\t>\n\t\t\t\t\t\t<div class=\"ngg-gallery-thumbnail\">\n\t\t\t<a href=\"https:\/\/www.johannasmiatek.com\/wp-content\/gallery\/love-to-go\/ltg_5maerz.jpg\"\n\t\t\t\ttitle=\"Kunst-Aktion LOVE TO GO in der Ausstellung \u201eSEX ROLE\u201c, Berlin 2018\"\n\t\t\t\tdata-src=\"https:\/\/www.johannasmiatek.com\/wp-content\/gallery\/love-to-go\/ltg_5maerz.jpg\"\n\t\t\t\tdata-thumbnail=\"https:\/\/www.johannasmiatek.com\/wp-content\/gallery\/love-to-go\/thumbs\/thumbs_ltg_5maerz.jpg\"\n\t\t\t\tdata-image-id=\"615\"\n\t\t\t\tdata-title=\"LOVE TO GO\"\n\t\t\t\tdata-description=\"Kunst-Aktion LOVE TO GO in der Ausstellung \u201eSEX ROLE\u201c, Berlin 2018\"\n\t\t\t\tdata-image-slug=\"love-to-go-6\"\n\t\t\t\tclass=\"ngg-simplelightbox\" rel=\"b5fa350840ab1f8e3cbca1cf2f3f77db\">\n\t\t\t\t<img\n\t\t\t\t\ttitle=\"LOVE TO GO\"\n\t\t\t\t\talt=\"LOVE TO GO\"\n\t\t\t\t\tsrc=\"https:\/\/www.johannasmiatek.com\/wp-content\/gallery\/love-to-go\/thumbs\/thumbs_ltg_5maerz.jpg\"\n\t\t\t\t\twidth=\"300\"\n\t\t\t\t\theight=\"200\"\n\t\t\t\t\tstyle=\"max-width:100%;\"\n\t\t\t\t\/>\n\t\t\t<\/a>\n\t\t<\/div>\n\t\t\t\t\t\t\t<\/div> \n\t\t\t\n\t\t\n\t\t\n\t\t<!-- Pagination -->\n\t\t<div class='ngg-clear'><\/div>\t<\/div>\n\n<p><strong>LOVE TO GO \u2013 Bauchladen<\/strong>, 2018<br \/>\nMultiple im Bauchladen<br \/>\nKunststoff, Seifenblasen-Spezialfluid mit synthetischen menschlichen Pheromonen (synthetische Sexuallockstoffe), Holz, Samt, Autohupe<br \/>\nGr\u00f6\u00dfe: 50 x 30 x 20 cm<\/p>\n<p>In mehreren Kunstaktionen wurde die Edition <em>LOVE TO GO<\/em> angeboten und die K\u00fcnstlerin hatte mit den Ausstellungsbesuchern interagiert w\u00e4hrend Er\u00f6ffnungen im W\u00fcrttembergischen Kunstverein 2017 in Stuttgart und in Berlin 2018.<br \/>\nDie Arbeit bezieht sich auf verschiedene Formen der &#8220;Gl\u00fcckssuche&#8221; und Versprechungen aus den Medien, dem Internet und der Werbung. Gl\u00fcck, nicht als realer Zustand, sondern als virtuelles &#8220;Konsumgut&#8221;. Die Arbeit <em>LOVE TO GO<\/em> kann jedem Besucher einen kurzen Moment des Gl\u00fccksgef\u00fchls bescheren, das er entweder nach Hause nehmen kann oder gleich testen kann. Die Seifenblasen, ein Symbol f\u00fcr Verg\u00e4nglichkeit, sind angereichert mit synthetisch erzeugten menschlichen Pheromonen (Sexual-Lockstoffe).<\/p>","protected":false},"excerpt":{"rendered":"<\/p>\n<p><strong>LOVE TO GO \u2013 Bauchladen<\/strong>, 2018<br \/>\nMultiple im Bauchladen<br \/>\nKunststoff, Seifenblasen-Spezialfluid mit synthetischen menschlichen Pheromonen (synthetische Sexuallockstoffe), Holz, Samt, Autohupe<br \/>\nGr\u00f6\u00dfe: 50 x 30 x 20 cm<\/p>\n<p>In mehreren Kunstaktionen wurde die Edition <em>LOVE TO GO<\/em> angeboten und die K\u00fcnstlerin hatte mit den Ausstellungsbesuchern interagiert w\u00e4hrend Er\u00f6ffnungen im W\u00fcrttembergischen Kunstverein 2017 in Stuttgart und in Berlin 2018.<\/p>\n<p><span class=\"ellipsis\">&hellip;<\/span><\/p>\n<div class=\"read-more\"><a href=\"https:\/\/www.johannasmiatek.com\/de\/love-to-go\/\">Weiterlesen \u203a<\/a><\/div>\n<p><!-- end of .read-more --><\/p>\n","protected":false},"author":4,"featured_media":0,"parent":0,"menu_order":0,"comment_status":"closed","ping_status":"closed","template":"full-width-page.php","meta":{"ngg_post_thumbnail":0,"footnotes":""},"_links":{"self":[{"href":"https:\/\/www.johannasmiatek.com\/de\/wp-json\/wp\/v2\/pages\/2087"}],"collection":[{"href":"https:\/\/www.johannasmiatek.com\/de\/wp-json\/wp\/v2\/pages"}],"about":[{"href":"https:\/\/www.johannasmiatek.com\/de\/wp-json\/wp\/v2\/types\/page"}],"author":[{"embeddable":true,"href":"https:\/\/www.johannasmiatek.com\/de\/wp-json\/wp\/v2\/users\/4"}],"replies":[{"embeddable":true,"href":"https:\/\/www.johannasmiatek.com\/de\/wp-json\/wp\/v2\/comments?post=2087"}],"version-history":[{"count":20,"href":"https:\/\/www.johannasmiatek.com\/de\/wp-json\/wp\/v2\/pages\/2087\/revisions"}],"predecessor-version":[{"id":2144,"href":"https:\/\/www.johannasmiatek.com\/de\/wp-json\/wp\/v2\/pages\/2087\/revisions\/2144"}],"wp:attachment":[{"href":"https:\/\/www.johannasmiatek.com\/de\/wp-json\/wp\/v2\/media?parent=2087"}],"curies":[{"name":"wp","href":"https:\/\/api.w.org\/{rel}","templated":true}]}}