{"id":18,"date":"2012-03-05T18:40:00","date_gmt":"2012-03-05T17:40:00","guid":{"rendered":"http:\/\/johannasmiatek.com\/new\/?page_id=18"},"modified":"2025-05-14T13:14:35","modified_gmt":"2025-05-14T11:14:35","slug":"bibliografie","status":"publish","type":"page","link":"https:\/\/www.johannasmiatek.com\/de\/bibliografie\/","title":{"rendered":"Bibliografie"},"content":{"rendered":"<p>&nbsp;<\/p>\n<table border=\"0\" cellspacing=\"0\" cellpadding=\"0\">\n<tbody>\n<tr>\n<td colspan=\"2\">(Auswahl ab 2007)<\/td>\n<\/tr>\n<tr>\n<td>2021<\/td>\n<td><strong>Zagreus Projekt, 2000-2020<\/strong>, Hrsg. Ulrich Krauss, Zagreus Projekt, Berlin<\/td>\n<\/tr>\n<tr style=\"vertical-align: top;\">\n<td width=\"200px\">2016<\/td>\n<td><a href=\"http:\/\/www.artistbooks.de\/\" target=\"_blank\" rel=\"noopener\"><strong>museum FLUXUS+ atrium, Sonderausstellungen 2008-2016<\/strong>, Hrsg. Heinrich Liman \/ Pia Nimpsch, museum FLUXUS+, Potsdam 2016 (Ausstellungskatalog)<\/a><br \/>\n<a href=\"https:\/\/www.salon-verlag.de\/book\/flugfische-und-seepferdchen\/\" target=\"_blank\" rel=\"noopener\"><strong>Seepferdchen und Flugfische,<\/strong> Hrsg. Dr. Oliver Kornhoff, ARP Museum Bahnhof Rolandseck, Salon Verlag K\u00f6ln 2016 (Ausstellungskatalog)<\/a><\/td>\n<\/tr>\n<tr style=\"vertical-align: top;\">\n<td width=\"200px\">2014<\/td>\n<td><a href=\"http:\/\/www.semjoncontemporary.com\" target=\"_blank\" rel=\"noopener\"><strong>Lieber K\u00fcnstler, zeichne mir! Part 1: Abstraktion, Konkretion, Notation und Struktur<\/strong>, Hrsg. Semjon Contemporary &#8211; Galerie f\u00fcr zeitgen\u00f6ssische Kunst, Berlin<\/a><\/td>\n<\/tr>\n<tr style=\"vertical-align: top;\">\n<td width=\"200px\">2013<\/td>\n<td><a href=\"https:\/\/www.kerberverlag.com\/de\/macht-wahn-vision.html\" target=\"_blank\" rel=\"noopener\"><strong>MACHT.WAHN.VISION.<\/strong> Der Turm und urbane Giganten in der Skulptur, Kerber Verlag, Bielefeld 2013<\/a><\/td>\n<\/tr>\n<tr style=\"vertical-align: top;\">\n<td width=\"200px\">2012<\/td>\n<td><a href=\"http:\/\/www.snoeck.de\/de\/book\/146\/Der-Spiegel-des-Narziss\" target=\"_blank\" rel=\"noopener\"><strong>Der Spiegel des Narziss. Vom mythologischen Halbgott zum Massenph\u00e4nomen.<\/strong> Hrsg. Beate Ermacora, Maren Welsch, Snoeck Verlag, K\u00f6ln 2012 (Ausstellungskatalog)<\/a><br \/>\n<strong>Salon Salder<\/strong>, Hrsg. Kunstsammlung Museum Schlo\u00df Salder, 2012 (Ausstellungskatalog)<\/td>\n<\/tr>\n<tr>\n<td width=\"200px\">2011<\/td>\n<td><a href=\"http:\/\/www.hatjecantz.de\/controller.php?cmd=detail&amp;titzif=00002805&amp;lang=de\" target=\"_blank\" rel=\"noopener\"><strong>UNSCHARF. Nach Gerhard Richter<\/strong>. Hatje Cantz Verlag. Ostfildern 2011 (Ausstellungskatalog)<\/a><\/td>\n<\/tr>\n<tr>\n<td>2010<\/td>\n<td><a href=\"http:\/\/www.verlag-hans-schiler.de\/index.php?title=Arvid+Boellert+%3A+XVII.+Rohkunstbau%3A+Atlantis+II&amp;art_no=M0306&amp;language=de\" target=\"_blank\" rel=\"noopener\"><strong>XVII. Rohkunstbau, Atlantis II &#8211; Hidden Histories &#8211; Imagined Identities<\/strong><\/a>. Hrsg. Arvid Boellert. Berlin 2010 (Ausstellungskatalog)<br \/>\n<a href=\"https:\/\/www.kunstforum.de\/artikel\/rohkunstbau-xvii\/\" target=\"_blank\" rel=\"noopener\"><strong>Kunstforum International<\/strong>, Bd. 204. Rohkunstbau XVII. Von Matthias Reichelt<\/a><\/td>\n<\/tr>\n<tr>\n<td>2009<\/td>\n<td><a href=\"http:\/\/www.wienand-koeln.de\/titel\/Romantische-Maschinen-Kinetische-Kunst-der-Gegenwart.asp\" target=\"_blank\" rel=\"noopener\"><strong>Romantische Maschinen. Kinetische Kunst der Gegenwart<\/strong>. Hrsg. Marc Wellmann. Wienand Verlag K\u00f6ln 2009 (Ausstellungskatalog)<\/a><br \/>\n<a href=\"https:\/\/www.kunstforum.de\/artikel\/romantische-maschinen\/\" rel=\"noopener\"><strong>Kunstforum International, <\/strong>Bd. 199. Romantische Maschinen. Von Johannes Wendland<\/a><br \/>\n<a href=\"https:\/\/www.kehrerverlag.com\/de\/johanna-smiatek-don-t-touch-978-3-86828-094-4\" target=\"_blank\" rel=\"noopener\"><strong>Don\u00b4t Touch, Johanna Smiatek.<\/strong> Hrsg. Heinz-G\u00fcnter Herpel, Kunstpunkt Berlin, Galerie f\u00fcr aktuelle Kunst. Kehrer Verlag Heidelberg 2009<\/a><br \/>\n<strong>22. Stuttgarter Filmwinter, Stuttgart<\/strong><\/td>\n<\/tr>\n<tr>\n<td>2008<\/td>\n<td><strong>5. Berliner Kunstsalon<\/strong><\/td>\n<\/tr>\n<tr>\n<td>2007<\/td>\n<td><strong>4. Berliner Kunstsalon<\/strong><\/td>\n<\/tr>\n<tr>\n<td nowrap=\"nowrap\">&nbsp;<\/td>\n<td>&nbsp;<\/td>\n<\/tr>\n<tr>\n<td colspan=\"2\">Presse (Auswahl ab 2008)<\/td>\n<\/tr>\n<tr style=\"vertical-align: top;\">\n<td width=\"200px\">2025<\/td>\n<td><a href=\"https:\/\/www.haz.de\/kultur\/regional\/johanna-smiateks-kunst-bei-feinkunst-in-hannover-RPZYHOS5T5EOHDZLNCLRVESKFI.html\" target=\"_blank\" rel=\"noopener\">Hannoversche Allgemeine Zeitung, Henning Queren: <strong>Johanna Smiatek zeigt \u201eParalleluniversen\u201c bei feinkunst<\/strong>, 10.05.2025<\/a><br \/>\nHenning Queren: <strong>Sound-Kugeln im Spiegelkabinett<\/strong>, HAZ, 10.05.2025<\/td>\n<\/tr>\n<tr style=\"vertical-align: top;\">\n<td width=\"200px\">2023<\/td>\n<td><a href=\"https:\/\/www.rbb-online.de\/rbbkultur\/radio\/programm\/schema\/sendungen\/die_alltagsfeministinnen\/archiv\/20230430_1700.html\" target=\"_blank\" rel=\"noopener\">rbb Kulturradio Berlin, Michaela Gericke: <strong>Alltagsfeministinnen<\/strong>, 30.04.2023<\/a><br \/>\nHendrik Suntken: <strong>Kreativit\u00e4t in all seinen Formen \u2013 neue Ausstellung in der Kunsthalle<\/strong>, NWZ, 03.03.2023<\/td>\n<\/tr>\n<tr style=\"vertical-align: top;\">\n<td width=\"200px\">2021<\/td>\n<td><a href=\"https:\/\/tvthek.orf.at\/profile\/Kultur-Heute\/3078759\/Kultur-Heute\/14116370\/Transformations-im-Wiener-Kuenstlerhaus\/15053642\" target=\"_blank\" rel=\"noopener\">ORF Fernsehbericht, Kultur Heute: <strong>Transformations im Wiener K\u00fcnstlerhaus<\/strong>, 10.12.2021<\/a><br \/>\n<a href=\"https:\/\/orf.at\/stories\/3239594\/\" target=\"_blank\" rel=\"noopener\">Gerald Heidegger: <strong>UNGEWOLLTE GEHEIMSCHAU \u2013 Ein Grenzgang mit der Wahrnehmung<\/strong>, ORF.at, 11.12.2021<\/a><\/td>\n<\/tr>\n<tr style=\"vertical-align: top;\">\n<td width=\"200px\">2020<\/td>\n<td><a href=\"https:\/\/www.badische-zeitung.de\/schoener-schein-und-bittere-wahrheit\" target=\"_blank\" rel=\"noopener\">Roswitha Frey: <strong>Sch\u00f6ner Schein und bittere Wahrheit<\/strong>, Badische Zeitung, 03.03.2020<\/a><br \/>\n<a href=\"https:\/\/www.suedkurier.de\/region\/hochrhein\/bad-saeckingen\/Das-Schoenheitsbild-der-Frau-ergruendet-die-aktuelle-Ausstellung-in-der-Villa-Berberich-in-Bad-Saeckingen;art372588,10458373\" target=\"_blank\" rel=\"noopener\">J\u00fcrgen Scharf: <strong>Das Sch\u00f6nheitsbild der Frau &#8230; <\/strong>, S\u00fcdkurier, 02.03.2020<\/a><\/td>\n<\/tr>\n<tr style=\"vertical-align: top;\">\n<td width=\"200px\">2019<\/td>\n<td><a href=\"https:\/\/theworldnews.net\/de-news\/der-melodymat-im-oktogon-und-andere-salon-inspirationen\" target=\"_blank\" rel=\"noopener\">Ingvil Schirling: <strong>Der Melodymat im Oktogon und andere Salon-Inspirationen<\/strong>, Worldnews Online, 25.08.2019<\/a><br \/>\nAnja Kabisch \u00fcber die Kulturfestspiele auf Schlo\u00df Neuhaus, rbb Rundfunk, Antenne Brandenburg, 23.08.2019<\/td>\n<\/tr>\n<tr style=\"vertical-align: top;\">\n<td width=\"200px\">2018<\/td>\n<td><a href=\"http:\/\/blogs.taz.de\/schroederkalender\/2018\/09\/04\/schoenheit-und-moral\/\" target=\"_blank\" rel=\"noopener\">Barbara Kalender, J\u00f6rg Schr\u00f6der: <strong>Sch\u00f6nheit und Moral.<\/strong> In: taz.blogs, 04.09.2018<\/a><\/td>\n<\/tr>\n<tr style=\"vertical-align: top;\">\n<td width=\"200px\">2017<\/td>\n<td><a href=\"http:\/\/blogs.taz.de\/schroederkalender\/2017\/07\/13\/seifenblasen-des-gluecks\/\" target=\"_blank\" rel=\"noopener\">Barbara Kalender, J\u00f6rg Schr\u00f6der: <strong>Seifenblasen des Gl\u00fccks.<\/strong> In: taz.blogs, 13.07.2017<\/a><\/td>\n<\/tr>\n<tr style=\"vertical-align: top;\">\n<td width=\"200px\">2016<\/td>\n<td><a href=\"http:\/\/www.tagesspiegel.de\/kultur\/ausstellung-ueber-liebe-tatsaechlich-pheromone\/14525844.html\" target=\"_blank\" rel=\"noopener\">Giacomo Maihofer: <strong>Tats\u00e4chlich\u2026Pheromone<\/strong>, Tagesspiegel Berlin online, 12.09.2016<\/a><br \/>\nGiacomo Maihofer: <strong>Liebesluft: Johanna Smiateks Arbeiten im Projektraum rosalux<\/strong>, Tagesspiegel Berlin, 10.09.2016<br \/>\nrbb Kulturradio Berlin, KULTUR AKTUELL, 27.08.2016; Michaela Gericke: <strong>&#8220;MOST WANTED \u2013 hier finden Sie das Gl\u00fcck&#8221; \u2013 Johanna Smiatek bei Rosalux<\/strong><br \/>\nJohanna Smiatek hinterfragt die Gl\u00fccksversprechen der Medien mit ihrer Kunst und hat eine Liebesmaschine gebaut, die jedem Besucher einen Gl\u00fccksmoment verspricht.<br \/>\nMichaela Gericke hat sich die Ausstellung &#8220;MOST WANTED \u2013 Hier finden Sie das Gl\u00fcck&#8221; angesehen.<br \/>\n<a href=\"http:\/\/www.pirmasenser-zeitung.de\/nachrichten\/detail\/wie-kuenstler-dada-sehen\/\" target=\"_blank\" rel=\"noopener\"><strong>Wie K\u00fcnstler Dada sehen: \u201eSeepferdchen und Flugfische\u201c \u2013 Dada-Ausstellung im Jubil\u00e4umsjahr<\/strong>, Pirmasenser Zeitung, 15.09.2016<\/a><br \/>\n<a href=\"http:\/\/www.kunst-am-mittelrhein.de\/index.php\/archiv\/73-genese-dada\" target=\"_blank\" rel=\"noopener\">Anna Gesher: <strong>Genese Dada<\/strong>, In: Kunst am Mittelrhein (Online Journal f\u00fcr Kunst), 29. M\u00e4rz 2016<\/a><br \/>\nHildegard Ginster: <strong>ARP Museum: Seepferdchen und Flugfische<\/strong>, In: Blick aktuell, 05. M\u00e4rz 2016<br \/>\n<a href=\"http:\/\/swrmediathek.de\/player.htm?show=243b4ec0-d809-11e5-bccf-0026b975e0ea\" target=\"_blank\" rel=\"noopener\">SWR Fernsehbericht: <strong>Landesart vom 20. Februar 2016<\/strong>,<\/a><img loading=\"lazy\" decoding=\"async\" title=\"Arp_movie\" src=\"http:\/\/www.johannasmiatek.com\/wp-content\/uploads\/Arp_movie.jpg\" alt=\"\" width=\"227\" height=\"142\"\/><\/p>\n<p style=\"margin-top: -1em; font-size: 100%;\">Eyleen Beetlewood: <strong>Must-have, Johanna Smiatek im Museum Fluxus+<\/strong>, Friedrich, Januar 2016<br \/>\nBrigitte Geiselhart: <strong>Alles eine Frage des Blickwinkels<\/strong>, In: S\u00fcdkurier, 02. Januar 2016<\/p>\n<\/td>\n<\/tr>\n<tr style=\"vertical-align: top;\">\n<td width=\"200px\">2015<\/td>\n<td>Ulrike Bletzer: <strong>K\u00fcnstler zeigen Fingerfertigkeit in Balmoral<\/strong>, Rhein-Lahn-Zeitung, 14.12.2015<br \/>\nSWR Fernsehbericht: <strong>Dada in Schloss Balmoral<\/strong>, 11. Dezember 2015<div id=\"wpfp_e6c057ca991e6c516dc256706e2fdc18\" data-item=\"{&quot;sources&quot;:[{&quot;src&quot;:&quot;http:\\\/\\\/www.johannasmiatek.com\\\/wp-content\\\/uploads\\\/Balmoral.mp4&quot;,&quot;type&quot;:&quot;video\\\/mp4&quot;}],&quot;splash&quot;:&quot;http:\\\/\\\/www.johannasmiatek.com\\\/wp-content\\\/uploads\\\/Goldnuggets_Klein-1.jpg&quot;}\" class=\"flowplayer no-brand is-splash is-paused skin-slim no-svg fp-slim fp-edgy\" style=\"position:relative; max-width: 240px; max-height: 135px; \" data-ratio=\"0.5625\" data-advance=\"false\">\n\t<div class=\"fp-ratio\" style=\"padding-top: 56.25%\"><\/div>\n\t<img decoding=\"async\" class=\"fp-splash\" alt=\"video\" src=\"http:\/\/www.johannasmiatek.com\/wp-content\/uploads\/Goldnuggets_Klein-1.jpg\" style=\"position:absolute;top:0;width:100%\" \/>\n\t<div class=\"fp-ui\"><noscript>Please enable JavaScript<\/noscript><div class=\"fp-play fp-visible\"><svg class=\"fp-play-sharp-fill\" xmlns=\"http:\/\/www.w3.org\/2000\/svg\" viewBox=\"0 0 100 100\"><defs><style>.fp-color-play{opacity:0.65;}.controlbutton{fill:#fff;}<\/style><\/defs><title>play-sharp-fill<\/title><path class=\"fp-color-play\" d=\"M49.9217-.078a50,50,0,1,0,50,50A50.0564,50.0564,0,0,0,49.9217-.078Z\"\/><polygon class=\"controlbutton\" points=\"73.601 50 37.968 70.573 37.968 29.427 73.601 50\" filter=\"url(#f1)\"\/><\/svg><\/div><div class=\"fp-preload\"><b><\/b><b><\/b><b><\/b><b><\/b><\/div><\/div>\n\n<\/div>\n<\/td>\n<\/tr>\n<tr style=\"vertical-align: top;\">\n<td width=\"200px\">2014<\/td>\n<td><a href=\"http:\/\/www.tagesspiegel.de\/kultur\/ausstellung-rapunzel-undco-bei-bonn-von-babylon-nach-ground-zero\/10241444.html\" target=\"_blank\" rel=\"noopener\">Ulla F\u00f6lsing: <strong>Von Babylon nach Ground Zero<\/strong>, In: Tagesspiegel Berlin, 24.07.2014<\/a><br \/>\nLea Rieck: <strong>Von Babel bis New York<\/strong>, In: Architectual Digest, 31.01.2014<\/td>\n<\/tr>\n<tr style=\"vertical-align: top;\">\n<td width=\"200px\">2013<\/td>\n<td>Franziska Hof: <strong>Macht. Wahn. Vision.<\/strong> Heilbronner Stadtzeitung, 31.10.2013<br \/>\n<a href=\"http:\/\/www.kunstmarkt.com\/pagesmag\/kunst\/_id301083-\/news_detail.html?_q=%20\" target=\"_blank\" rel=\"noopener\">Kira Graser: <strong>Macht, Wahn und Vision in Heilbronn<\/strong>, kunstmarkt.com, 29.10.2013<\/a><br \/>\nKatja Schlonski: <strong>&#8220;T\u00fcrme als Symbol der Macht&#8221;<\/strong>, SWR, 25.10.2013<br \/>\nFlux FM in der Sendereihe &#8220;Radio Arty&#8221;: 08. August 2013<br \/>\nRADIOSENDUNG \u00fcber die Ausstellung &#8220;Schau Fenster Schau&#8221; im SchauFenster Berlin<\/td>\n<\/tr>\n<tr>\n<td>&nbsp;<\/td>\n<td><!--[if lt IE 9]><script>document.createElement('audio');<\/script><![endif]-->\n<audio class=\"wp-audio-shortcode\" id=\"audio-18-1\" preload=\"none\" style=\"width: 100%;\" controls=\"controls\"><source type=\"audio\/mpeg\" src=\"http:\/\/johannasmiatek.com\/wp-content\/uploads\/radio_arty08082013.mp3?_=1\" \/><a href=\"http:\/\/johannasmiatek.com\/wp-content\/uploads\/radio_arty08082013.mp3\">http:\/\/johannasmiatek.com\/wp-content\/uploads\/radio_arty08082013.mp3<\/a><\/audio><\/td>\n<\/tr>\n<tr style=\"vertical-align: top;\">\n<td>2012<\/td>\n<td><a href=\"http:\/\/www.tt.com\/\u00dcberblick\/5783026-42\/viel-zu-sch\u00f6n-f\u00fcr-diese-welt.csp\" target=\"_blank\" rel=\"noopener\">Ivona Jelcic: <strong>Viel zu sch\u00f6n f\u00fcr diese Welt<\/strong>, Tiroler Tageszeitung, 30. November 2012<\/a><br \/>\nORF Fernsehbericht, 29.11.2012:<div id=\"wpfp_8ed5c5e2bc907cbf962116c487916204\" data-item=\"{&quot;sources&quot;:[{&quot;src&quot;:&quot;http:\\\/\\\/johannasmiatek.com\\\/wp-content\\\/uploads\\\/TV_Austria.mp4&quot;,&quot;type&quot;:&quot;video\\\/mp4&quot;}],&quot;splash&quot;:&quot;http:\\\/\\\/johannasmiatek.com\\\/wp-content\\\/uploads\\\/tv.jpg&quot;}\" class=\"flowplayer no-brand is-splash is-paused skin-slim no-svg fp-slim fp-edgy\" style=\"position:relative; max-width: 50%; max-height: 100%; \" data-ratio=\"0.5625\" data-advance=\"false\">\n\t<div class=\"fp-ratio\" style=\"padding-top: 56.25%\"><\/div>\n\t<img decoding=\"async\" class=\"fp-splash\" alt=\"video\" src=\"http:\/\/johannasmiatek.com\/wp-content\/uploads\/tv.jpg\" style=\"position:absolute;top:0;width:100%\" \/>\n\t<div class=\"fp-ui\"><noscript>Please enable JavaScript<\/noscript><div class=\"fp-play fp-visible\"><svg class=\"fp-play-sharp-fill\" xmlns=\"http:\/\/www.w3.org\/2000\/svg\" viewBox=\"0 0 100 100\"><defs><style>.fp-color-play{opacity:0.65;}.controlbutton{fill:#fff;}<\/style><\/defs><title>play-sharp-fill<\/title><path class=\"fp-color-play\" d=\"M49.9217-.078a50,50,0,1,0,50,50A50.0564,50.0564,0,0,0,49.9217-.078Z\"\/><polygon class=\"controlbutton\" points=\"73.601 50 37.968 70.573 37.968 29.427 73.601 50\" filter=\"url(#f1)\"\/><\/svg><\/div><div class=\"fp-preload\"><b><\/b><b><\/b><b><\/b><b><\/b><\/div><\/div>\n\n<\/div>\n<\/td>\n<\/tr>\n<tr>\n<td>2010<\/td>\n<td><a href=\"http:\/\/www.kunstforum.de\/login.aspx?ReturnUrl=%2fintern%2fartikel.aspx%3fz%3div%26a%3d204504%26li%3di&amp;z=iv&amp;a=204504&amp;li=i\" target=\"_blank\" rel=\"noopener\"><strong>Kunstforum International<\/strong>, Bd. 204. Rohkunstbau XVII. Von Matthias Reichelt<\/a><\/td>\n<\/tr>\n<tr>\n<td>2009<\/td>\n<td><a href=\"http:\/\/www.kunstforum.de\/login.aspx?ReturnUrl=%2fintern%2fartikel.aspx%3fz%3div%26a%3d199508%26li%3di&amp;z=iv&amp;a=199508&amp;li=i\" target=\"_blank\" rel=\"noopener\"><strong>Kunstforum International<\/strong>, Bd. 199. Romantische Maschinen. Von Johannes Wendland<\/a><\/td>\n<\/tr>\n<tr>\n<td>2008<\/td>\n<td><a href=\"http:\/\/www.tagesspiegel.de\/kultur\/subjektive-selbstvermessung\/1825230.html\" target=\"_blank\" rel=\"noopener\">Thea Herold: Subjektive Selbstvermessung. In: <strong>Tagesspiegel Berlin<\/strong>, 14.06.2008<\/a><a href=\"http:\/\/blogs.taz.de\/schroederkalender\/2008\/06\/10\/gute-kunst-2\/\" target=\"_blank\" rel=\"noopener\"><br \/>\nBarbara Kalender, J\u00f6rg Schr\u00f6der: <strong>Gute Kunst.<\/strong> In<strong>: <\/strong>blogs.taz.de, 10.06.2008<\/a><\/td>\n<\/tr>\n<\/tbody>\n<\/table>\n<p><\/p>","protected":false},"excerpt":{"rendered":"<p>&nbsp;<\/p>\n<p>(Auswahl ab 2007)<\/p>\n<p>2021<br \/>\n<strong>Zagreus Projekt, 2000-2020<\/strong>, Hrsg. Ulrich Krauss, Zagreus Projekt, Berlin<\/p>\n<p>2016<br \/>\n<a href=\"http:\/\/www.artistbooks.de\/\" target=\"_blank\" rel=\"noopener\"><strong>museum FLUXUS+ atrium, Sonderausstellungen 2008-2016<\/strong>, Hrsg. Heinrich Liman \/ Pia Nimpsch, museum FLUXUS+, Potsdam 2016 (Ausstellungskatalog)<\/a><br \/>\n<a href=\"https:\/\/www.salon-verlag.de\/book\/flugfische-und-seepferdchen\/\" target=\"_blank\" rel=\"noopener\"><strong>Seepferdchen und Flugfische,<\/strong><\/a><span class=\"ellipsis\">&hellip;<\/span><\/p>\n<div class=\"read-more\"><a href=\"https:\/\/www.johannasmiatek.com\/de\/bibliografie\/\">Weiterlesen \u203a<\/a><\/div>\n<p><!-- end of .read-more --><\/p>\n","protected":false},"author":4,"featured_media":1291,"parent":0,"menu_order":4,"comment_status":"closed","ping_status":"open","template":"full-width-page.php","meta":{"ngg_post_thumbnail":0,"footnotes":""},"_links":{"self":[{"href":"https:\/\/www.johannasmiatek.com\/de\/wp-json\/wp\/v2\/pages\/18"}],"collection":[{"href":"https:\/\/www.johannasmiatek.com\/de\/wp-json\/wp\/v2\/pages"}],"about":[{"href":"https:\/\/www.johannasmiatek.com\/de\/wp-json\/wp\/v2\/types\/page"}],"author":[{"embeddable":true,"href":"https:\/\/www.johannasmiatek.com\/de\/wp-json\/wp\/v2\/users\/4"}],"replies":[{"embeddable":true,"href":"https:\/\/www.johannasmiatek.com\/de\/wp-json\/wp\/v2\/comments?post=18"}],"version-history":[{"count":238,"href":"https:\/\/www.johannasmiatek.com\/de\/wp-json\/wp\/v2\/pages\/18\/revisions"}],"predecessor-version":[{"id":3891,"href":"https:\/\/www.johannasmiatek.com\/de\/wp-json\/wp\/v2\/pages\/18\/revisions\/3891"}],"wp:featuredmedia":[{"embeddable":true,"href":"https:\/\/www.johannasmiatek.com\/de\/wp-json\/wp\/v2\/media\/1291"}],"wp:attachment":[{"href":"https:\/\/www.johannasmiatek.com\/de\/wp-json\/wp\/v2\/media?parent=18"}],"curies":[{"name":"wp","href":"https:\/\/api.w.org\/{rel}","templated":true}]}}