{"id":1358,"date":"2016-10-06T21:08:07","date_gmt":"2016-10-06T19:08:07","guid":{"rendered":"http:\/\/www.johannasmiatek.com\/?page_id=1358"},"modified":"2024-01-17T11:20:31","modified_gmt":"2024-01-17T10:20:31","slug":"love-machine","status":"publish","type":"page","link":"https:\/\/www.johannasmiatek.com\/de\/love-machine\/","title":{"rendered":"Love Machine"},"content":{"rendered":"<p><!-- index.php -->\n<div\n\tclass=\"ngg-galleryoverview\n\t ngg-ajax-pagination-none\t\"\n\tid=\"ngg-gallery-8bc65c3d12c3817956fe6ed6c7fb8eb7-1\">\n\n\t\t\t<!-- Thumbnails -->\n\t\t\t\t<div id=\"ngg-image-0\" class=\"ngg-gallery-thumbnail-box\" \n\t\t\t\t\t\t\t\t\t\t\t>\n\t\t\t\t\t\t<div class=\"ngg-gallery-thumbnail\">\n\t\t\t<a href=\"https:\/\/www.johannasmiatek.com\/wp-content\/gallery\/lovemachine-20152016\/lm_0077_3.jpg\"\n\t\t\t\ttitle=\"Love Machine\"\n\t\t\t\tdata-src=\"https:\/\/www.johannasmiatek.com\/wp-content\/gallery\/lovemachine-20152016\/lm_0077_3.jpg\"\n\t\t\t\tdata-thumbnail=\"https:\/\/www.johannasmiatek.com\/wp-content\/gallery\/lovemachine-20152016\/thumbs\/thumbs_lm_0077_3.jpg\"\n\t\t\t\tdata-image-id=\"522\"\n\t\t\t\tdata-title=\"Love Machine\"\n\t\t\t\tdata-description=\"Love Machine\"\n\t\t\t\tdata-image-slug=\"love-machine\"\n\t\t\t\tclass=\"ngg-simplelightbox\" rel=\"8bc65c3d12c3817956fe6ed6c7fb8eb7\">\n\t\t\t\t<img\n\t\t\t\t\ttitle=\"Love Machine\"\n\t\t\t\t\talt=\"Love Machine\"\n\t\t\t\t\tsrc=\"https:\/\/www.johannasmiatek.com\/wp-content\/gallery\/lovemachine-20152016\/thumbs\/thumbs_lm_0077_3.jpg\"\n\t\t\t\t\twidth=\"239\"\n\t\t\t\t\theight=\"200\"\n\t\t\t\t\tstyle=\"max-width:100%;\"\n\t\t\t\t\/>\n\t\t\t<\/a>\n\t\t<\/div>\n\t\t\t\t\t\t\t<\/div> \n\t\t\t\n\t\t\n\t\t\t\t<div id=\"ngg-image-1\" class=\"ngg-gallery-thumbnail-box\" \n\t\t\t\t\t\t\t\t\t\t\t>\n\t\t\t\t\t\t<div class=\"ngg-gallery-thumbnail\">\n\t\t\t<a href=\"https:\/\/www.johannasmiatek.com\/wp-content\/gallery\/lovemachine-20152016\/lm_0077_2.jpg\"\n\t\t\t\ttitle=\"Love Machine,\r\nAusstellungsansicht: \u201cMOST WANTED - Hier finden Sie das Glu\u0308ck\u201d, Berlin\r\n\"\n\t\t\t\tdata-src=\"https:\/\/www.johannasmiatek.com\/wp-content\/gallery\/lovemachine-20152016\/lm_0077_2.jpg\"\n\t\t\t\tdata-thumbnail=\"https:\/\/www.johannasmiatek.com\/wp-content\/gallery\/lovemachine-20152016\/thumbs\/thumbs_lm_0077_2.jpg\"\n\t\t\t\tdata-image-id=\"521\"\n\t\t\t\tdata-title=\"Love Machine\"\n\t\t\t\tdata-description=\"Love Machine,\r\nAusstellungsansicht: \u201cMOST WANTED - Hier finden Sie das Glu\u0308ck\u201d, Berlin\r\n\"\n\t\t\t\tdata-image-slug=\"love-machine-2\"\n\t\t\t\tclass=\"ngg-simplelightbox\" rel=\"8bc65c3d12c3817956fe6ed6c7fb8eb7\">\n\t\t\t\t<img\n\t\t\t\t\ttitle=\"Love Machine\"\n\t\t\t\t\talt=\"Love Machine\"\n\t\t\t\t\tsrc=\"https:\/\/www.johannasmiatek.com\/wp-content\/gallery\/lovemachine-20152016\/thumbs\/thumbs_lm_0077_2.jpg\"\n\t\t\t\t\twidth=\"298\"\n\t\t\t\t\theight=\"200\"\n\t\t\t\t\tstyle=\"max-width:100%;\"\n\t\t\t\t\/>\n\t\t\t<\/a>\n\t\t<\/div>\n\t\t\t\t\t\t\t<\/div> \n\t\t\t\n\t\t\n\t\t\t\t<div id=\"ngg-image-2\" class=\"ngg-gallery-thumbnail-box\" \n\t\t\t\t\t\t\t\t\t\t\t>\n\t\t\t\t\t\t<div class=\"ngg-gallery-thumbnail\">\n\t\t\t<a href=\"https:\/\/www.johannasmiatek.com\/wp-content\/gallery\/lovemachine-20152016\/lm_0081_2.jpg\"\n\t\t\t\ttitle=\"Love Machine\"\n\t\t\t\tdata-src=\"https:\/\/www.johannasmiatek.com\/wp-content\/gallery\/lovemachine-20152016\/lm_0081_2.jpg\"\n\t\t\t\tdata-thumbnail=\"https:\/\/www.johannasmiatek.com\/wp-content\/gallery\/lovemachine-20152016\/thumbs\/thumbs_lm_0081_2.jpg\"\n\t\t\t\tdata-image-id=\"523\"\n\t\t\t\tdata-title=\"Love Machine\"\n\t\t\t\tdata-description=\"Love Machine\"\n\t\t\t\tdata-image-slug=\"love-machine-3\"\n\t\t\t\tclass=\"ngg-simplelightbox\" rel=\"8bc65c3d12c3817956fe6ed6c7fb8eb7\">\n\t\t\t\t<img\n\t\t\t\t\ttitle=\"Love Machine\"\n\t\t\t\t\talt=\"Love Machine\"\n\t\t\t\t\tsrc=\"https:\/\/www.johannasmiatek.com\/wp-content\/gallery\/lovemachine-20152016\/thumbs\/thumbs_lm_0081_2.jpg\"\n\t\t\t\t\twidth=\"133\"\n\t\t\t\t\theight=\"200\"\n\t\t\t\t\tstyle=\"max-width:100%;\"\n\t\t\t\t\/>\n\t\t\t<\/a>\n\t\t<\/div>\n\t\t\t\t\t\t\t<\/div> \n\t\t\t\n\t\t\n\t\t\t\t<div id=\"ngg-image-3\" class=\"ngg-gallery-thumbnail-box\" \n\t\t\t\t\t\t\t\t\t\t\t>\n\t\t\t\t\t\t<div class=\"ngg-gallery-thumbnail\">\n\t\t\t<a href=\"https:\/\/www.johannasmiatek.com\/wp-content\/gallery\/lovemachine-20152016\/zeichnung_lm_.jpg\"\n\t\t\t\ttitle=\"Love Machine, Zeichnung, Buntstift und Acryl auf Papier\"\n\t\t\t\tdata-src=\"https:\/\/www.johannasmiatek.com\/wp-content\/gallery\/lovemachine-20152016\/zeichnung_lm_.jpg\"\n\t\t\t\tdata-thumbnail=\"https:\/\/www.johannasmiatek.com\/wp-content\/gallery\/lovemachine-20152016\/thumbs\/thumbs_zeichnung_lm_.jpg\"\n\t\t\t\tdata-image-id=\"591\"\n\t\t\t\tdata-title=\"Love Machine\"\n\t\t\t\tdata-description=\"Love Machine, Zeichnung, Buntstift und Acryl auf Papier\"\n\t\t\t\tdata-image-slug=\"love-machine-4\"\n\t\t\t\tclass=\"ngg-simplelightbox\" rel=\"8bc65c3d12c3817956fe6ed6c7fb8eb7\">\n\t\t\t\t<img\n\t\t\t\t\ttitle=\"Love Machine\"\n\t\t\t\t\talt=\"Love Machine\"\n\t\t\t\t\tsrc=\"https:\/\/www.johannasmiatek.com\/wp-content\/gallery\/lovemachine-20152016\/thumbs\/thumbs_zeichnung_lm_.jpg\"\n\t\t\t\t\twidth=\"282\"\n\t\t\t\t\theight=\"200\"\n\t\t\t\t\tstyle=\"max-width:100%;\"\n\t\t\t\t\/>\n\t\t\t<\/a>\n\t\t<\/div>\n\t\t\t\t\t\t\t<\/div> \n\t\t\t\n\t\t\n\t\t\n\t\t<!-- Pagination -->\n\t\t<div class='ngg-clear'><\/div>\t<\/div>\n\n<div id=\"wpfp_8895955cc8b2f7436f3778e7ac5bdc96\" data-item=\"{&quot;sources&quot;:[{&quot;src&quot;:&quot;http:\\\/\\\/www.johannasmiatek.com\\\/wp-content\\\/uploads\\\/LoveMachine_aktuell2.mp4&quot;,&quot;type&quot;:&quot;video\\\/mp4&quot;}],&quot;splash&quot;:&quot;http:\\\/\\\/www.johannasmiatek.com\\\/wp-content\\\/uploads\\\/LMlast.jpg&quot;}\" class=\"flowplayer no-brand is-splash is-paused skin-slim no-svg fp-slim fp-edgy\" style=\"position:relative; max-width: 500px; max-height: 280px; \" data-ratio=\"0.56\" data-advance=\"false\">\n\t<div class=\"fp-ratio\" style=\"padding-top: 56%\"><\/div>\n\t<img decoding=\"async\" class=\"fp-splash\" alt=\"video\" src=\"http:\/\/www.johannasmiatek.com\/wp-content\/uploads\/LMlast.jpg\" style=\"position:absolute;top:0;width:100%\" \/>\n\t<div class=\"fp-ui\"><noscript>Please enable JavaScript<\/noscript><div class=\"fp-play fp-visible\"><svg class=\"fp-play-sharp-fill\" xmlns=\"http:\/\/www.w3.org\/2000\/svg\" viewBox=\"0 0 100 100\"><defs><style>.fp-color-play{opacity:0.65;}.controlbutton{fill:#fff;}<\/style><\/defs><title>play-sharp-fill<\/title><path class=\"fp-color-play\" d=\"M49.9217-.078a50,50,0,1,0,50,50A50.0564,50.0564,0,0,0,49.9217-.078Z\"\/><polygon class=\"controlbutton\" points=\"73.601 50 37.968 70.573 37.968 29.427 73.601 50\" filter=\"url(#f1)\"\/><\/svg><\/div><div class=\"fp-preload\"><b><\/b><b><\/b><b><\/b><b><\/b><\/div><\/div>\n\n<\/div>\n\n<p>&nbsp;<\/p>\n<p><span class=\"Apple-style-span\" style=\"font-weight: bold;\">Love Machine<\/span><br \/>\ndunkelroter Samt, lackiertes Holz, Wasser,\u2028 Seifenblasenmaschine, Spezialfl\u00fcssigkeit mit Pheromonen \u2028(synthetisch erzeugte menschliche Sexuallockstoffe)<br \/>\nGr\u00f6\u00dfe variabel, 700 x 300 x 50 cm<br \/>\nAusstellungsansicht: \u201cMOST WANTED &#8211; Hier finden Sie das Gl\u00fcck\u201d, Berlin<\/p>\n<p>In der Ausstellung MOST WANTED werden verschiedene Formen der &#8220;Gl\u00fcckssuche&#8221; und Versprechungen aus den Medien, dem Internet und der Werbung aufgezeigt.<br \/>\nGl\u00fcck, nicht als realer Zustand, sondern als virtuelles &#8220;Konsumgut&#8221;.<br \/>\nIm Zentrum der Ausstellung steht die <strong><em>Love Machine<\/em><\/strong>, eine interaktive Rauminstallation, die jedem Besucher einen kurzen Moment des Gl\u00fccks beschert.<br \/>\nDer Vorhang dient als B\u00fchne f\u00fcr die <strong><em>Love Machine<\/em><\/strong> und den Besucher.<br \/>\nWenn sich der Betrachter der Arbeit n\u00e4hert, die B\u00fchne betritt, produziert die <strong><em>Love Machine<\/em><\/strong>, ausgel\u00f6st durch einen Bewegungssensor, tausende Seifenblasen, die sie in die Luft schleudert.<br \/>\nDie Seifenblasen sind angereichert mit synthetisch erzeugten menschlichen Pheromonen (Sexual-Lockstoffe), die ein Gl\u00fccksgef\u00fchl hervorrufen k\u00f6nnen.<br \/>\nDie Seifenblase selbst als ein Symbol f\u00fcr Verg\u00e4nglichkeit von Leben und Liebe.<\/p>\n<div><span class=\"Apple-style-span\" style=\"font-size: 10px;\"><br \/>\n<\/span><\/div>\n<p>&nbsp;<\/p>","protected":false},"excerpt":{"rendered":"<\/p>\n<p style=\"float: left; margin: 0pt 50px 40px 0pt;\">\n<p>&nbsp;<\/p>\n<p><span class=\"Apple-style-span\" style=\"font-weight: bold;\">Love Machine<\/span><br \/>\ndunkelroter Samt, lackiertes Holz, Wasser,\u2028 Seifenblasenmaschine, Spezialfl\u00fcssigkeit mit Pheromonen \u2028(synthetisch erzeugte menschliche Sexuallockstoffe)<br \/>\nGr\u00f6\u00dfe variabel, 700 x 300 x 50 cm<br \/>\nAusstellungsansicht: \u201cMOST WANTED &#8211; Hier finden Sie das Gl\u00fcck\u201d,<\/p>\n<p><span class=\"ellipsis\">&hellip;<\/span><\/p>\n<div class=\"read-more\"><a href=\"https:\/\/www.johannasmiatek.com\/de\/love-machine\/\">Weiterlesen \u203a<\/a><\/div>\n<p><!-- end of .read-more --><\/p>\n","protected":false},"author":4,"featured_media":3591,"parent":0,"menu_order":0,"comment_status":"closed","ping_status":"closed","template":"full-width-page.php","meta":{"ngg_post_thumbnail":0,"footnotes":""},"_links":{"self":[{"href":"https:\/\/www.johannasmiatek.com\/de\/wp-json\/wp\/v2\/pages\/1358"}],"collection":[{"href":"https:\/\/www.johannasmiatek.com\/de\/wp-json\/wp\/v2\/pages"}],"about":[{"href":"https:\/\/www.johannasmiatek.com\/de\/wp-json\/wp\/v2\/types\/page"}],"author":[{"embeddable":true,"href":"https:\/\/www.johannasmiatek.com\/de\/wp-json\/wp\/v2\/users\/4"}],"replies":[{"embeddable":true,"href":"https:\/\/www.johannasmiatek.com\/de\/wp-json\/wp\/v2\/comments?post=1358"}],"version-history":[{"count":78,"href":"https:\/\/www.johannasmiatek.com\/de\/wp-json\/wp\/v2\/pages\/1358\/revisions"}],"predecessor-version":[{"id":3603,"href":"https:\/\/www.johannasmiatek.com\/de\/wp-json\/wp\/v2\/pages\/1358\/revisions\/3603"}],"wp:featuredmedia":[{"embeddable":true,"href":"https:\/\/www.johannasmiatek.com\/de\/wp-json\/wp\/v2\/media\/3591"}],"wp:attachment":[{"href":"https:\/\/www.johannasmiatek.com\/de\/wp-json\/wp\/v2\/media?parent=1358"}],"curies":[{"name":"wp","href":"https:\/\/api.w.org\/{rel}","templated":true}]}}