{"id":123,"date":"2012-03-10T14:21:40","date_gmt":"2012-03-10T13:21:40","guid":{"rendered":"http:\/\/johannasmiatek.com\/new\/?page_id=123"},"modified":"2019-03-31T16:37:03","modified_gmt":"2019-03-31T14:37:03","slug":"bar","status":"publish","type":"page","link":"https:\/\/www.johannasmiatek.com\/de\/arbeiten\/bar\/","title":{"rendered":"Bar"},"content":{"rendered":"<p><\/p><!-- index.php -->\n<div\n\tclass=\"ngg-galleryoverview\n\t ngg-ajax-pagination-none\t\"\n\tid=\"ngg-gallery-f725e7ea3d507eb706bd238891607dcb-1\">\n\n\t\t\t<!-- Thumbnails -->\n\t\t\t\t<div id=\"ngg-image-0\" class=\"ngg-gallery-thumbnail-box\" \n\t\t\t\t\t\t\t\t\t\t\t>\n\t\t\t\t\t\t<div class=\"ngg-gallery-thumbnail\">\n\t\t\t<a href=\"https:\/\/www.johannasmiatek.com\/wp-content\/gallery\/bar\/bar_1.jpg\"\n\t\t\t\ttitle=\"Bar, 2008\"\n\t\t\t\tdata-src=\"https:\/\/www.johannasmiatek.com\/wp-content\/gallery\/bar\/bar_1.jpg\"\n\t\t\t\tdata-thumbnail=\"https:\/\/www.johannasmiatek.com\/wp-content\/gallery\/bar\/thumbs\/thumbs_bar_1.jpg\"\n\t\t\t\tdata-image-id=\"110\"\n\t\t\t\tdata-title=\"bar_1\"\n\t\t\t\tdata-description=\"Bar, 2008\"\n\t\t\t\tdata-image-slug=\"image-8\"\n\t\t\t\tclass=\"ngg-simplelightbox\" rel=\"f725e7ea3d507eb706bd238891607dcb\">\n\t\t\t\t<img\n\t\t\t\t\ttitle=\"bar_1\"\n\t\t\t\t\talt=\"bar_1\"\n\t\t\t\t\tsrc=\"https:\/\/www.johannasmiatek.com\/wp-content\/gallery\/bar\/thumbs\/thumbs_bar_1.jpg\"\n\t\t\t\t\twidth=\"262\"\n\t\t\t\t\theight=\"200\"\n\t\t\t\t\tstyle=\"max-width:100%;\"\n\t\t\t\t\/>\n\t\t\t<\/a>\n\t\t<\/div>\n\t\t\t\t\t\t\t<\/div> \n\t\t\t\n\t\t\n\t\t\t\t<div id=\"ngg-image-1\" class=\"ngg-gallery-thumbnail-box\" \n\t\t\t\t\t\t\t\t\t\t\t>\n\t\t\t\t\t\t<div class=\"ngg-gallery-thumbnail\">\n\t\t\t<a href=\"https:\/\/www.johannasmiatek.com\/wp-content\/gallery\/bar\/bar_2.jpg\"\n\t\t\t\ttitle=\"Bar, 2008 - Die Bar halb ge\u00f6ffnet.\"\n\t\t\t\tdata-src=\"https:\/\/www.johannasmiatek.com\/wp-content\/gallery\/bar\/bar_2.jpg\"\n\t\t\t\tdata-thumbnail=\"https:\/\/www.johannasmiatek.com\/wp-content\/gallery\/bar\/thumbs\/thumbs_bar_2.jpg\"\n\t\t\t\tdata-image-id=\"111\"\n\t\t\t\tdata-title=\"bar_2\"\n\t\t\t\tdata-description=\"Bar, 2008 - Die Bar halb ge\u00f6ffnet.\"\n\t\t\t\tdata-image-slug=\"image-3\"\n\t\t\t\tclass=\"ngg-simplelightbox\" rel=\"f725e7ea3d507eb706bd238891607dcb\">\n\t\t\t\t<img\n\t\t\t\t\ttitle=\"bar_2\"\n\t\t\t\t\talt=\"bar_2\"\n\t\t\t\t\tsrc=\"https:\/\/www.johannasmiatek.com\/wp-content\/gallery\/bar\/thumbs\/thumbs_bar_2.jpg\"\n\t\t\t\t\twidth=\"262\"\n\t\t\t\t\theight=\"200\"\n\t\t\t\t\tstyle=\"max-width:100%;\"\n\t\t\t\t\/>\n\t\t\t<\/a>\n\t\t<\/div>\n\t\t\t\t\t\t\t<\/div> \n\t\t\t\n\t\t\n\t\t\t\t<div id=\"ngg-image-2\" class=\"ngg-gallery-thumbnail-box\" \n\t\t\t\t\t\t\t\t\t\t\t>\n\t\t\t\t\t\t<div class=\"ngg-gallery-thumbnail\">\n\t\t\t<a href=\"https:\/\/www.johannasmiatek.com\/wp-content\/gallery\/bar\/bar_3.jpg\"\n\t\t\t\ttitle=\"Bar, 2008\"\n\t\t\t\tdata-src=\"https:\/\/www.johannasmiatek.com\/wp-content\/gallery\/bar\/bar_3.jpg\"\n\t\t\t\tdata-thumbnail=\"https:\/\/www.johannasmiatek.com\/wp-content\/gallery\/bar\/thumbs\/thumbs_bar_3.jpg\"\n\t\t\t\tdata-image-id=\"112\"\n\t\t\t\tdata-title=\"bar_3\"\n\t\t\t\tdata-description=\"Bar, 2008\"\n\t\t\t\tdata-image-slug=\"image-4\"\n\t\t\t\tclass=\"ngg-simplelightbox\" rel=\"f725e7ea3d507eb706bd238891607dcb\">\n\t\t\t\t<img\n\t\t\t\t\ttitle=\"bar_3\"\n\t\t\t\t\talt=\"bar_3\"\n\t\t\t\t\tsrc=\"https:\/\/www.johannasmiatek.com\/wp-content\/gallery\/bar\/thumbs\/thumbs_bar_3.jpg\"\n\t\t\t\t\twidth=\"262\"\n\t\t\t\t\theight=\"200\"\n\t\t\t\t\tstyle=\"max-width:100%;\"\n\t\t\t\t\/>\n\t\t\t<\/a>\n\t\t<\/div>\n\t\t\t\t\t\t\t<\/div> \n\t\t\t\n\t\t\n\t\t\t\t<div id=\"ngg-image-3\" class=\"ngg-gallery-thumbnail-box\" \n\t\t\t\t\t\t\t\t\t\t\t>\n\t\t\t\t\t\t<div class=\"ngg-gallery-thumbnail\">\n\t\t\t<a href=\"https:\/\/www.johannasmiatek.com\/wp-content\/gallery\/bar\/bar_detail.jpg\"\n\t\t\t\ttitle=\"Bar, 2008 - Detail\"\n\t\t\t\tdata-src=\"https:\/\/www.johannasmiatek.com\/wp-content\/gallery\/bar\/bar_detail.jpg\"\n\t\t\t\tdata-thumbnail=\"https:\/\/www.johannasmiatek.com\/wp-content\/gallery\/bar\/thumbs\/thumbs_bar_detail.jpg\"\n\t\t\t\tdata-image-id=\"113\"\n\t\t\t\tdata-title=\"bar_detail\"\n\t\t\t\tdata-description=\"Bar, 2008 - Detail\"\n\t\t\t\tdata-image-slug=\"image-5\"\n\t\t\t\tclass=\"ngg-simplelightbox\" rel=\"f725e7ea3d507eb706bd238891607dcb\">\n\t\t\t\t<img\n\t\t\t\t\ttitle=\"bar_detail\"\n\t\t\t\t\talt=\"bar_detail\"\n\t\t\t\t\tsrc=\"https:\/\/www.johannasmiatek.com\/wp-content\/gallery\/bar\/thumbs\/thumbs_bar_detail.jpg\"\n\t\t\t\t\twidth=\"143\"\n\t\t\t\t\theight=\"200\"\n\t\t\t\t\tstyle=\"max-width:100%;\"\n\t\t\t\t\/>\n\t\t\t<\/a>\n\t\t<\/div>\n\t\t\t\t\t\t\t<\/div> \n\t\t\t\n\t\t\n\t\t\n\t\t<!-- Pagination -->\n\t\t<div class='ngg-clear'><\/div>\t<\/div>\n<div id=\"wpfp_aecb740b70f161447f88a01083e5d9f6\" data-item=\"{&quot;sources&quot;:[{&quot;src&quot;:&quot;http:\\\/\\\/johannasmiatek.com\\\/wp-content\\\/uploads\\\/Bar_Neu.mp4&quot;,&quot;type&quot;:&quot;video\\\/mp4&quot;}],&quot;splash&quot;:&quot;http:\\\/\\\/johannasmiatek.com\\\/wp-content\\\/gallery\\\/bar\\\/thumbs\\\/thumbs_still_bar.jpg&quot;}\" class=\"flowplayer no-brand is-splash is-paused skin-slim no-svg fp-slim fp-edgy\" style=\"position:relative; max-width: 268px; max-height: 200px; \" data-ratio=\"0.7463\" data-advance=\"false\">\n\t<div class=\"fp-ratio\" style=\"padding-top: 74.63%\"><\/div>\n\t<img decoding=\"async\" class=\"fp-splash\" alt=\"video\" src=\"http:\/\/johannasmiatek.com\/wp-content\/gallery\/bar\/thumbs\/thumbs_still_bar.jpg\" style=\"position:absolute;top:0;width:100%\" \/>\n\t<div class=\"fp-ui\"><noscript>Please enable JavaScript<\/noscript><div class=\"fp-play fp-visible\"><svg class=\"fp-play-sharp-fill\" xmlns=\"http:\/\/www.w3.org\/2000\/svg\" viewBox=\"0 0 100 100\"><defs><style>.fp-color-play{opacity:0.65;}.controlbutton{fill:#fff;}<\/style><\/defs><title>play-sharp-fill<\/title><path class=\"fp-color-play\" d=\"M49.9217-.078a50,50,0,1,0,50,50A50.0564,50.0564,0,0,0,49.9217-.078Z\"\/><polygon class=\"controlbutton\" points=\"73.601 50 37.968 70.573 37.968 29.427 73.601 50\" filter=\"url(#f1)\"\/><\/svg><\/div><div class=\"fp-preload\"><b><\/b><b><\/b><b><\/b><b><\/b><\/div><\/div>\n\n<\/div>\n\n<p><strong>Bar<\/strong>, 2008<br \/>\nMDF, Velours, Gl\u00e4ser, Spiegel, Motoren, Bewegungsmelder<br \/>\nca. 190 x 202 x 76 cm<\/p>\n<p>Im Unterschied zu den weiblichen Rollenklischees, die Johanna Smiatek immer wieder behandelt, zielt <em>Bar <\/em>auf die m\u00e4nnlich besetzte Sph\u00e4re exzessiven Alkoholgenusses, wie er mit privaten Clubs oder Hausbars verbunden ist. Wieder ist die Interaktion mit den Betrachtern \u00fcber einen Bewegungsmelder entscheidend. N\u00e4hert man sich dem mannshohen und mit verschiedenen Gl\u00e4sern gef\u00fcllten Schrankobjekt, fangen die Regalb\u00f6den an zu vibrieren, so dass die Gl\u00e4ser klirrend aneinandersto\u00dfen. In Verwandtschaft zu Wie eine G\u00f6tterspeise auf Beinen und der durch die Schwingungen der Spiegeloberfl\u00e4che hervorgerufenen Unsch\u00e4rfe, geht es um die Widerst\u00e4nde eines Begehrens. In diesem Fall assoziiert man die zitternde Hand eines Trinkers. Gespielt wird auch mit dem Erschrecken der Betrachter, die durch ihre k\u00f6rperliche Anwesenheit vor dem Objekt das klirrende Ger\u00e4usch verursachen. Handelt es sich um die Vorboten eines Erdbebens, dessen Folgen noch nicht abzusehen sind? Johanna Smiateks Phantasie wurde in diesem Punkt angeregt durch die Anfangspassage aus Douglas Adams\u2019 \u2018Per Anhalter durch die Galaxis\u2019 (1979), in der die Erde unvorhergesehen mit ihrer Zerst\u00f6rung durch Au\u00dferirdische konfrontiert wird. Die Frage, die sich die Hauptfigur in dieser Situation gleichsam stellt, ist \u201eSoll man versuchen sich zu retten? Oder lieber noch mal einen Trinken?\u201c. (Zitat: Marc Wellmann)<\/p>\n<p><\/p>","protected":false},"excerpt":{"rendered":"<\/p>\n<p style=\"float: left; margin: 0pt 50px 90px 0pt;\">\n<p><strong>Bar<\/strong>, 2008<br \/>\nMDF, Velours, Gl\u00e4ser, Spiegel, Motoren, Bewegungsmelder<br \/>\nca. 190 x 202 x 76 cm<\/p>\n<p>Im Unterschied zu den weiblichen Rollenklischees, die Johanna Smiatek immer wieder behandelt, zielt <em>Bar <\/em>auf die m\u00e4nnlich besetzte Sph\u00e4re exzessiven Alkoholgenusses,<\/p>\n<p><span class=\"ellipsis\">&hellip;<\/span><\/p>\n<div class=\"read-more\"><a href=\"https:\/\/www.johannasmiatek.com\/de\/arbeiten\/bar\/\">Weiterlesen \u203a<\/a><\/div>\n<p><!-- end of .read-more --><\/p>\n","protected":false},"author":5,"featured_media":0,"parent":13,"menu_order":0,"comment_status":"closed","ping_status":"closed","template":"full-width-page.php","meta":{"ngg_post_thumbnail":0,"footnotes":""},"_links":{"self":[{"href":"https:\/\/www.johannasmiatek.com\/de\/wp-json\/wp\/v2\/pages\/123"}],"collection":[{"href":"https:\/\/www.johannasmiatek.com\/de\/wp-json\/wp\/v2\/pages"}],"about":[{"href":"https:\/\/www.johannasmiatek.com\/de\/wp-json\/wp\/v2\/types\/page"}],"author":[{"embeddable":true,"href":"https:\/\/www.johannasmiatek.com\/de\/wp-json\/wp\/v2\/users\/5"}],"replies":[{"embeddable":true,"href":"https:\/\/www.johannasmiatek.com\/de\/wp-json\/wp\/v2\/comments?post=123"}],"version-history":[{"count":152,"href":"https:\/\/www.johannasmiatek.com\/de\/wp-json\/wp\/v2\/pages\/123\/revisions"}],"predecessor-version":[{"id":2247,"href":"https:\/\/www.johannasmiatek.com\/de\/wp-json\/wp\/v2\/pages\/123\/revisions\/2247"}],"up":[{"embeddable":true,"href":"https:\/\/www.johannasmiatek.com\/de\/wp-json\/wp\/v2\/pages\/13"}],"wp:attachment":[{"href":"https:\/\/www.johannasmiatek.com\/de\/wp-json\/wp\/v2\/media?parent=123"}],"curies":[{"name":"wp","href":"https:\/\/api.w.org\/{rel}","templated":true}]}}